{"id":10375,"date":"2025-01-14T18:27:20","date_gmt":"2025-01-14T18:27:20","guid":{"rendered":"https:\/\/epi-ups.com.tr\/product\/mtr-rm-40-500kva\/"},"modified":"2025-02-22T18:27:59","modified_gmt":"2025-02-22T18:27:59","slug":"mtr-rm-40-500kva","status":"publish","type":"product","link":"https:\/\/epi-ups.com.tr\/tr\/product\/mtr-rm-40-500kva\/","title":{"rendered":"MTR-RM 40-500kVA"},"content":{"rendered":"<p>MTR-RM 40-500kVA (380V\/400V\/415V)<br \/>\nMod\u00fcler \u00c7evrimi\u00e7i UPS<\/p>\n<p>\u00dcr\u00fcn<\/p>\n<p>RM serisi raf tipi mod\u00fcler, 40kVA&#8217;dan 500kVA&#8217;ya kadar de\u011fi\u015fen \u00f6l\u00e7eklenebilir, s\u0131cak de\u011fi\u015ftirilebilir \u00e7evrimi\u00e7i \u00e7ift d\u00f6n\u00fc\u015f\u00fcml\u00fc UPS&#8217;dir ve orta ve b\u00fcy\u00fck veri merkezleri i\u00e7in maksimum kullan\u0131labilirlik sa\u011flayan kritik y\u00fckleri korumak \u00fczere tasarlanm\u0131\u015ft\u0131r. RM serisi, %96&#8217;l\u0131k y\u00fcksek verimlilik ve ultra g\u00fcvenilirlik sa\u011flayan en son 3 seviyeli teknoloji ve PFC giri\u015f kontrol\u00fc teknolojisine sahiptir. Kompakt tasar\u0131m\u0131, bir kabinde 500kVA g\u00fc\u00e7 yo\u011funlu\u011fu sa\u011flar, 3 \u00fcnite 1500kVA&#8217;ya kadar kapasite veya yedeklilik i\u00e7in paralel ba\u011flanabilir ve bu da onu orta ve b\u00fcy\u00fck tesisler i\u00e7in m\u00fckemmel bir se\u00e7im haline getirir.<\/p>\n<p>\u00d6zellikler:<br \/>\nKompakt tasar\u0131m: Tek bir kabinde 500kVA, 1,45m\u00b2&#8217;den daha az yer kaplayarak de\u011ferli oda alan\u0131ndan tasarruf sa\u011flar<br \/>\nY\u00fcksek g\u00fc\u00e7 yo\u011funlu\u011fu: 4 U y\u00fcksekli\u011finde 50kVA g\u00fc\u00e7 mod\u00fcl\u00fc, kapasite geni\u015fletmesi kolayd\u0131r<br \/>\nY\u00fcksek verimlilik Geli\u015fmi\u015f 3 seviyeli teknoloji, %96&#8217;ya kadar \u00e7ift d\u00f6n\u00fc\u015f\u00fcm modunda y\u00fcksek verimlilikte \u00e7al\u0131\u015fmay\u0131 garanti eder<br \/>\nAk\u0131ll\u0131 \u015farj y\u00f6netimi: Sistem, \u015farj ve de\u015farj\u0131n t\u00fcm s\u00fcrecini ak\u0131ll\u0131ca kontrol ederek pilin \u00f6mr\u00fcn\u00fc etkili bir \u015fekilde iyile\u015ftirir<br \/>\nY\u00fcksek \u00f6l\u00e7eklenebilirlik: Sistem, tek bir kabinde 40kVA&#8217;dan 500kVA&#8217;ya kadar yap\u0131land\u0131r\u0131labilir, 1500kVA&#8217;ya kadar kapasite i\u00e7in paralel 3 \u00fcnite<br \/>\nKullan\u0131\u015fl\u0131 HMI: Grafik ekranl\u0131 10,4 in\u00e7 dokunmatik renkli LCD, her g\u00fc\u00e7 mod\u00fcl\u00fc i\u00e7in ba\u011f\u0131ms\u0131z LCD<br \/>\nAk\u0131ll\u0131 uyku i\u015flevi: Sistem, toplam y\u00fck oran\u0131n\u0131 art\u0131rmak i\u00e7in baz\u0131 g\u00fc\u00e7 mod\u00fcllerini ak\u0131ll\u0131ca kapatabilir ve daha y\u00fcksek verimlilik elde edebilir<br \/>\n\u00c7oklu ileti\u015fim aray\u00fcz\u00fc: RS232, RS485, USB, SNMP, AS400 ve programlanabilir kuru kontaklar<\/p>\n","protected":false},"excerpt":{"rendered":"<p>MTR-RM 40-500kVA (380V\/400V\/415V) Mod\u00fcler \u00c7evrimi\u00e7i UPS \u00dcr\u00fcn RM serisi raf tipi mod\u00fcler, 40kVA&#8217;dan 500kVA&#8217;ya kadar de\u011fi\u015fen \u00f6l\u00e7eklenebilir, s\u0131cak de\u011fi\u015ftirilebilir \u00e7evrimi\u00e7i<\/p>\n","protected":false},"featured_media":10377,"comment_status":"open","ping_status":"closed","template":"","meta":[],"product_cat":[158,179,155],"product_tag":[],"class_list":{"0":"post-10375","1":"product","2":"type-product","3":"status-publish","4":"has-post-thumbnail","6":"product_cat-modular-ups-tr","7":"product_cat-uninteruptible-power-supply-tr","8":"product_cat-ups-tr","10":"first","11":"instock","12":"shipping-taxable","13":"product-type-external"},"_links":{"self":[{"href":"https:\/\/epi-ups.com.tr\/tr\/wp-json\/wp\/v2\/product\/10375","targetHints":{"allow":["GET"]}}],"collection":[{"href":"https:\/\/epi-ups.com.tr\/tr\/wp-json\/wp\/v2\/product"}],"about":[{"href":"https:\/\/epi-ups.com.tr\/tr\/wp-json\/wp\/v2\/types\/product"}],"replies":[{"embeddable":true,"href":"https:\/\/epi-ups.com.tr\/tr\/wp-json\/wp\/v2\/comments?post=10375"}],"wp:featuredmedia":[{"embeddable":true,"href":"https:\/\/epi-ups.com.tr\/tr\/wp-json\/wp\/v2\/media\/10377"}],"wp:attachment":[{"href":"https:\/\/epi-ups.com.tr\/tr\/wp-json\/wp\/v2\/media?parent=10375"}],"wp:term":[{"taxonomy":"product_cat","embeddable":true,"href":"https:\/\/epi-ups.com.tr\/tr\/wp-json\/wp\/v2\/product_cat?post=10375"},{"taxonomy":"product_tag","embeddable":true,"href":"https:\/\/epi-ups.com.tr\/tr\/wp-json\/wp\/v2\/product_tag?post=10375"}],"curies":[{"name":"wp","href":"https:\/\/api.w.org\/{rel}","templated":true}]}}