{"id":10372,"date":"2025-01-14T18:27:44","date_gmt":"2025-01-14T18:27:44","guid":{"rendered":"https:\/\/epi-ups.com.tr\/product\/mtr-rm-20-200kva\/"},"modified":"2025-02-22T18:27:52","modified_gmt":"2025-02-22T18:27:52","slug":"mtr-rm-20-200kva","status":"publish","type":"product","link":"https:\/\/epi-ups.com.tr\/tr\/product\/mtr-rm-20-200kva\/","title":{"rendered":"MTR-RM, 20-200KVA"},"content":{"rendered":"<p>MTR-RM<br \/>\nMod\u00fcler Online UPS<br \/>\n20-200kVa<br \/>\n(380V\/400V\/415V)<\/p>\n<p>\u00dcr\u00fcn<\/p>\n<p>MTR-RM serisi hassas ekipmanlar i\u00e7in mod\u00fcler online UPS&#8217;dir. Tek kabin g\u00fc\u00e7 derecesi 20KVA&#8217;dan 200KVA&#8217;ya kadar uzan\u0131r ve g\u00fcvenilirlik, s\u0131cak de\u011fi\u015ftirilebilirlik ve esnekli\u011fin en iyi kombinasyonunu sunar. En son IGBT \u00fc\u00e7 seviyeli teknoloji ve DSP kontrol\u00fc ile MTR-RM, y\u00fcksek giri\u015f g\u00fc\u00e7 fakt\u00f6r\u00fc, d\u00fc\u015f\u00fck THD ve y\u00fcksek sistem verimlili\u011fi elde eder ve bu da onu veri merkezleri, bilgisayar sistemleri ve kritik ekipmanlar i\u00e7in harika bir se\u00e7im haline getirir.<\/p>\n<p>\u00d6zellikler<br \/>\nMod\u00fcler tasar\u0131m:\u00a0Paralel olarak 20 adede kadar g\u00fc\u00e7 mod\u00fcl\u00fc, \u00e7evrimi\u00e7i s\u0131cak de\u011fi\u015ftirilebilir N+X yedeklili\u011fi<br \/>\nY\u00fcksek g\u00fc\u00e7 yo\u011funlu\u011fu:\u00a0Yakla\u015f\u0131k 0,5 m2&#8217;lik ayak izleriyle 200 kVA, de\u011ferli veri merkezi alan\u0131ndan tasarruf sa\u011flar<br \/>\nBa\u011f\u0131ms\u0131z \u015farj cihaz\u0131:\u00a0Her mod\u00fcl i\u00e7in ba\u011f\u0131ms\u0131z \u015farj cihaz\u0131 Ak\u0131ll\u0131ca<br \/>\nt\u00fcm \u015farj s\u00fcrecini kontrol ederek pilin \u00f6mr\u00fcn\u00fc uzat\u0131n<br \/>\nBir mod\u00fclde entegre IGBT tasar\u0131m\u0131, daha y\u00fcksek performans ve g\u00fcvenilirlikle daha az ar\u0131za noktas\u0131<br \/>\nAk\u00fc so\u011fuk ba\u015flatma:\u00a0UPS, \u015febeke olmadan ak\u00fcden \u00e7al\u0131\u015ft\u0131r\u0131labilir<br \/>\nKullan\u0131c\u0131 dostu aray\u00fcz:\u00a0Bol miktarda bilgi i\u00e7eren dokunmatik LCD ekran<br \/>\nTamamen \u00f6nden eri\u015fim:\u00a0\u00dcst ve alt kablo giri\u015f ba\u011flant\u0131s\u0131 desteklenir, sahada kurulum i\u00e7in daha uygundur<br \/>\nBak\u0131m hat\u0131rlat\u0131c\u0131s\u0131:\u00a0Sistem, kritik bile\u015fenler i\u00e7in \u00e7al\u0131\u015fma s\u00fcresini kaydedebilir ve de\u011fi\u015ftirme i\u00e7in hat\u0131rlatma zaman\u0131 ayarlayabilir<br \/>\nTrafolu mod\u00fcler tasar\u0131m:\u00a0M\u00fc\u015fteri i\u00e7in farkl\u0131 gereksinimleri kar\u015f\u0131layan dahili izolasyon trafosuna sahip 60 kVA&#8217;ya kadar mod\u00fcler UPS<\/p>\n","protected":false},"excerpt":{"rendered":"<p>MTR-RM Mod\u00fcler Online UPS 20-200kVa (380V\/400V\/415V) \u00dcr\u00fcn MTR-RM serisi hassas ekipmanlar i\u00e7in mod\u00fcler online UPS&#8217;dir. Tek kabin g\u00fc\u00e7 derecesi 20KVA&#8217;dan<\/p>\n","protected":false},"featured_media":10374,"comment_status":"open","ping_status":"closed","template":"","meta":[],"product_cat":[158,179,155],"product_tag":[],"class_list":{"0":"post-10372","1":"product","2":"type-product","3":"status-publish","4":"has-post-thumbnail","6":"product_cat-modular-ups-tr","7":"product_cat-uninteruptible-power-supply-tr","8":"product_cat-ups-tr","10":"first","11":"instock","12":"shipping-taxable","13":"product-type-external"},"_links":{"self":[{"href":"https:\/\/epi-ups.com.tr\/tr\/wp-json\/wp\/v2\/product\/10372","targetHints":{"allow":["GET"]}}],"collection":[{"href":"https:\/\/epi-ups.com.tr\/tr\/wp-json\/wp\/v2\/product"}],"about":[{"href":"https:\/\/epi-ups.com.tr\/tr\/wp-json\/wp\/v2\/types\/product"}],"replies":[{"embeddable":true,"href":"https:\/\/epi-ups.com.tr\/tr\/wp-json\/wp\/v2\/comments?post=10372"}],"wp:featuredmedia":[{"embeddable":true,"href":"https:\/\/epi-ups.com.tr\/tr\/wp-json\/wp\/v2\/media\/10374"}],"wp:attachment":[{"href":"https:\/\/epi-ups.com.tr\/tr\/wp-json\/wp\/v2\/media?parent=10372"}],"wp:term":[{"taxonomy":"product_cat","embeddable":true,"href":"https:\/\/epi-ups.com.tr\/tr\/wp-json\/wp\/v2\/product_cat?post=10372"},{"taxonomy":"product_tag","embeddable":true,"href":"https:\/\/epi-ups.com.tr\/tr\/wp-json\/wp\/v2\/product_tag?post=10372"}],"curies":[{"name":"wp","href":"https:\/\/api.w.org\/{rel}","templated":true}]}}