{"id":10369,"date":"2025-01-14T18:28:08","date_gmt":"2025-01-14T18:28:08","guid":{"rendered":"https:\/\/epi-ups.com.tr\/product\/rmd-60-10-series\/"},"modified":"2025-01-23T13:21:37","modified_gmt":"2025-01-23T13:21:37","slug":"rmd-60-10-series","status":"publish","type":"product","link":"https:\/\/epi-ups.com.tr\/tr\/product\/rmd-60-10-series\/","title":{"rendered":"RMD 60\/10 Series"},"content":{"rendered":"<p>RMD\u00a010~60kVA Mod\u00fcler UPS<\/p>\n<p>G\u00fc\u00e7 aral\u0131\u011f\u0131<br \/>\n10~60kVA Mod\u00fcler UPS<br \/>\n10~60kVA<br \/>\n\u00c7al\u0131\u015fma<br \/>\n3P\/3P,3P\/1P,1P\/1P,\u00c7evrimi\u00e7i \u00e7ift d\u00f6n\u00fc\u015f\u00fcm<br \/>\nUygulamalar<br \/>\nH\u00fck\u00fcmet, Finans, BT, E\u011fitim, Ula\u015f\u0131m, Yay\u0131nc\u0131l\u0131k, T\u0131bbi, Enerji, vb.<br \/>\n\u00d6zellikler<br \/>\n19 in\u00e7 rafa monte edilmi\u015f veya tek ba\u015f\u0131na.<br \/>\nIoT i\u015flevlerine sahip 7 in\u00e7 dokunmatik LCD.<br \/>\nY\u00fcksek g\u00fcvenilirlik ve \u00e7evre uyumlulu\u011fu, bile\u015fen<br \/>\nseviyesinin korunmas\u0131.<br \/>\n2U&#8217;da 10kW, a\u015f\u0131r\u0131 y\u00fcksek g\u00fc\u00e7 yo\u011funlu\u011fu, alan ve bak\u0131m i\u00e7in<br \/>\ndostu.<br \/>\nUzun yedekleme uygulamalar\u0131 i\u00e7in 30A \u015farj mod\u00fcl\u00fc se\u00e7ene\u011fi.<\/p>\n","protected":false},"excerpt":{"rendered":"<p>RMD\u00a010~60kVA Mod\u00fcler UPS G\u00fc\u00e7 aral\u0131\u011f\u0131 10~60kVA Mod\u00fcler UPS 10~60kVA \u00c7al\u0131\u015fma 3P\/3P,3P\/1P,1P\/1P,\u00c7evrimi\u00e7i \u00e7ift d\u00f6n\u00fc\u015f\u00fcm Uygulamalar H\u00fck\u00fcmet, Finans, BT, E\u011fitim, Ula\u015f\u0131m, Yay\u0131nc\u0131l\u0131k,<\/p>\n","protected":false},"featured_media":10371,"comment_status":"open","ping_status":"closed","template":"","meta":[],"product_cat":[158,155],"product_tag":[],"class_list":{"0":"post-10369","1":"product","2":"type-product","3":"status-publish","4":"has-post-thumbnail","6":"product_cat-modular-ups-tr","7":"product_cat-ups-tr","9":"first","10":"instock","11":"shipping-taxable","12":"product-type-external"},"_links":{"self":[{"href":"https:\/\/epi-ups.com.tr\/tr\/wp-json\/wp\/v2\/product\/10369","targetHints":{"allow":["GET"]}}],"collection":[{"href":"https:\/\/epi-ups.com.tr\/tr\/wp-json\/wp\/v2\/product"}],"about":[{"href":"https:\/\/epi-ups.com.tr\/tr\/wp-json\/wp\/v2\/types\/product"}],"replies":[{"embeddable":true,"href":"https:\/\/epi-ups.com.tr\/tr\/wp-json\/wp\/v2\/comments?post=10369"}],"wp:featuredmedia":[{"embeddable":true,"href":"https:\/\/epi-ups.com.tr\/tr\/wp-json\/wp\/v2\/media\/10371"}],"wp:attachment":[{"href":"https:\/\/epi-ups.com.tr\/tr\/wp-json\/wp\/v2\/media?parent=10369"}],"wp:term":[{"taxonomy":"product_cat","embeddable":true,"href":"https:\/\/epi-ups.com.tr\/tr\/wp-json\/wp\/v2\/product_cat?post=10369"},{"taxonomy":"product_tag","embeddable":true,"href":"https:\/\/epi-ups.com.tr\/tr\/wp-json\/wp\/v2\/product_tag?post=10369"}],"curies":[{"name":"wp","href":"https:\/\/api.w.org\/{rel}","templated":true}]}}