{"id":10366,"date":"2025-01-14T18:28:34","date_gmt":"2025-01-14T18:28:34","guid":{"rendered":"https:\/\/epi-ups.com.tr\/product\/rmd-180-30-series\/"},"modified":"2025-01-23T13:21:14","modified_gmt":"2025-01-23T13:21:14","slug":"rmd-180-30-series","status":"publish","type":"product","link":"https:\/\/epi-ups.com.tr\/tr\/product\/rmd-180-30-series\/","title":{"rendered":"RMD 180\/30 Series"},"content":{"rendered":"<p>RMD 25~180kVA Mod\u00fcler UPS<\/p>\n<p>\u00d6zellikler<br \/>\n\u2022 19 in\u00e7 rafa monte edilmi\u015f veya tek ba\u015f\u0131na<br \/>\n\u2022 IoT i\u015flevlerine sahip 7 in\u00e7 dokunmatik LCD<br \/>\n\u2022 Bile\u015fenlerin koruma seviyesiyle y\u00fcksek g\u00fcvenilirlik ve \u00e7evre uyumlulu\u011fu<br \/>\n\u2022 A\u015f\u0131r\u0131 y\u00fcksek g\u00fc\u00e7 yo\u011funlu\u011fu, 2U&#8217;da 30kW, alan ve bak\u0131m i\u00e7in<br \/>\ndostu.<br \/>\n\u2022 Uzun yedekleme uygulamalar\u0131 i\u00e7in 30A \u015farj mod\u00fcl\u00fc se\u00e7ene\u011fi.<\/p>\n","protected":false},"excerpt":{"rendered":"<p>RMD 25~180kVA Mod\u00fcler UPS \u00d6zellikler \u2022 19 in\u00e7 rafa monte edilmi\u015f veya tek ba\u015f\u0131na \u2022 IoT i\u015flevlerine sahip 7 in\u00e7<\/p>\n","protected":false},"featured_media":10368,"comment_status":"open","ping_status":"closed","template":"","meta":[],"product_cat":[158,155],"product_tag":[],"class_list":{"0":"post-10366","1":"product","2":"type-product","3":"status-publish","4":"has-post-thumbnail","6":"product_cat-modular-ups-tr","7":"product_cat-ups-tr","9":"first","10":"instock","11":"shipping-taxable","12":"product-type-external"},"_links":{"self":[{"href":"https:\/\/epi-ups.com.tr\/tr\/wp-json\/wp\/v2\/product\/10366","targetHints":{"allow":["GET"]}}],"collection":[{"href":"https:\/\/epi-ups.com.tr\/tr\/wp-json\/wp\/v2\/product"}],"about":[{"href":"https:\/\/epi-ups.com.tr\/tr\/wp-json\/wp\/v2\/types\/product"}],"replies":[{"embeddable":true,"href":"https:\/\/epi-ups.com.tr\/tr\/wp-json\/wp\/v2\/comments?post=10366"}],"wp:featuredmedia":[{"embeddable":true,"href":"https:\/\/epi-ups.com.tr\/tr\/wp-json\/wp\/v2\/media\/10368"}],"wp:attachment":[{"href":"https:\/\/epi-ups.com.tr\/tr\/wp-json\/wp\/v2\/media?parent=10366"}],"wp:term":[{"taxonomy":"product_cat","embeddable":true,"href":"https:\/\/epi-ups.com.tr\/tr\/wp-json\/wp\/v2\/product_cat?post=10366"},{"taxonomy":"product_tag","embeddable":true,"href":"https:\/\/epi-ups.com.tr\/tr\/wp-json\/wp\/v2\/product_tag?post=10366"}],"curies":[{"name":"wp","href":"https:\/\/api.w.org\/{rel}","templated":true}]}}