{"id":10358,"date":"2025-01-14T18:51:32","date_gmt":"2025-01-14T18:51:32","guid":{"rendered":"https:\/\/epi-ups.com.tr\/product\/multi-pass\/"},"modified":"2025-01-23T12:34:41","modified_gmt":"2025-01-23T12:34:41","slug":"multi-pass","status":"publish","type":"product","link":"https:\/\/epi-ups.com.tr\/tr\/product\/multi-pass\/","title":{"rendered":"Multi Pass"},"content":{"rendered":"<p>\u00d6ZELL\u0130KLER<\/p>\n<p>Duvar veya raf montajl\u0131 versiyonlar<br \/>\nGeri besleme korumas\u0131<br \/>\nManuel ve otomatik transfer fonksiyonlar\u0131<br \/>\n\u015eebeke g\u00fcc\u00fc mevcut LED g\u00f6stergesi<br \/>\nIEC, UK, Schuko ve sabit kablolu ba\u011flant\u0131 se\u00e7ene\u011fi<\/p>\n","protected":false},"excerpt":{"rendered":"<p>\u00d6ZELL\u0130KLER Duvar veya raf montajl\u0131 versiyonlar Geri besleme korumas\u0131 Manuel ve otomatik transfer fonksiyonlar\u0131 \u015eebeke g\u00fcc\u00fc mevcut LED g\u00f6stergesi IEC,<\/p>\n","protected":false},"featured_media":10360,"comment_status":"open","ping_status":"closed","template":"","meta":[],"product_cat":[170],"product_tag":[],"class_list":{"0":"post-10358","1":"product","2":"type-product","3":"status-publish","4":"has-post-thumbnail","6":"product_cat-software-connectivity-tr","8":"first","9":"instock","10":"shipping-taxable","11":"product-type-simple"},"_links":{"self":[{"href":"https:\/\/epi-ups.com.tr\/tr\/wp-json\/wp\/v2\/product\/10358","targetHints":{"allow":["GET"]}}],"collection":[{"href":"https:\/\/epi-ups.com.tr\/tr\/wp-json\/wp\/v2\/product"}],"about":[{"href":"https:\/\/epi-ups.com.tr\/tr\/wp-json\/wp\/v2\/types\/product"}],"replies":[{"embeddable":true,"href":"https:\/\/epi-ups.com.tr\/tr\/wp-json\/wp\/v2\/comments?post=10358"}],"wp:featuredmedia":[{"embeddable":true,"href":"https:\/\/epi-ups.com.tr\/tr\/wp-json\/wp\/v2\/media\/10360"}],"wp:attachment":[{"href":"https:\/\/epi-ups.com.tr\/tr\/wp-json\/wp\/v2\/media?parent=10358"}],"wp:term":[{"taxonomy":"product_cat","embeddable":true,"href":"https:\/\/epi-ups.com.tr\/tr\/wp-json\/wp\/v2\/product_cat?post=10358"},{"taxonomy":"product_tag","embeddable":true,"href":"https:\/\/epi-ups.com.tr\/tr\/wp-json\/wp\/v2\/product_tag?post=10358"}],"curies":[{"name":"wp","href":"https:\/\/api.w.org\/{rel}","templated":true}]}}