{"id":10356,"date":"2025-01-14T18:51:09","date_gmt":"2025-01-14T18:51:09","guid":{"rendered":"https:\/\/epi-ups.com.tr\/product\/multi-i-o\/"},"modified":"2025-01-23T12:35:05","modified_gmt":"2025-01-23T12:35:05","slug":"multi-i-o","status":"publish","type":"product","link":"https:\/\/epi-ups.com.tr\/tr\/product\/multi-i-o\/","title":{"rendered":"Multi I\/O"},"content":{"rendered":"<p><strong>\u00d6ZELL\u0130KLER<\/strong><\/p>\n<p>8 analog\/dijital giri\u015f<br \/>\nUPS ve \u015febeke durumunu izlemek i\u00e7in 8 r\u00f6le \u00e7\u0131k\u0131\u015f\u0131<br \/>\nMODBUS\/JBUS protokol\u00fcn\u00fc kullanarak UPS&#8217;i ve \u00e7al\u0131\u015fma durumlar\u0131n\u0131 izlemek i\u00e7in iki ba\u011f\u0131ms\u0131z RS232\/RS485 seri hatt\u0131n\u0131 kontrol edebilir<br \/>\nSeri port \u00fczerinden y\u00fckseltilebilir donan\u0131m yaz\u0131l\u0131m\u0131<\/p>\n","protected":false},"excerpt":{"rendered":"<p>\u00d6ZELL\u0130KLER 8 analog\/dijital giri\u015f UPS ve \u015febeke durumunu izlemek i\u00e7in 8 r\u00f6le \u00e7\u0131k\u0131\u015f\u0131 MODBUS\/JBUS protokol\u00fcn\u00fc kullanarak UPS&#8217;i ve \u00e7al\u0131\u015fma durumlar\u0131n\u0131<\/p>\n","protected":false},"featured_media":10357,"comment_status":"open","ping_status":"closed","template":"","meta":[],"product_cat":[170],"product_tag":[],"class_list":{"0":"post-10356","1":"product","2":"type-product","3":"status-publish","4":"has-post-thumbnail","6":"product_cat-software-connectivity-tr","8":"first","9":"instock","10":"shipping-taxable","11":"product-type-simple"},"_links":{"self":[{"href":"https:\/\/epi-ups.com.tr\/tr\/wp-json\/wp\/v2\/product\/10356","targetHints":{"allow":["GET"]}}],"collection":[{"href":"https:\/\/epi-ups.com.tr\/tr\/wp-json\/wp\/v2\/product"}],"about":[{"href":"https:\/\/epi-ups.com.tr\/tr\/wp-json\/wp\/v2\/types\/product"}],"replies":[{"embeddable":true,"href":"https:\/\/epi-ups.com.tr\/tr\/wp-json\/wp\/v2\/comments?post=10356"}],"wp:featuredmedia":[{"embeddable":true,"href":"https:\/\/epi-ups.com.tr\/tr\/wp-json\/wp\/v2\/media\/10357"}],"wp:attachment":[{"href":"https:\/\/epi-ups.com.tr\/tr\/wp-json\/wp\/v2\/media?parent=10356"}],"wp:term":[{"taxonomy":"product_cat","embeddable":true,"href":"https:\/\/epi-ups.com.tr\/tr\/wp-json\/wp\/v2\/product_cat?post=10356"},{"taxonomy":"product_tag","embeddable":true,"href":"https:\/\/epi-ups.com.tr\/tr\/wp-json\/wp\/v2\/product_tag?post=10356"}],"curies":[{"name":"wp","href":"https:\/\/api.w.org\/{rel}","templated":true}]}}