{"id":10354,"date":"2025-01-14T18:50:17","date_gmt":"2025-01-14T18:50:17","guid":{"rendered":"https:\/\/epi-ups.com.tr\/product\/multicom-401\/"},"modified":"2025-01-23T12:36:07","modified_gmt":"2025-01-23T12:36:07","slug":"multicom-401","status":"publish","type":"product","link":"https:\/\/epi-ups.com.tr\/tr\/product\/multicom-401\/","title":{"rendered":"MultiCOM 401"},"content":{"rendered":"<p>\u00d6ZELL\u0130KLER<\/p>\n<p>PROFIBUS DP-V1 Protokol\u00fc<br \/>\n0 ila 99 aras\u0131nda yap\u0131land\u0131r\u0131labilir adres<br \/>\nProfidrive v2 PP05<br \/>\n9,6 kBit\/s ila 12 MBit\/s aras\u0131nda yap\u0131land\u0131r\u0131labilir baud h\u0131z\u0131<br \/>\n\u0130leti\u015fim ak\u0131\u015f\u0131n\u0131 bildiren LED<\/p>\n","protected":false},"excerpt":{"rendered":"<p>\u00d6ZELL\u0130KLER PROFIBUS DP-V1 Protokol\u00fc 0 ila 99 aras\u0131nda yap\u0131land\u0131r\u0131labilir adres Profidrive v2 PP05 9,6 kBit\/s ila 12 MBit\/s aras\u0131nda yap\u0131land\u0131r\u0131labilir<\/p>\n","protected":false},"featured_media":10355,"comment_status":"open","ping_status":"closed","template":"","meta":[],"product_cat":[170],"product_tag":[],"class_list":{"0":"post-10354","1":"product","2":"type-product","3":"status-publish","4":"has-post-thumbnail","6":"product_cat-software-connectivity-tr","8":"first","9":"instock","10":"shipping-taxable","11":"product-type-simple"},"_links":{"self":[{"href":"https:\/\/epi-ups.com.tr\/tr\/wp-json\/wp\/v2\/product\/10354","targetHints":{"allow":["GET"]}}],"collection":[{"href":"https:\/\/epi-ups.com.tr\/tr\/wp-json\/wp\/v2\/product"}],"about":[{"href":"https:\/\/epi-ups.com.tr\/tr\/wp-json\/wp\/v2\/types\/product"}],"replies":[{"embeddable":true,"href":"https:\/\/epi-ups.com.tr\/tr\/wp-json\/wp\/v2\/comments?post=10354"}],"wp:featuredmedia":[{"embeddable":true,"href":"https:\/\/epi-ups.com.tr\/tr\/wp-json\/wp\/v2\/media\/10355"}],"wp:attachment":[{"href":"https:\/\/epi-ups.com.tr\/tr\/wp-json\/wp\/v2\/media?parent=10354"}],"wp:term":[{"taxonomy":"product_cat","embeddable":true,"href":"https:\/\/epi-ups.com.tr\/tr\/wp-json\/wp\/v2\/product_cat?post=10354"},{"taxonomy":"product_tag","embeddable":true,"href":"https:\/\/epi-ups.com.tr\/tr\/wp-json\/wp\/v2\/product_tag?post=10354"}],"curies":[{"name":"wp","href":"https:\/\/api.w.org\/{rel}","templated":true}]}}