{"id":10346,"date":"2025-01-14T18:42:41","date_gmt":"2025-01-14T18:42:41","guid":{"rendered":"https:\/\/epi-ups.com.tr\/product\/un-2v-series-100-to-3000ah\/"},"modified":"2025-01-23T12:57:31","modified_gmt":"2025-01-23T12:57:31","slug":"un-2v-series-100-to-3000ah","status":"publish","type":"product","link":"https:\/\/epi-ups.com.tr\/tr\/product\/un-2v-series-100-to-3000ah\/","title":{"rendered":"UN (2V )Series ( 100 to 3000Ah)"},"content":{"rendered":"<p>AGM Ak\u00fc UN(2V) serisi \u00d6ZELL\u0130KLER &amp; FAYDALAR<\/p>\n<table border=\"0\" cellspacing=\"3\" cellpadding=\"3\">\n<tbody>\n<tr valign=\"top\">\n<td width=\"85\"><strong>Kapasite<\/strong><\/td>\n<td width=\"8\"><strong>:<\/strong><\/td>\n<td>100 \u2013 3000 Ah<\/td>\n<\/tr>\n<tr valign=\"top\">\n<td width=\"100\"><strong>Tasar\u0131m Hayat\u0131<\/strong><\/td>\n<td width=\"8\"><strong>:<\/strong><\/td>\n<td>15 years @ 25\u00b0C (77\u00b0F)<\/td>\n<\/tr>\n<\/tbody>\n<\/table>\n<ul>\n<li>UYGULAMALAR Telekom\u00fcnikasyon Sistemleri; Yang\u0131n alarm ve g\u00fcvenlik sistemleri; G\u00fcne\u015f enerjili sistemler; Elektrik \u00fcretim tesisleri; Elektrik Enerjisi Ekipman\u0131 Operasyonlar\u0131; Kesintisiz G\u00fc\u00e7 Kayna\u011f\u0131; Acil Durum Ayd\u0131nlatmas\u0131; Bekleme elektrik g\u00fcc\u00fc; A\u00e7\u0131k tip Sabit Kur\u015fun Asit Ak\u00fclerin Yerine. \u00c7ok Y\u00fcksek enerji yo\u011funlu\u011fu<br \/>\nDaha Y\u00fcksek G\u00fcvenilirlik ve Kalite<br \/>\nUL onayl\u0131<br \/>\nTehlikesiz, d\u00f6k\u00fclmez olarak nakliye i\u00e7in onayland\u0131<br \/>\nTelekom\u00fcnikasyon i\u00e7in bol deneyim<br \/>\nHerhangi bir pozisyonda \u00e7al\u0131\u015f\u0131r<br \/>\nJIS, DIN, BS ve IEC standartlar\u0131na uygundur<\/li>\n<\/ul>\n","protected":false},"excerpt":{"rendered":"<p>AGM Ak\u00fc UN(2V) serisi \u00d6ZELL\u0130KLER &amp; FAYDALAR Kapasite : 100 \u2013 3000 Ah Tasar\u0131m Hayat\u0131 : 15 years @ 25\u00b0C<\/p>\n","protected":false},"featured_media":10348,"comment_status":"open","ping_status":"closed","template":"","meta":[],"product_cat":[165,164],"product_tag":[],"class_list":{"0":"post-10346","1":"product","2":"type-product","3":"status-publish","4":"has-post-thumbnail","6":"product_cat-agm-batterry-tr","7":"product_cat-batteries-tr","9":"first","10":"instock","11":"shipping-taxable","12":"product-type-external"},"_links":{"self":[{"href":"https:\/\/epi-ups.com.tr\/tr\/wp-json\/wp\/v2\/product\/10346","targetHints":{"allow":["GET"]}}],"collection":[{"href":"https:\/\/epi-ups.com.tr\/tr\/wp-json\/wp\/v2\/product"}],"about":[{"href":"https:\/\/epi-ups.com.tr\/tr\/wp-json\/wp\/v2\/types\/product"}],"replies":[{"embeddable":true,"href":"https:\/\/epi-ups.com.tr\/tr\/wp-json\/wp\/v2\/comments?post=10346"}],"wp:featuredmedia":[{"embeddable":true,"href":"https:\/\/epi-ups.com.tr\/tr\/wp-json\/wp\/v2\/media\/10348"}],"wp:attachment":[{"href":"https:\/\/epi-ups.com.tr\/tr\/wp-json\/wp\/v2\/media?parent=10346"}],"wp:term":[{"taxonomy":"product_cat","embeddable":true,"href":"https:\/\/epi-ups.com.tr\/tr\/wp-json\/wp\/v2\/product_cat?post=10346"},{"taxonomy":"product_tag","embeddable":true,"href":"https:\/\/epi-ups.com.tr\/tr\/wp-json\/wp\/v2\/product_tag?post=10346"}],"curies":[{"name":"wp","href":"https:\/\/api.w.org\/{rel}","templated":true}]}}