{"id":10343,"date":"2025-01-14T18:42:59","date_gmt":"2025-01-14T18:42:59","guid":{"rendered":"https:\/\/epi-ups.com.tr\/product\/fm-series-6-5-to-200ah\/"},"modified":"2025-01-23T12:56:37","modified_gmt":"2025-01-23T12:56:37","slug":"fm-series-6-5-to-200ah","status":"publish","type":"product","link":"https:\/\/epi-ups.com.tr\/tr\/product\/fm-series-6-5-to-200ah\/","title":{"rendered":"FM Series ( 6.5 to 200Ah)"},"content":{"rendered":"<p data-tadv-p=\"keep\">\u00d6ZELL\u0130KLER &amp; FAYDALAR<\/p>\n<table border=\"0\" cellspacing=\"3\" cellpadding=\"3\">\n<tbody>\n<tr valign=\"top\">\n<td width=\"95\"><strong>Tasar\u0131m Hayat\u0131<\/strong><\/td>\n<td width=\"8\"><strong>:<\/strong><\/td>\n<td>Kapasite: 6,5-28 Ah i\u00e7in 25\u00b0C(77\u00b0F) s\u0131cakl\u0131kta 5 y\u0131l bekleme hizmeti<\/td>\n<\/tr>\n<tr valign=\"top\">\n<td width=\"95\"><strong>Tasar\u0131m Hayat\u0131<\/strong><\/td>\n<td width=\"8\"><strong>:<\/strong><\/td>\n<td>Kapasite: 33-200 Ah i\u00e7in 25\u00b0C(77\u00b0F) s\u0131cakl\u0131kta 8-10 y\u0131l bekleme hizmeti<\/td>\n<\/tr>\n<\/tbody>\n<\/table>\n<ul>\n<li>Y\u00fcksek enerji yo\u011funlu\u011fu<br \/>\nUL onayl\u0131<br \/>\nTehlikesiz, d\u00f6k\u00fclmez olarak nakliye i\u00e7in onaylanm\u0131\u015ft\u0131r<br \/>\nHerhangi bir pozisyonda \u00e7al\u0131\u015f\u0131r<\/li>\n<li>UYGULAMALAR Acil Durum Ayd\u0131nlatmas\u0131; Genel Elektronik; T\u0131bbi; Elektronik test ekipman\u0131; Denizcilik ekipman\u0131; G\u00fcne\u015f enerjisi sistemleri; Yang\u0131n alarm ve g\u00fcvenlik sistemleri; Kesintisiz G\u00fc\u00e7 Kayna\u011f\u0131; Telekom\u00fcnikasyon Sistemleri.<\/li>\n<\/ul>\n","protected":false},"excerpt":{"rendered":"<p>\u00d6ZELL\u0130KLER &amp; FAYDALAR Tasar\u0131m Hayat\u0131 : Kapasite: 6,5-28 Ah i\u00e7in 25\u00b0C(77\u00b0F) s\u0131cakl\u0131kta 5 y\u0131l bekleme hizmeti Tasar\u0131m Hayat\u0131 : Kapasite:<\/p>\n","protected":false},"featured_media":10345,"comment_status":"open","ping_status":"closed","template":"","meta":[],"product_cat":[165,164],"product_tag":[],"class_list":{"0":"post-10343","1":"product","2":"type-product","3":"status-publish","4":"has-post-thumbnail","6":"product_cat-agm-batterry-tr","7":"product_cat-batteries-tr","9":"first","10":"instock","11":"shipping-taxable","12":"product-type-external"},"_links":{"self":[{"href":"https:\/\/epi-ups.com.tr\/tr\/wp-json\/wp\/v2\/product\/10343","targetHints":{"allow":["GET"]}}],"collection":[{"href":"https:\/\/epi-ups.com.tr\/tr\/wp-json\/wp\/v2\/product"}],"about":[{"href":"https:\/\/epi-ups.com.tr\/tr\/wp-json\/wp\/v2\/types\/product"}],"replies":[{"embeddable":true,"href":"https:\/\/epi-ups.com.tr\/tr\/wp-json\/wp\/v2\/comments?post=10343"}],"wp:featuredmedia":[{"embeddable":true,"href":"https:\/\/epi-ups.com.tr\/tr\/wp-json\/wp\/v2\/media\/10345"}],"wp:attachment":[{"href":"https:\/\/epi-ups.com.tr\/tr\/wp-json\/wp\/v2\/media?parent=10343"}],"wp:term":[{"taxonomy":"product_cat","embeddable":true,"href":"https:\/\/epi-ups.com.tr\/tr\/wp-json\/wp\/v2\/product_cat?post=10343"},{"taxonomy":"product_tag","embeddable":true,"href":"https:\/\/epi-ups.com.tr\/tr\/wp-json\/wp\/v2\/product_tag?post=10343"}],"curies":[{"name":"wp","href":"https:\/\/api.w.org\/{rel}","templated":true}]}}