{"id":10337,"date":"2025-01-14T18:43:40","date_gmt":"2025-01-14T18:43:40","guid":{"rendered":"https:\/\/epi-ups.com.tr\/product\/epi-ns12-9\/"},"modified":"2025-01-23T12:53:43","modified_gmt":"2025-01-23T12:53:43","slug":"epi-ns12-9","status":"publish","type":"product","link":"https:\/\/epi-ups.com.tr\/tr\/product\/epi-ns12-9\/","title":{"rendered":"EPI NS12-9"},"content":{"rendered":"<p>NS12-9<br \/>\n12V9Ah \/ 20hr<\/p>\n<p>EPI NS UPS (4.5Ah-28Ah) serisi, \u015famand\u0131ra hizmetinde 5 y\u0131ll\u0131k tasar\u0131m \u00f6mr\u00fcyle bekleme kullan\u0131m\u0131 i\u00e7in tasarlanm\u0131\u015ft\u0131r.<br \/>\nSerisi ak\u00fc, y\u00fcksek tutarl\u0131l\u0131k, m\u00fckemmel performans ve g\u00fcvenilir bekleme hizmet \u00f6mr\u00fcne sahiptir. UPS\/EPS, t\u0131bbi ekipman, acil durum ayd\u0131nlatmas\u0131 ve g\u00fcvenlik sistemlerinde yayg\u0131n olarak kullan\u0131l\u0131r.<\/p>\n","protected":false},"excerpt":{"rendered":"<p>NS12-9 12V9Ah \/ 20hr EPI NS UPS (4.5Ah-28Ah) serisi, \u015famand\u0131ra hizmetinde 5 y\u0131ll\u0131k tasar\u0131m \u00f6mr\u00fcyle bekleme kullan\u0131m\u0131 i\u00e7in tasarlanm\u0131\u015ft\u0131r. Serisi<\/p>\n","protected":false},"featured_media":10339,"comment_status":"open","ping_status":"closed","template":"","meta":[],"product_cat":[165,164],"product_tag":[],"class_list":{"0":"post-10337","1":"product","2":"type-product","3":"status-publish","4":"has-post-thumbnail","6":"product_cat-agm-batterry-tr","7":"product_cat-batteries-tr","9":"first","10":"instock","11":"shipping-taxable","12":"product-type-external"},"_links":{"self":[{"href":"https:\/\/epi-ups.com.tr\/tr\/wp-json\/wp\/v2\/product\/10337","targetHints":{"allow":["GET"]}}],"collection":[{"href":"https:\/\/epi-ups.com.tr\/tr\/wp-json\/wp\/v2\/product"}],"about":[{"href":"https:\/\/epi-ups.com.tr\/tr\/wp-json\/wp\/v2\/types\/product"}],"replies":[{"embeddable":true,"href":"https:\/\/epi-ups.com.tr\/tr\/wp-json\/wp\/v2\/comments?post=10337"}],"wp:featuredmedia":[{"embeddable":true,"href":"https:\/\/epi-ups.com.tr\/tr\/wp-json\/wp\/v2\/media\/10339"}],"wp:attachment":[{"href":"https:\/\/epi-ups.com.tr\/tr\/wp-json\/wp\/v2\/media?parent=10337"}],"wp:term":[{"taxonomy":"product_cat","embeddable":true,"href":"https:\/\/epi-ups.com.tr\/tr\/wp-json\/wp\/v2\/product_cat?post=10337"},{"taxonomy":"product_tag","embeddable":true,"href":"https:\/\/epi-ups.com.tr\/tr\/wp-json\/wp\/v2\/product_tag?post=10337"}],"curies":[{"name":"wp","href":"https:\/\/api.w.org\/{rel}","templated":true}]}}