{"id":10335,"date":"2025-01-14T18:44:34","date_gmt":"2025-01-14T18:44:34","guid":{"rendered":"https:\/\/epi-ups.com.tr\/product\/battery-monitoring-system\/"},"modified":"2025-01-23T13:02:55","modified_gmt":"2025-01-23T13:02:55","slug":"battery-monitoring-system","status":"publish","type":"product","link":"https:\/\/epi-ups.com.tr\/tr\/product\/battery-monitoring-system\/","title":{"rendered":"Battery Monitoring System"},"content":{"rendered":"<p>Energybatt 3G Pil \u0130zleme Sistemi, \u00f6nemli pil parametrelerini ger\u00e7ek zamanl\u0131 olarak yakalamak i\u00e7in eksiksiz bir \u00e7\u00f6z\u00fcmd\u00fcr.<\/p>\n<p>BMS, kablosuz olarak ileti\u015fim kurabilir, sistem ba\u015f\u0131na 500 d\u00fc\u011f\u00fcme kadar \u00f6l\u00e7\u00fcm yapabilir ve verileri kolay veri eri\u015fimi ve yedekleme g\u00fcvenli\u011fi sa\u011flamak i\u00e7in harici bellek kartlar\u0131na kaydedebilir<\/p>\n<p>Pil H\u00fccre Empedans\u0131 \u2013 dahili pil h\u00fccresinin empedans de\u011ferini belirleyin.<\/p>\n","protected":false},"excerpt":{"rendered":"<p>Energybatt 3G Pil \u0130zleme Sistemi, \u00f6nemli pil parametrelerini ger\u00e7ek zamanl\u0131 olarak yakalamak i\u00e7in eksiksiz bir \u00e7\u00f6z\u00fcmd\u00fcr. BMS, kablosuz olarak ileti\u015fim<\/p>\n","protected":false},"featured_media":10336,"comment_status":"open","ping_status":"closed","template":"","meta":[],"product_cat":[164,166],"product_tag":[],"class_list":{"0":"post-10335","1":"product","2":"type-product","3":"status-publish","4":"has-post-thumbnail","6":"product_cat-batteries-tr","7":"product_cat-battery-monitoring-tr","9":"first","10":"instock","11":"shipping-taxable","12":"product-type-simple"},"_links":{"self":[{"href":"https:\/\/epi-ups.com.tr\/tr\/wp-json\/wp\/v2\/product\/10335","targetHints":{"allow":["GET"]}}],"collection":[{"href":"https:\/\/epi-ups.com.tr\/tr\/wp-json\/wp\/v2\/product"}],"about":[{"href":"https:\/\/epi-ups.com.tr\/tr\/wp-json\/wp\/v2\/types\/product"}],"replies":[{"embeddable":true,"href":"https:\/\/epi-ups.com.tr\/tr\/wp-json\/wp\/v2\/comments?post=10335"}],"wp:featuredmedia":[{"embeddable":true,"href":"https:\/\/epi-ups.com.tr\/tr\/wp-json\/wp\/v2\/media\/10336"}],"wp:attachment":[{"href":"https:\/\/epi-ups.com.tr\/tr\/wp-json\/wp\/v2\/media?parent=10335"}],"wp:term":[{"taxonomy":"product_cat","embeddable":true,"href":"https:\/\/epi-ups.com.tr\/tr\/wp-json\/wp\/v2\/product_cat?post=10335"},{"taxonomy":"product_tag","embeddable":true,"href":"https:\/\/epi-ups.com.tr\/tr\/wp-json\/wp\/v2\/product_tag?post=10335"}],"curies":[{"name":"wp","href":"https:\/\/api.w.org\/{rel}","templated":true}]}}