{"id":10333,"date":"2025-01-14T18:44:58","date_gmt":"2025-01-14T18:44:58","guid":{"rendered":"https:\/\/epi-ups.com.tr\/product\/und-series-12-to-255ah\/"},"modified":"2025-01-23T13:02:35","modified_gmt":"2025-01-23T13:02:35","slug":"und-series-12-to-255ah","status":"publish","type":"product","link":"https:\/\/epi-ups.com.tr\/tr\/product\/und-series-12-to-255ah\/","title":{"rendered":"UND Series ( 12 to 255Ah)"},"content":{"rendered":"<p><strong>DER\u0130N D\u00d6NG\u00dc Ak\u00fc UND serisi \u00d6ZELL\u0130KLER VE FAYDALAR<\/strong><\/p>\n<p>Kapasite: 12 \u2013 225 Ah<br \/>\nM\u00fckemmel d\u00f6ng\u00fc yetene\u011fi<br \/>\nDerin De\u015farjdan M\u00fckemmel Kurtarma<br \/>\nDerin D\u00f6ng\u00fc Uygulamalar\u0131nda Daha Uzun \u00d6m\u00fcr<br \/>\n\u00c7ok y\u00fcksek enerji yo\u011funlu\u011fu<br \/>\nUL onayl\u0131<\/p>\n<p>UYGULAMALAR\u00a0Genel Elektronik; T\u0131bbi; Mobilite; Telekom; Elektrikli bisiklet; Golf arabas\u0131<\/p>\n","protected":false},"excerpt":{"rendered":"<p>DER\u0130N D\u00d6NG\u00dc Ak\u00fc UND serisi \u00d6ZELL\u0130KLER VE FAYDALAR Kapasite: 12 \u2013 225 Ah M\u00fckemmel d\u00f6ng\u00fc yetene\u011fi Derin De\u015farjdan M\u00fckemmel Kurtarma<\/p>\n","protected":false},"featured_media":10334,"comment_status":"open","ping_status":"closed","template":"","meta":[],"product_cat":[164,167],"product_tag":[],"class_list":{"0":"post-10333","1":"product","2":"type-product","3":"status-publish","4":"has-post-thumbnail","6":"product_cat-batteries-tr","7":"product_cat-deep-cycle-battery-tr","9":"first","10":"instock","11":"shipping-taxable","12":"product-type-simple"},"_links":{"self":[{"href":"https:\/\/epi-ups.com.tr\/tr\/wp-json\/wp\/v2\/product\/10333","targetHints":{"allow":["GET"]}}],"collection":[{"href":"https:\/\/epi-ups.com.tr\/tr\/wp-json\/wp\/v2\/product"}],"about":[{"href":"https:\/\/epi-ups.com.tr\/tr\/wp-json\/wp\/v2\/types\/product"}],"replies":[{"embeddable":true,"href":"https:\/\/epi-ups.com.tr\/tr\/wp-json\/wp\/v2\/comments?post=10333"}],"wp:featuredmedia":[{"embeddable":true,"href":"https:\/\/epi-ups.com.tr\/tr\/wp-json\/wp\/v2\/media\/10334"}],"wp:attachment":[{"href":"https:\/\/epi-ups.com.tr\/tr\/wp-json\/wp\/v2\/media?parent=10333"}],"wp:term":[{"taxonomy":"product_cat","embeddable":true,"href":"https:\/\/epi-ups.com.tr\/tr\/wp-json\/wp\/v2\/product_cat?post=10333"},{"taxonomy":"product_tag","embeddable":true,"href":"https:\/\/epi-ups.com.tr\/tr\/wp-json\/wp\/v2\/product_tag?post=10333"}],"curies":[{"name":"wp","href":"https:\/\/api.w.org\/{rel}","templated":true}]}}