{"id":10330,"date":"2025-01-14T18:45:28","date_gmt":"2025-01-14T18:45:28","guid":{"rendered":"https:\/\/epi-ups.com.tr\/product\/pcd-250-500kva\/"},"modified":"2025-01-23T13:02:14","modified_gmt":"2025-01-23T13:02:14","slug":"pcd-250-500kva","status":"publish","type":"product","link":"https:\/\/epi-ups.com.tr\/tr\/product\/pcd-250-500kva\/","title":{"rendered":"PCD 250 \u2013 500kVA"},"content":{"rendered":"<p><strong>Faz S\u0131ras\u0131 D\u00fczeltme<\/strong><br \/>\n<strong>Cihaz\u0131 (PCD)<\/strong><br \/>\n<strong>250 \u2013 500kVA<\/strong><\/p>\n<p>RYB s\u0131ralar\u0131 de\u011fi\u015fti\u011finde d\u00fczeltmek i\u00e7in tasarlanm\u0131\u015f faz s\u0131ras\u0131 d\u00fczeltme cihaz\u0131 (PCD). Fazlar aras\u0131nda her zaman \u00fc\u00e7 fazl\u0131 beslemeyi do\u011fru s\u0131rada tutar.<br \/>\n\u201cPCD\u201dler, end\u00fcstriyel ve ticari bir ortamda profesyonel kullan\u0131ma adanm\u0131\u015f PCD&#8217;lerdir.<br \/>\nFaz S\u0131ras\u0131 D\u00fczeltme Cihaz\u0131 (PCD) CE i\u015faretli ve a\u015fa\u011f\u0131da listelenen talimatlara g\u00f6re kullan\u0131lan \u201cPCD\u201d modelleri, EMC direktifi 89\/336 e 92\/31 a 93\/68 ECC&#8217;ye uymak i\u00e7in temel gereksinimlere sahiptir.<\/p>\n","protected":false},"excerpt":{"rendered":"<p>Faz S\u0131ras\u0131 D\u00fczeltme Cihaz\u0131 (PCD) 250 \u2013 500kVA RYB s\u0131ralar\u0131 de\u011fi\u015fti\u011finde d\u00fczeltmek i\u00e7in tasarlanm\u0131\u015f faz s\u0131ras\u0131 d\u00fczeltme cihaz\u0131 (PCD). Fazlar<\/p>\n","protected":false},"featured_media":10332,"comment_status":"open","ping_status":"closed","template":"","meta":[],"product_cat":[168],"product_tag":[],"class_list":{"0":"post-10330","1":"product","2":"type-product","3":"status-publish","4":"has-post-thumbnail","6":"product_cat-pcd-tr","8":"first","9":"instock","10":"shipping-taxable","11":"product-type-external"},"_links":{"self":[{"href":"https:\/\/epi-ups.com.tr\/tr\/wp-json\/wp\/v2\/product\/10330","targetHints":{"allow":["GET"]}}],"collection":[{"href":"https:\/\/epi-ups.com.tr\/tr\/wp-json\/wp\/v2\/product"}],"about":[{"href":"https:\/\/epi-ups.com.tr\/tr\/wp-json\/wp\/v2\/types\/product"}],"replies":[{"embeddable":true,"href":"https:\/\/epi-ups.com.tr\/tr\/wp-json\/wp\/v2\/comments?post=10330"}],"wp:featuredmedia":[{"embeddable":true,"href":"https:\/\/epi-ups.com.tr\/tr\/wp-json\/wp\/v2\/media\/10332"}],"wp:attachment":[{"href":"https:\/\/epi-ups.com.tr\/tr\/wp-json\/wp\/v2\/media?parent=10330"}],"wp:term":[{"taxonomy":"product_cat","embeddable":true,"href":"https:\/\/epi-ups.com.tr\/tr\/wp-json\/wp\/v2\/product_cat?post=10330"},{"taxonomy":"product_tag","embeddable":true,"href":"https:\/\/epi-ups.com.tr\/tr\/wp-json\/wp\/v2\/product_tag?post=10330"}],"curies":[{"name":"wp","href":"https:\/\/api.w.org\/{rel}","templated":true}]}}