{"id":10328,"date":"2025-01-14T18:46:00","date_gmt":"2025-01-14T18:46:00","guid":{"rendered":"https:\/\/epi-ups.com.tr\/product\/pro-smart\/"},"modified":"2025-02-22T18:31:59","modified_gmt":"2025-02-22T18:31:59","slug":"pro-smart","status":"publish","type":"product","link":"https:\/\/epi-ups.com.tr\/tr\/product\/pro-smart\/","title":{"rendered":"Pro-Smart"},"content":{"rendered":"<p>Pro-Smart Serisi Mikro Entegre Veri Merkezi, 1kVA&#8217;dan 10kVA&#8217;ya kadar, raf sistemi, g\u00fc\u00e7 da\u011f\u0131t\u0131m sistemi, so\u011futma sistemi, izleme sistemi ve gazl\u0131 yang\u0131n s\u00f6nd\u00fcrme sistemi dahil olmak \u00fczere 5 sistemle entegre edilmi\u015ftir, tek kabin ayak izi alan\u0131 sadece 0,72 metrekaredir, 10-20 metrekarelik sunucu odas\u0131 i\u00e7in iyi bir se\u00e7imdir.<\/p>\n<p>G\u00fcvenilir ve emniyetli:<\/p>\n<p>T\u00fcm par\u00e7alar uluslararas\u0131 standart g\u00fcvenilir \u00fcretim kalitesini takip eder.<br \/>\n\u00d6nceden \u00fcretilmi\u015f, \u00f6nceden monte edilmi\u015f, \u00f6nceden hata ay\u0131klanm\u0131\u015f, \u00fcr\u00fcn operasyonunun emniyetini ve g\u00fcvenilirli\u011fini sa\u011flar.<br \/>\nTek kabinli kendi kendine yeten sistem, her t\u00fcrl\u00fc karma\u015f\u0131k ko\u015fula uygundur (Tozlu, S\u0131n\u0131rl\u0131 alan, Klima yok).<br \/>\nGenel tasar\u0131m, genel teslimat, sistemin tasar\u0131m sorunlar\u0131ndan ka\u00e7\u0131n\u0131n.<br \/>\nAk\u0131ll\u0131 mermi kap\u0131 sistemi kanal a\u015f\u0131r\u0131 s\u0131cakl\u0131\u011f\u0131n\u0131 geciktirir, veri yedekleme i\u00e7in zaman tan\u0131r.<br \/>\nEntegre ak\u0131ll\u0131 izleme, sistemin g\u00fcvenli ve g\u00fcvenilir \u00e7al\u0131\u015fmas\u0131n\u0131 sa\u011flar.<\/p>\n<p>Ak\u0131ll\u0131 y\u00f6netim:<\/p>\n<p>\u0130zleme sistemi a\u00e7\u0131k ve geni\u015fletilebilir, kullan\u0131c\u0131 dostu aray\u00fczd\u00fcr. Yerel, uzaktan WEB eri\u015fim aray\u00fcz\u00fc ve SMS desteklenir.<\/p>\n<p>Enerji verimlili\u011fi:<\/p>\n<p>Daha yak\u0131n so\u011futma, verimli g\u00fc\u00e7 kayna\u011f\u0131, Tek kabin ortalama PUE\u22481.50.<br \/>\nG\u00fc\u00e7 da\u011f\u0131t\u0131m\u0131, UPS, izleme, so\u011futma, daha fazla yerden tasarruf sa\u011flayan \u00e7oklu kabin entegrasyonu.<br \/>\nTasar\u0131m ve kablolama gerektirmez, TCO&#8217;dan tasarruf sa\u011flayacak uzaktan ve g\u00f6zetimsiz \u00e7al\u0131\u015fma<\/p>\n<p>Uygulama:<\/p>\n<p>Seri h\u00fck\u00fcmet sunucu odas\u0131<\/p>\n<p>Finans ve BT end\u00fcstrisi<br \/>\nTicari ve turistik<br \/>\nBenzin istasyonu, gi\u015fe, ak\u0131ll\u0131 bina H\u00fck\u00fcmet ofisi<br \/>\nE\u011fitim ve t\u0131bbi kurum, enerji ve elektrik enerjisi end\u00fcstrisi<br \/>\nT\u00fct\u00fcn end\u00fcstrisi ve askeriye<\/p>\n<p>Basit ve Kullan\u0131\u015fl\u0131:<\/p>\n<p>Da\u011f\u0131t\u0131m mod\u00fcler tasar\u0131m\u0131, kullan\u0131\u015fl\u0131 kurulum ve bak\u0131m<br \/>\nRaf modeli dahili klima, kolay bak\u0131m<br \/>\n\u00d6zel dekorasyon gerekmez, kurulum ve hata ay\u0131klama d\u00f6ng\u00fcs\u00fc yaln\u0131zca 3 saattir<br \/>\nTek kabin sistemi, 2-3 kabine kadar geni\u015fletilebilir.<\/p>\n","protected":false},"excerpt":{"rendered":"<p>Pro-Smart Serisi Mikro Entegre Veri Merkezi, 1kVA&#8217;dan 10kVA&#8217;ya kadar, raf sistemi, g\u00fc\u00e7 da\u011f\u0131t\u0131m sistemi, so\u011futma sistemi, izleme sistemi ve gazl\u0131<\/p>\n","protected":false},"featured_media":10329,"comment_status":"open","ping_status":"closed","template":"","meta":[],"product_cat":[169,174],"product_tag":[],"class_list":{"0":"post-10328","1":"product","2":"type-product","3":"status-publish","4":"has-post-thumbnail","6":"product_cat-integrated-micro-data-centre-tr","7":"product_cat-others","9":"first","10":"instock","11":"shipping-taxable","12":"product-type-external"},"_links":{"self":[{"href":"https:\/\/epi-ups.com.tr\/tr\/wp-json\/wp\/v2\/product\/10328","targetHints":{"allow":["GET"]}}],"collection":[{"href":"https:\/\/epi-ups.com.tr\/tr\/wp-json\/wp\/v2\/product"}],"about":[{"href":"https:\/\/epi-ups.com.tr\/tr\/wp-json\/wp\/v2\/types\/product"}],"replies":[{"embeddable":true,"href":"https:\/\/epi-ups.com.tr\/tr\/wp-json\/wp\/v2\/comments?post=10328"}],"wp:featuredmedia":[{"embeddable":true,"href":"https:\/\/epi-ups.com.tr\/tr\/wp-json\/wp\/v2\/media\/10329"}],"wp:attachment":[{"href":"https:\/\/epi-ups.com.tr\/tr\/wp-json\/wp\/v2\/media?parent=10328"}],"wp:term":[{"taxonomy":"product_cat","embeddable":true,"href":"https:\/\/epi-ups.com.tr\/tr\/wp-json\/wp\/v2\/product_cat?post=10328"},{"taxonomy":"product_tag","embeddable":true,"href":"https:\/\/epi-ups.com.tr\/tr\/wp-json\/wp\/v2\/product_tag?post=10328"}],"curies":[{"name":"wp","href":"https:\/\/api.w.org\/{rel}","templated":true}]}}