{"id":10326,"date":"2025-01-14T18:47:48","date_gmt":"2025-01-14T18:47:48","guid":{"rendered":"https:\/\/epi-ups.com.tr\/product\/netman-101-102\/"},"modified":"2025-01-23T13:01:22","modified_gmt":"2025-01-23T13:01:22","slug":"netman-101-102","status":"publish","type":"product","link":"https:\/\/epi-ups.com.tr\/tr\/product\/netman-101-102\/","title":{"rendered":"Netman 101\/102"},"content":{"rendered":"<p>\u00d6ZELL\u0130KLER<\/p>\n<p>TELNET veya seri terminal \u00fczerinden yap\u0131land\u0131r\u0131l\u0131r<br \/>\nUPSMON yaz\u0131l\u0131m\u0131yla uyumludur<br \/>\n\u00d6zel RFC 1628 ve MIB ile a\u011f aray\u00fcz\u00fc (SNMP) standart ileti\u015fim protokol\u00fcn\u00fc destekler<br \/>\n\u00c7evresel sens\u00f6rleri y\u00f6netmek i\u00e7in RFC 3433 ile SNMP<br \/>\nTaray\u0131c\u0131 tabanl\u0131 g\u00f6r\u00fcnt\u00fcleme i\u00e7in entegre Web sunucusu<br \/>\nTeleNetGuard modem uyumlu<br \/>\nSeri port \u00fczerinden y\u00fckseltilebilir \u00fcr\u00fcn yaz\u0131l\u0131m\u0131<br \/>\nSMTP sunucusu \u00fczerinden g\u00f6nderilen e-posta<\/p>\n","protected":false},"excerpt":{"rendered":"<p>\u00d6ZELL\u0130KLER TELNET veya seri terminal \u00fczerinden yap\u0131land\u0131r\u0131l\u0131r UPSMON yaz\u0131l\u0131m\u0131yla uyumludur \u00d6zel RFC 1628 ve MIB ile a\u011f aray\u00fcz\u00fc (SNMP) standart<\/p>\n","protected":false},"featured_media":10327,"comment_status":"open","ping_status":"closed","template":"","meta":[],"product_cat":[170],"product_tag":[],"class_list":{"0":"post-10326","1":"product","2":"type-product","3":"status-publish","4":"has-post-thumbnail","6":"product_cat-software-connectivity-tr","8":"first","9":"instock","10":"shipping-taxable","11":"product-type-simple"},"_links":{"self":[{"href":"https:\/\/epi-ups.com.tr\/tr\/wp-json\/wp\/v2\/product\/10326","targetHints":{"allow":["GET"]}}],"collection":[{"href":"https:\/\/epi-ups.com.tr\/tr\/wp-json\/wp\/v2\/product"}],"about":[{"href":"https:\/\/epi-ups.com.tr\/tr\/wp-json\/wp\/v2\/types\/product"}],"replies":[{"embeddable":true,"href":"https:\/\/epi-ups.com.tr\/tr\/wp-json\/wp\/v2\/comments?post=10326"}],"wp:featuredmedia":[{"embeddable":true,"href":"https:\/\/epi-ups.com.tr\/tr\/wp-json\/wp\/v2\/media\/10327"}],"wp:attachment":[{"href":"https:\/\/epi-ups.com.tr\/tr\/wp-json\/wp\/v2\/media?parent=10326"}],"wp:term":[{"taxonomy":"product_cat","embeddable":true,"href":"https:\/\/epi-ups.com.tr\/tr\/wp-json\/wp\/v2\/product_cat?post=10326"},{"taxonomy":"product_tag","embeddable":true,"href":"https:\/\/epi-ups.com.tr\/tr\/wp-json\/wp\/v2\/product_tag?post=10326"}],"curies":[{"name":"wp","href":"https:\/\/api.w.org\/{rel}","templated":true}]}}