{"id":10322,"date":"2025-01-14T18:48:44","date_gmt":"2025-01-14T18:48:44","guid":{"rendered":"https:\/\/epi-ups.com.tr\/product\/multicom-351-352\/"},"modified":"2025-01-23T12:37:48","modified_gmt":"2025-01-23T12:37:48","slug":"multicom-351-352","status":"publish","type":"product","link":"https:\/\/epi-ups.com.tr\/tr\/product\/multicom-351-352\/","title":{"rendered":"MultiCOM 351\/352"},"content":{"rendered":"<p><strong>\u00d6ZELL\u0130KLER<\/strong><\/p>\n<p>En fazla 4 seri ileti\u015fim portu sa\u011flayan kademeli yap\u0131land\u0131rma<br \/>\nLED ileti\u015fim ak\u0131\u015f g\u00f6stergeleri<br \/>\nSeri port \u00fczerinden y\u00fckseltilebilir donan\u0131m yaz\u0131l\u0131m\u0131<\/p>\n","protected":false},"excerpt":{"rendered":"<p>\u00d6ZELL\u0130KLER En fazla 4 seri ileti\u015fim portu sa\u011flayan kademeli yap\u0131land\u0131rma LED ileti\u015fim ak\u0131\u015f g\u00f6stergeleri Seri port \u00fczerinden y\u00fckseltilebilir donan\u0131m yaz\u0131l\u0131m\u0131<\/p>\n","protected":false},"featured_media":10323,"comment_status":"open","ping_status":"closed","template":"","meta":[],"product_cat":[170],"product_tag":[],"class_list":{"0":"post-10322","1":"product","2":"type-product","3":"status-publish","4":"has-post-thumbnail","6":"product_cat-software-connectivity-tr","8":"first","9":"instock","10":"shipping-taxable","11":"product-type-simple"},"_links":{"self":[{"href":"https:\/\/epi-ups.com.tr\/tr\/wp-json\/wp\/v2\/product\/10322","targetHints":{"allow":["GET"]}}],"collection":[{"href":"https:\/\/epi-ups.com.tr\/tr\/wp-json\/wp\/v2\/product"}],"about":[{"href":"https:\/\/epi-ups.com.tr\/tr\/wp-json\/wp\/v2\/types\/product"}],"replies":[{"embeddable":true,"href":"https:\/\/epi-ups.com.tr\/tr\/wp-json\/wp\/v2\/comments?post=10322"}],"wp:featuredmedia":[{"embeddable":true,"href":"https:\/\/epi-ups.com.tr\/tr\/wp-json\/wp\/v2\/media\/10323"}],"wp:attachment":[{"href":"https:\/\/epi-ups.com.tr\/tr\/wp-json\/wp\/v2\/media?parent=10322"}],"wp:term":[{"taxonomy":"product_cat","embeddable":true,"href":"https:\/\/epi-ups.com.tr\/tr\/wp-json\/wp\/v2\/product_cat?post=10322"},{"taxonomy":"product_tag","embeddable":true,"href":"https:\/\/epi-ups.com.tr\/tr\/wp-json\/wp\/v2\/product_tag?post=10322"}],"curies":[{"name":"wp","href":"https:\/\/api.w.org\/{rel}","templated":true}]}}