{"id":10320,"date":"2025-01-14T18:49:06","date_gmt":"2025-01-14T18:49:06","guid":{"rendered":"https:\/\/epi-ups.com.tr\/product\/multicom-362\/"},"modified":"2025-01-23T12:37:22","modified_gmt":"2025-01-23T12:37:22","slug":"multicom-362","status":"publish","type":"product","link":"https:\/\/epi-ups.com.tr\/tr\/product\/multicom-362\/","title":{"rendered":"MultiCOM 362"},"content":{"rendered":"<p><strong>MultiCOM 362<\/strong><br \/>\n<strong>Seri\/USB Portu<\/strong><\/p>\n<p>MultiCOM 362, ek bir RS232 seri aray\u00fcz\u00fc veya USB portu olan bir UPS sa\u011flar. USB portu, UPS&#8217;in Apple Macintosh bilgisayarlar\u0131n yan\u0131 s\u0131ra Windows ve Linux i\u015fletim sistemleriyle ileti\u015fim kurmas\u0131n\u0131 sa\u011flar.<\/p>\n<p>USB 1 veya 2 ile uyumludur<br \/>\nUPSMon ile uyumludur<\/p>\n","protected":false},"excerpt":{"rendered":"<p>MultiCOM 362 Seri\/USB Portu MultiCOM 362, ek bir RS232 seri aray\u00fcz\u00fc veya USB portu olan bir UPS sa\u011flar. USB portu,<\/p>\n","protected":false},"featured_media":10321,"comment_status":"open","ping_status":"closed","template":"","meta":[],"product_cat":[170],"product_tag":[],"class_list":{"0":"post-10320","1":"product","2":"type-product","3":"status-publish","4":"has-post-thumbnail","6":"product_cat-software-connectivity-tr","8":"first","9":"instock","10":"shipping-taxable","11":"product-type-simple"},"_links":{"self":[{"href":"https:\/\/epi-ups.com.tr\/tr\/wp-json\/wp\/v2\/product\/10320","targetHints":{"allow":["GET"]}}],"collection":[{"href":"https:\/\/epi-ups.com.tr\/tr\/wp-json\/wp\/v2\/product"}],"about":[{"href":"https:\/\/epi-ups.com.tr\/tr\/wp-json\/wp\/v2\/types\/product"}],"replies":[{"embeddable":true,"href":"https:\/\/epi-ups.com.tr\/tr\/wp-json\/wp\/v2\/comments?post=10320"}],"wp:featuredmedia":[{"embeddable":true,"href":"https:\/\/epi-ups.com.tr\/tr\/wp-json\/wp\/v2\/media\/10321"}],"wp:attachment":[{"href":"https:\/\/epi-ups.com.tr\/tr\/wp-json\/wp\/v2\/media?parent=10320"}],"wp:term":[{"taxonomy":"product_cat","embeddable":true,"href":"https:\/\/epi-ups.com.tr\/tr\/wp-json\/wp\/v2\/product_cat?post=10320"},{"taxonomy":"product_tag","embeddable":true,"href":"https:\/\/epi-ups.com.tr\/tr\/wp-json\/wp\/v2\/product_tag?post=10320"}],"curies":[{"name":"wp","href":"https:\/\/api.w.org\/{rel}","templated":true}]}}