{"id":10318,"date":"2025-01-14T18:49:33","date_gmt":"2025-01-14T18:49:33","guid":{"rendered":"https:\/\/epi-ups.com.tr\/product\/multicom-372\/"},"modified":"2025-01-23T12:37:04","modified_gmt":"2025-01-23T12:37:04","slug":"multicom-372","status":"publish","type":"product","link":"https:\/\/epi-ups.com.tr\/tr\/product\/multicom-372\/","title":{"rendered":"MultiCOM 372"},"content":{"rendered":"<p><strong>MultiCOM 372<\/strong><br \/>\n<strong>Seri\/EPO Portu<\/strong><\/p>\n<p>MultiCOM 372, ek bir RS232 seri aray\u00fcz portuna sahip bir UPS sa\u011flar. Kartta terminal ba\u011flant\u0131lar\u0131na sahip Acil G\u00fc\u00e7 Kapatma (EPO) ve Uzaktan Kapatma (RSD) giri\u015fleri bulunur.<\/p>\n<p>EPO ve UPS kapatma aray\u00fcz\u00fc<br \/>\n12Vdc 80mA kontak se\u00e7ene\u011fi<\/p>\n","protected":false},"excerpt":{"rendered":"<p>MultiCOM 372 Seri\/EPO Portu MultiCOM 372, ek bir RS232 seri aray\u00fcz portuna sahip bir UPS sa\u011flar. Kartta terminal ba\u011flant\u0131lar\u0131na sahip<\/p>\n","protected":false},"featured_media":10319,"comment_status":"open","ping_status":"closed","template":"","meta":[],"product_cat":[170],"product_tag":[],"class_list":{"0":"post-10318","1":"product","2":"type-product","3":"status-publish","4":"has-post-thumbnail","6":"product_cat-software-connectivity-tr","8":"first","9":"instock","10":"shipping-taxable","11":"product-type-simple"},"_links":{"self":[{"href":"https:\/\/epi-ups.com.tr\/tr\/wp-json\/wp\/v2\/product\/10318","targetHints":{"allow":["GET"]}}],"collection":[{"href":"https:\/\/epi-ups.com.tr\/tr\/wp-json\/wp\/v2\/product"}],"about":[{"href":"https:\/\/epi-ups.com.tr\/tr\/wp-json\/wp\/v2\/types\/product"}],"replies":[{"embeddable":true,"href":"https:\/\/epi-ups.com.tr\/tr\/wp-json\/wp\/v2\/comments?post=10318"}],"wp:featuredmedia":[{"embeddable":true,"href":"https:\/\/epi-ups.com.tr\/tr\/wp-json\/wp\/v2\/media\/10319"}],"wp:attachment":[{"href":"https:\/\/epi-ups.com.tr\/tr\/wp-json\/wp\/v2\/media?parent=10318"}],"wp:term":[{"taxonomy":"product_cat","embeddable":true,"href":"https:\/\/epi-ups.com.tr\/tr\/wp-json\/wp\/v2\/product_cat?post=10318"},{"taxonomy":"product_tag","embeddable":true,"href":"https:\/\/epi-ups.com.tr\/tr\/wp-json\/wp\/v2\/product_tag?post=10318"}],"curies":[{"name":"wp","href":"https:\/\/api.w.org\/{rel}","templated":true}]}}