{"id":10316,"date":"2025-01-14T18:49:55","date_gmt":"2025-01-14T18:49:55","guid":{"rendered":"https:\/\/epi-ups.com.tr\/product\/multicom-382\/"},"modified":"2025-01-23T12:36:30","modified_gmt":"2025-01-23T12:36:30","slug":"multicom-382","status":"publish","type":"product","link":"https:\/\/epi-ups.com.tr\/tr\/product\/multicom-382\/","title":{"rendered":"MultiCOM 382"},"content":{"rendered":"<p><strong>MultiCOM 382<\/strong><br \/>\n<strong>Kontaklar\/EPO Kart\u0131<\/strong><\/p>\n<p>MultiCOM 382, \u200b\u200bUPS alarm\u0131 ve durum g\u00f6stergesi sa\u011flamak i\u00e7in bir dizi r\u00f6le konta\u011f\u0131 sa\u011flar. Kontaklar terminal ba\u011flant\u0131lar\u0131 arac\u0131l\u0131\u011f\u0131yla ba\u011flan\u0131r. Sinyal kontaklar\u0131 aras\u0131nda Acil G\u00fc\u00e7 Kapatma (EPO), Uzaktan Kapatma (RSD), Ak\u00fcde, Baypasta, Alarm ve D\u00fc\u015f\u00fck ak\u00fc bulunur. Kontaklar de\u011fi\u015ftirilir veya normalde a\u00e7\u0131kt\u0131r.<\/p>\n<p>250Vac&#8217;de maksimum 3A ak\u0131m<br \/>\nSinyal konta\u011f\u0131 \u00f6zelle\u015ftirmesi<\/p>\n","protected":false},"excerpt":{"rendered":"<p>MultiCOM 382 Kontaklar\/EPO Kart\u0131 MultiCOM 382, \u200b\u200bUPS alarm\u0131 ve durum g\u00f6stergesi sa\u011flamak i\u00e7in bir dizi r\u00f6le konta\u011f\u0131 sa\u011flar. Kontaklar terminal<\/p>\n","protected":false},"featured_media":10317,"comment_status":"open","ping_status":"closed","template":"","meta":[],"product_cat":[170],"product_tag":[],"class_list":{"0":"post-10316","1":"product","2":"type-product","3":"status-publish","4":"has-post-thumbnail","6":"product_cat-software-connectivity-tr","8":"first","9":"instock","10":"shipping-taxable","11":"product-type-simple"},"_links":{"self":[{"href":"https:\/\/epi-ups.com.tr\/tr\/wp-json\/wp\/v2\/product\/10316","targetHints":{"allow":["GET"]}}],"collection":[{"href":"https:\/\/epi-ups.com.tr\/tr\/wp-json\/wp\/v2\/product"}],"about":[{"href":"https:\/\/epi-ups.com.tr\/tr\/wp-json\/wp\/v2\/types\/product"}],"replies":[{"embeddable":true,"href":"https:\/\/epi-ups.com.tr\/tr\/wp-json\/wp\/v2\/comments?post=10316"}],"wp:featuredmedia":[{"embeddable":true,"href":"https:\/\/epi-ups.com.tr\/tr\/wp-json\/wp\/v2\/media\/10317"}],"wp:attachment":[{"href":"https:\/\/epi-ups.com.tr\/tr\/wp-json\/wp\/v2\/media?parent=10316"}],"wp:term":[{"taxonomy":"product_cat","embeddable":true,"href":"https:\/\/epi-ups.com.tr\/tr\/wp-json\/wp\/v2\/product_cat?post=10316"},{"taxonomy":"product_tag","embeddable":true,"href":"https:\/\/epi-ups.com.tr\/tr\/wp-json\/wp\/v2\/product_tag?post=10316"}],"curies":[{"name":"wp","href":"https:\/\/api.w.org\/{rel}","templated":true}]}}