{"id":10310,"date":"2025-01-14T18:29:43","date_gmt":"2025-01-14T18:29:43","guid":{"rendered":"https:\/\/epi-ups.com.tr\/product\/rmd-2000-62-5-series\/"},"modified":"2025-01-23T13:19:42","modified_gmt":"2025-01-23T13:19:42","slug":"rmd-2000-62-5-series","status":"publish","type":"product","link":"https:\/\/epi-ups.com.tr\/tr\/product\/rmd-2000-62-5-series\/","title":{"rendered":"RMD 2000\/62.5 Series"},"content":{"rendered":"<p>RMD 2000\/62.5 Serisi<br \/>\n50~2000kVA Mod\u00fcler UPS<\/p>\n<p>\u00d6zellikler<br \/>\n\u2022 Tamamen dijital kontrol, esnek ve<br \/>\nsa\u011flam.<br \/>\n\u2022 IoT i\u015flevlerine sahip 10 in\u00e7 dokunmatik LCD.<br \/>\n\u2022 Bile\u015fen seviyesinin korunmas\u0131yla y\u00fcksek g\u00fcvenilirlik ve \u00e7evre<br \/>\nuyarlanabilirli\u011fi.<br \/>\n\u2022 Ak\u0131ll\u0131 sistem kendi kendine te\u015fhis, zengin<br \/>\nar\u0131za kayd\u0131, b\u00fcy\u00fck<br \/>\nkapasiteli ge\u00e7mi\u015f<br \/>\nkay\u0131t depolama alan\u0131.<br \/>\nRMD 2000\/62.5 Serisi<br \/>\n50~2000kVA Mod\u00fcler UPS<br \/>\n\u2022 2,0 MVA&#8217;ya kadar maksimum sistem kapasitesi, mega<br \/>\nveri merkezleri i\u00e7in en iyi \u00e7\u00f6z\u00fcm<\/p>\n","protected":false},"excerpt":{"rendered":"<p>RMD 2000\/62.5 Serisi 50~2000kVA Mod\u00fcler UPS \u00d6zellikler \u2022 Tamamen dijital kontrol, esnek ve sa\u011flam. \u2022 IoT i\u015flevlerine sahip 10 in\u00e7<\/p>\n","protected":false},"featured_media":10312,"comment_status":"open","ping_status":"closed","template":"","meta":[],"product_cat":[158,155],"product_tag":[],"class_list":{"0":"post-10310","1":"product","2":"type-product","3":"status-publish","4":"has-post-thumbnail","6":"product_cat-modular-ups-tr","7":"product_cat-ups-tr","9":"first","10":"instock","11":"shipping-taxable","12":"product-type-external"},"_links":{"self":[{"href":"https:\/\/epi-ups.com.tr\/tr\/wp-json\/wp\/v2\/product\/10310","targetHints":{"allow":["GET"]}}],"collection":[{"href":"https:\/\/epi-ups.com.tr\/tr\/wp-json\/wp\/v2\/product"}],"about":[{"href":"https:\/\/epi-ups.com.tr\/tr\/wp-json\/wp\/v2\/types\/product"}],"replies":[{"embeddable":true,"href":"https:\/\/epi-ups.com.tr\/tr\/wp-json\/wp\/v2\/comments?post=10310"}],"wp:featuredmedia":[{"embeddable":true,"href":"https:\/\/epi-ups.com.tr\/tr\/wp-json\/wp\/v2\/media\/10312"}],"wp:attachment":[{"href":"https:\/\/epi-ups.com.tr\/tr\/wp-json\/wp\/v2\/media?parent=10310"}],"wp:term":[{"taxonomy":"product_cat","embeddable":true,"href":"https:\/\/epi-ups.com.tr\/tr\/wp-json\/wp\/v2\/product_cat?post=10310"},{"taxonomy":"product_tag","embeddable":true,"href":"https:\/\/epi-ups.com.tr\/tr\/wp-json\/wp\/v2\/product_tag?post=10310"}],"curies":[{"name":"wp","href":"https:\/\/api.w.org\/{rel}","templated":true}]}}