{"id":10308,"date":"2025-01-14T18:30:58","date_gmt":"2025-01-14T18:30:58","guid":{"rendered":"https:\/\/epi-ups.com.tr\/product\/hm-plus-series-10-800kva\/"},"modified":"2025-02-22T18:26:20","modified_gmt":"2025-02-22T18:26:20","slug":"hm-plus-series-10-800kva","status":"publish","type":"product","link":"https:\/\/epi-ups.com.tr\/tr\/product\/hm-plus-series-10-800kva\/","title":{"rendered":"HM Plus Series 10-800kVA"},"content":{"rendered":"<p>HM Plus Serisi 10-800KVA End\u00fcstriyel UPS<br \/>\n348\/220\/110 VDC<br \/>\n\u00c7ift D\u00f6n\u00fc\u015f\u00fcml\u00fc \u00c7evrimi\u00e7i (VFI)<br \/>\n\u00dcr\u00fcn<\/p>\n<p>HM Plus serisi, \u00e7\u0131k\u0131\u015f izolasyonu, \u00e7ift \u00e7evrimi\u00e7i d\u00f6n\u00fc\u015f\u00fcm tasar\u0131m\u0131 ve y\u00fcksek h\u0131z\u0131yla tamamen ak\u0131ll\u0131 ve dijital bir UPS&#8217;dir. Ayr\u0131ca, IGBT do\u011frultucu ve faz kontroll\u00fc do\u011frultucu aras\u0131nda m\u00fckemmel uyumlulukla tasarlanm\u0131\u015ft\u0131r ve kullan\u0131c\u0131n\u0131n gerekli farkl\u0131 gereksinimleri kar\u015f\u0131lamak i\u00e7in ikisi aras\u0131nda se\u00e7im yapmas\u0131na olanak tan\u0131r.<\/p>\n<p>HM Plus serisi, IGBT bile\u015feninin PFC i\u015flev teknolojisini benimsedikten sonra 0,975&#8217;ten daha y\u00fcksek bir g\u00fc\u00e7 fakt\u00f6r\u00fcne sahiptir. Giri\u015f harmonik ve reaktif g\u00fc\u00e7 kayb\u0131n\u0131n azalt\u0131lmas\u0131yla, y\u00fcksek verimlili\u011fe sahip enerji tasarrufu sa\u011flayan bir UPS haline gelir. Ayr\u0131ca, \u00e7e\u015fitli \u00fclkelerin farkl\u0131 g\u00fc\u00e7 kayna\u011f\u0131 standartlar\u0131n\u0131 kar\u015f\u0131lamak i\u00e7in yap\u0131land\u0131r\u0131labilir elektriksel \u00f6zelliklere sahip kullan\u0131c\u0131 dostu tek dokunu\u015flu 7 in\u00e7 renkli LCD ekran kontrol\u00fc i\u00e7erir. Nem ge\u00e7irmez, tuz sisi ge\u00e7irmez, k\u00fcf ge\u00e7irmez olmas\u0131n\u0131 sa\u011flamak i\u00e7in uygun kaplama i\u015flemine sahip ana PCB kartlar\u0131 &#8211; bu nedenle herhangi bir y\u00fcksek kirlili\u011fe sahip end\u00fcstriyel ortam i\u00e7in uygundur.<\/p>\n<p>M\u00fckemmel a\u015f\u0131r\u0131 y\u00fck kapasitesi, be\u015f a\u015famal\u0131 a\u015f\u0131r\u0131 y\u00fck koruma teknolojisini benimseyerek, en zorlu end\u00fcstriyel y\u00fckler i\u00e7in uygundur. Geli\u015fmi\u015f alg\u0131lama ve koruma \u00f6nlemlerini benimsemi\u015ftir ve teknoloji, sistemin g\u00fcvenilirli\u011fini art\u0131rmak i\u00e7in IGBT bile\u015fenlerinin ortak iletimi s\u0131ras\u0131nda ak\u0131m\u0131n geriye do\u011fru akmas\u0131n\u0131 \u00f6nler. 0,93&#8217;e kadar y\u00fcksek bir verimlili\u011fe sahip olmas\u0131, UPS&#8217;deki enerji t\u00fcketimini azaltmaya da yard\u0131mc\u0131 olur.<\/p>\n<p>\u00d6zellikler:<br \/>\n\u00c7\u0131k\u0131\u015f \u0130zoleli d\u00fc\u015f\u00fck frekansl\u0131 transformat\u00f6r<br \/>\nPFC&#8217;li IGBT do\u011frultucu Mod\u00fcl\u00fc<br \/>\nTam k\u00f6pr\u00fc IGBT invert\u00f6r mod\u00fcl\u00fc<br \/>\nStatik Baypas bile\u015fenleri<br \/>\n\u00c7ift ba\u011f\u0131ms\u0131z b\u00fcy\u00fck \u00f6l\u00e7ekli DSP kontrol\u00fc<br \/>\nDonan\u0131m ve yaz\u0131l\u0131m kar\u015f\u0131l\u0131kl\u0131 yedeklili\u011fi<br \/>\nEnd\u00fcstriyel ortam i\u00e7in g\u00fc\u00e7l\u00fc \u00e7elik yap\u0131<br \/>\nLCD dokunmatik ekran kontrol\u00fc<br \/>\n\u00dc\u00e7 a\u015famal\u0131 ak\u0131ll\u0131 pil y\u00f6netim sistemi<br \/>\nAk\u0131ll\u0131 fan d\u00f6n\u00fc\u015f h\u0131z\u0131 kontrol\u00fc yedekli cihaz<br \/>\nGeni\u015fletilebilir paralel bile\u015fenler<br \/>\nKuru kontak ve RS232\/rs4 (MODBUS) portu<\/p>\n","protected":false},"excerpt":{"rendered":"<p>HM Plus Serisi 10-800KVA End\u00fcstriyel UPS 348\/220\/110 VDC \u00c7ift D\u00f6n\u00fc\u015f\u00fcml\u00fc \u00c7evrimi\u00e7i (VFI) \u00dcr\u00fcn HM Plus serisi, \u00e7\u0131k\u0131\u015f izolasyonu, \u00e7ift \u00e7evrimi\u00e7i<\/p>\n","protected":false},"featured_media":10309,"comment_status":"open","ping_status":"closed","template":"","meta":[],"product_cat":[159,179,155],"product_tag":[],"class_list":{"0":"post-10308","1":"product","2":"type-product","3":"status-publish","4":"has-post-thumbnail","6":"product_cat-industrial-ups-tr","7":"product_cat-uninteruptible-power-supply-tr","8":"product_cat-ups-tr","10":"first","11":"instock","12":"shipping-taxable","13":"product-type-external"},"_links":{"self":[{"href":"https:\/\/epi-ups.com.tr\/tr\/wp-json\/wp\/v2\/product\/10308","targetHints":{"allow":["GET"]}}],"collection":[{"href":"https:\/\/epi-ups.com.tr\/tr\/wp-json\/wp\/v2\/product"}],"about":[{"href":"https:\/\/epi-ups.com.tr\/tr\/wp-json\/wp\/v2\/types\/product"}],"replies":[{"embeddable":true,"href":"https:\/\/epi-ups.com.tr\/tr\/wp-json\/wp\/v2\/comments?post=10308"}],"wp:featuredmedia":[{"embeddable":true,"href":"https:\/\/epi-ups.com.tr\/tr\/wp-json\/wp\/v2\/media\/10309"}],"wp:attachment":[{"href":"https:\/\/epi-ups.com.tr\/tr\/wp-json\/wp\/v2\/media?parent=10308"}],"wp:term":[{"taxonomy":"product_cat","embeddable":true,"href":"https:\/\/epi-ups.com.tr\/tr\/wp-json\/wp\/v2\/product_cat?post=10308"},{"taxonomy":"product_tag","embeddable":true,"href":"https:\/\/epi-ups.com.tr\/tr\/wp-json\/wp\/v2\/product_tag?post=10308"}],"curies":[{"name":"wp","href":"https:\/\/api.w.org\/{rel}","templated":true}]}}