{"id":10306,"date":"2025-01-14T18:32:38","date_gmt":"2025-01-14T18:32:38","guid":{"rendered":"https:\/\/epi-ups.com.tr\/product\/n-sts-32a-120a\/"},"modified":"2025-02-22T18:29:01","modified_gmt":"2025-02-22T18:29:01","slug":"n-sts-32a-120a","status":"publish","type":"product","link":"https:\/\/epi-ups.com.tr\/tr\/product\/n-sts-32a-120a\/","title":{"rendered":"n-STS (32A-120A)"},"content":{"rendered":"<p>n-STS Statik Transfer<br \/>\nAnahtar\u0131 Tek Fazl\u013132A, 63A, 115A, 120A<\/p>\n<p>\u00dcr\u00fcn:<\/p>\n<p>n-STS tek fazl\u0131, EPI STS serisinin bir par\u00e7as\u0131d\u0131r ve farkl\u0131 g\u00fc\u00e7 de\u011ferlerine sahip tek fazl\u0131 y\u00fckleri korumak i\u00e7in uygun \u00e7\u00f6z\u00fcmler sunar. n-STS, \u00fc\u00e7 boyutta mevcuttur &#8211; 32, 63 ve 120 A &#8211; ve bu nedenle tek fazl\u0131 y\u00fcklerin korunmas\u0131 i\u00e7in \u00e7e\u015fitli gereksinimleri kar\u015f\u0131layabilir.<\/p>\n<p>Kullan\u0131m Esnekli\u011fi:<br \/>\nT\u00fcm n-STS versiyonlar\u0131, yerinde kurulumun yan\u0131 s\u0131ra te\u015fhis, kontrol ve bak\u0131m i\u015flemlerini kolayla\u015ft\u0131ran kriterlerle tasarlanm\u0131\u015ft\u0131r. T\u00fcm modeller manuel baypas ile donat\u0131lm\u0131\u015ft\u0131r ve s\u0131cak de\u011fi\u015ftirme i\u015flevi, ar\u0131zalar durumunda uzman olmayan personel taraf\u0131ndan h\u0131zl\u0131 d\u00fczeltici m\u00fcdahalelere olanak tan\u0131r.<\/p>\n<p>Tam Te\u015fhis:<br \/>\nT\u00fcm n-STS versiyonlar\u0131, \u00e7ok i\u015flevli tu\u015flara sahip 32 karakterli LCD ekranlar ve kontrol panelleriyle donat\u0131lm\u0131\u015ft\u0131r. Bu, besleme okumalar\u0131n\u0131n, anahtar durumunun ve \u00e7evre ko\u015fullar\u0131n\u0131n h\u0131zl\u0131 ve sezgisel bir \u015fekilde izlenmesini sa\u011flar. n-STS, \u00fc\u00e7 standart programlanabilir kuru kontak, acil kapatma i\u00e7in bir giri\u015f, 232 seri ba\u011flant\u0131 ve geni\u015fletme kart\u0131n\u0131 bar\u0131nd\u0131rmak i\u00e7in bir yuva ile donat\u0131lm\u0131\u015ft\u0131r, b\u00f6ylece uzaktan kumanda ve izleme i\u00e7in aray\u00fcz \u00e7\u00f6z\u00fcmlerinin tam kullan\u0131labilirli\u011fini garanti eder.<\/p>\n<p>Y\u00fck Korumas\u0131:<br \/>\nn-STS transfer anahtar\u0131 ile y\u00fckler kritik \u00e7evresel durumlara ve \u015febeke g\u00fc\u00e7 parazitlerine kar\u015f\u0131 korunur. Mikroi\u015flemci kontrol\u00fc ve trist\u00f6r statik anahtarlar\u0131n\u0131n kullan\u0131m\u0131, g\u00fc\u00e7 kayna\u011f\u0131 kaynaklar\u0131n\u0131n s\u00fcrekli izlenmesini ve bir ar\u0131za durumunda iki kaynak aras\u0131ndaki anahtarlama s\u00fcrelerinin azalt\u0131lmas\u0131n\u0131 sa\u011flar. \u00c7\u0131k\u0131\u015f ak\u0131m\u0131n\u0131n s\u00fcrekli izlenmesi, t\u00fcketicilerdeki herhangi bir k\u0131sa devre ak\u0131m\u0131n\u0131n h\u0131zl\u0131 bir \u015fekilde tan\u0131mlanmas\u0131n\u0131 ve k\u0131sa devrelerin di\u011fer y\u00fcklere yay\u0131lmas\u0131n\u0131 \u00f6nler. n-STS, iki kaynak i\u00e7in termal-manyetik koruma ile donat\u0131lm\u0131\u015ft\u0131r, ar\u0131za durumunda h\u0131zl\u0131 m\u00fcdahale ve entegre geri besleme korumas\u0131 sa\u011flar. n-STS, hem manuel anahtarlama durumunda hem de g\u00fc\u00e7 kayna\u011f\u0131ndaki bir ar\u0131za taraf\u0131ndan tetiklenen otomatik anahtarlama durumunda iki g\u00fc\u00e7 kayna\u011f\u0131 aras\u0131ndaki anahtarlama s\u00fcrelerinin bir d\u00f6ng\u00fcn\u00fcn d\u00f6rtte birinden daha az olmas\u0131n\u0131 sa\u011flar.<\/p>\n<p>\u00d6zellikler:<br \/>\nArtt\u0131r\u0131lm\u0131\u015f G\u00fc\u00e7 Kalitesi<br \/>\nArtt\u0131r\u0131lm\u0131\u015f G\u00fcr\u00fclt\u00fc Azaltma<br \/>\n\u00c7ift \u00e7\u0131k\u0131\u015f terminali<br \/>\nG\u00fc\u00e7 Kesintisi korumas\u0131<br \/>\nG\u00fc\u00e7 Yedeklili\u011fi<br \/>\nOtomatik Statik Anahtarlama<br \/>\nUzaktan \u0130zleme Giri\u015f G\u00fc\u00e7 Kayna\u011f\u0131<br \/>\nGiri\u015f Kayna\u011f\u0131na Kolay Statik ve Mekanik Transfer<br \/>\nG\u00fc\u00e7 Olaylar\u0131n\u0131n Uzaktan Y\u00f6netimi<br \/>\nG\u00fc\u00e7 Olay\u0131 Kayd\u0131<br \/>\n\u00c7\u0131k\u0131\u015f Ak\u0131m\u0131 Kapasitesi (K\u0131sa S\u00fcre \u0130\u00e7in %1000)<br \/>\n2 y\u0131l garanti<br \/>\n10 y\u0131l yedek par\u00e7a deste\u011fi<br \/>\n19\u201d Raf Kabini<br \/>\nEC Y\u00f6nergesi&#8217;ne G\u00f6re \u00dcretim; EN62310<\/p>\n","protected":false},"excerpt":{"rendered":"<p>n-STS Statik Transfer Anahtar\u0131 Tek Fazl\u013132A, 63A, 115A, 120A \u00dcr\u00fcn: n-STS tek fazl\u0131, EPI STS serisinin bir par\u00e7as\u0131d\u0131r ve farkl\u0131<\/p>\n","protected":false},"featured_media":10307,"comment_status":"open","ping_status":"closed","template":"","meta":[],"product_cat":[173,160],"product_tag":[],"class_list":{"0":"post-10306","1":"product","2":"type-product","3":"status-publish","4":"has-post-thumbnail","6":"product_cat-multi-switch","7":"product_cat-static-transfer-switch-tr","9":"first","10":"instock","11":"shipping-taxable","12":"product-type-external"},"_links":{"self":[{"href":"https:\/\/epi-ups.com.tr\/tr\/wp-json\/wp\/v2\/product\/10306","targetHints":{"allow":["GET"]}}],"collection":[{"href":"https:\/\/epi-ups.com.tr\/tr\/wp-json\/wp\/v2\/product"}],"about":[{"href":"https:\/\/epi-ups.com.tr\/tr\/wp-json\/wp\/v2\/types\/product"}],"replies":[{"embeddable":true,"href":"https:\/\/epi-ups.com.tr\/tr\/wp-json\/wp\/v2\/comments?post=10306"}],"wp:featuredmedia":[{"embeddable":true,"href":"https:\/\/epi-ups.com.tr\/tr\/wp-json\/wp\/v2\/media\/10307"}],"wp:attachment":[{"href":"https:\/\/epi-ups.com.tr\/tr\/wp-json\/wp\/v2\/media?parent=10306"}],"wp:term":[{"taxonomy":"product_cat","embeddable":true,"href":"https:\/\/epi-ups.com.tr\/tr\/wp-json\/wp\/v2\/product_cat?post=10306"},{"taxonomy":"product_tag","embeddable":true,"href":"https:\/\/epi-ups.com.tr\/tr\/wp-json\/wp\/v2\/product_tag?post=10306"}],"curies":[{"name":"wp","href":"https:\/\/api.w.org\/{rel}","templated":true}]}}