{"id":10304,"date":"2025-01-14T18:32:59","date_gmt":"2025-01-14T18:32:59","guid":{"rendered":"https:\/\/epi-ups.com.tr\/product\/automatic-transfer-switch\/"},"modified":"2025-02-22T18:28:28","modified_gmt":"2025-02-22T18:28:28","slug":"automatic-transfer-switch","status":"publish","type":"product","link":"https:\/\/epi-ups.com.tr\/tr\/product\/automatic-transfer-switch\/","title":{"rendered":"Automatic Transfer Switch"},"content":{"rendered":"<p>Otomatik Transfer Anahtar\u0131 (ATS) 16A ve 30A<\/p>\n<p>\u00dcr\u00fcn:<\/p>\n<p>Bu ATS \u00fcr\u00fcn\u00fc, birincil g\u00fc\u00e7 kayna\u011f\u0131ndan y\u00fcke g\u00fc\u00e7 sa\u011flamak i\u00e7in iki ba\u011f\u0131ms\u0131z g\u00fc\u00e7 giri\u015fi ile tasarlanm\u0131\u015ft\u0131r. Birincil g\u00fc\u00e7 kayna\u011f\u0131 ar\u0131zalan\u0131rsa, ikincil g\u00fc\u00e7 kayna\u011f\u0131 ba\u011fl\u0131 ekipman\u0131 herhangi bir kesinti olmadan otomatik olarak yedekler. Bir hattan di\u011ferine aktar\u0131m s\u00fcresi ba\u011fl\u0131 ekipman i\u00e7in sorunsuzdur. \u0130kincil bir g\u00fc\u00e7 kayna\u011f\u0131na ge\u00e7tikten sonra, birincil giri\u015fe g\u00fc\u00e7 geri geldi\u011finde ATS g\u00fcc\u00fc birincil giri\u015fe geri aktarabilir.<\/p>\n<p>Y\u00fck Ar\u0131zalar\u0131na Kar\u015f\u0131 G\u00fcvence:<br \/>\nY\u00fcklerden biri ar\u0131zalan\u0131rsa (\u00f6rne\u011fin k\u0131sa devre), ATS y\u00fck\u00fcn ili\u015fkili oldu\u011fu soket grubunu devre d\u0131\u015f\u0131 b\u0131rak\u0131r ve b\u00f6ylece di\u011fer y\u00fcklerin kapat\u0131lmas\u0131n\u0131 \u00f6nler.<\/p>\n<p>G\u00fc\u00e7 Kayna\u011f\u0131 Ar\u0131zalar\u0131na Kar\u015f\u0131 G\u00fcvence:<br \/>\n\u0130ki giri\u015f kayna\u011f\u0131ndan biri tolerans seviyelerinin d\u0131\u015f\u0131na \u00e7\u0131karsa, ATS y\u00fck\u00fc sonraki giri\u015f kayna\u011f\u0131na ta\u015f\u0131r (iki kaynak ayn\u0131 fazdaysa anahtarlama an\u0131nda ger\u00e7ekle\u015fir). EPI ATS, BT donan\u0131m\u0131nda herhangi bir etki yaratmadan g\u00fcc\u00fc de\u011fi\u015ftirir. Normal g\u00fc\u00e7 kayna\u011f\u0131, AC voltaj\u0131 s\u0131f\u0131ra d\u00fc\u015ft\u00fckten sonra 20 ms i\u00e7inde \u00e7al\u0131\u015facakt\u0131r. De\u011fi\u015fim s\u00fcresi, i\u00e7sel bilginin voltaj ve frekans\u0131n aral\u0131kta olup olmad\u0131\u011f\u0131na karar vermesi i\u00e7in ideal f\u0131rsat\u0131 i\u00e7erir. Elektronikteki herhangi bir ar\u0131za noktas\u0131, \u00fcnite ar\u0131za tolerans\u0131n\u0131 \u00f6nlemek i\u00e7in elektronik devrelerinin yedeklili\u011fini i\u00e7erdi\u011finden \u00e7\u0131k\u0131\u015f voltaj\u0131nda \u200b\u200bbir d\u00fc\u015f\u00fc\u015fe neden olmaz.<\/p>\n<p>\u00c7al\u0131\u015fma Prensibi:<br \/>\nATS, 16 A modelinde sekiz 10A IEC verimi veya bir 16A IEC \u00e7\u0131k\u0131\u015f\u0131, d\u00f6rt 10A IEC \u00e7\u0131k\u0131\u015f\u0131, bir 16A IEC \u00e7\u0131k\u0131\u015f\u0131 veya 30 A modelinde bir terminal kart\u0131n\u0131n iki giri\u015f g\u00fc\u00e7 hatt\u0131na (iki \u015febeke kayna\u011f\u0131 veya iki UPS) sahip bir \u00e7er\u00e7evede do\u011frudan da\u011f\u0131t\u0131m\u0131n\u0131 sa\u011flar. ATS, ayn\u0131 anda g\u00fc\u00e7 al\u0131m\u0131n\u0131 kontrol ederken iki giri\u015f g\u00fc\u00e7 hatt\u0131n\u0131n her ikisiyle de aray\u00fcz olu\u015fturabilir.<\/p>\n<p>\u00d6zellikler:<\/p>\n<p>\u2022 16A, 30A maks. giri\u015f ak\u0131m\u0131<br \/>\n\u2022 \u0130ki ayr\u0131 ba\u011f\u0131ms\u0131z g\u00fc\u00e7 kayna\u011f\u0131yla \u00e7al\u0131\u015ft\u0131r\u0131l\u0131r<br \/>\n\u2022 Yedeklilik i\u00e7in \u00e7ift g\u00fc\u00e7 kayna\u011f\u0131<br \/>\n\u2022 BT ekipman\u0131 i\u00e7in kesintisiz g\u00fc\u00e7 anahtar\u0131 sa\u011flar<br \/>\n\u2022 \u00d6n panelde tercih edilen kaynak se\u00e7imi<br \/>\n\u2022 \u00c7e\u015fitli \u00e7al\u0131\u015fma ortamlar\u0131na uyum sa\u011flamak i\u00e7in y\u00fcksek g\u00fcvenilirlikli 19 in\u00e7 raf tasar\u0131m\u0131 (1U)<br \/>\n\u2022 Dahili USB ve RS-232 ileti\u015fimleri<\/p>\n","protected":false},"excerpt":{"rendered":"<p>Otomatik Transfer Anahtar\u0131 (ATS) 16A ve 30A \u00dcr\u00fcn: Bu ATS \u00fcr\u00fcn\u00fc, birincil g\u00fc\u00e7 kayna\u011f\u0131ndan y\u00fcke g\u00fc\u00e7 sa\u011flamak i\u00e7in iki ba\u011f\u0131ms\u0131z<\/p>\n","protected":false},"featured_media":10305,"comment_status":"open","ping_status":"closed","template":"","meta":[],"product_cat":[173,160],"product_tag":[],"class_list":{"0":"post-10304","1":"product","2":"type-product","3":"status-publish","4":"has-post-thumbnail","6":"product_cat-multi-switch","7":"product_cat-static-transfer-switch-tr","9":"first","10":"instock","11":"shipping-taxable","12":"product-type-external"},"_links":{"self":[{"href":"https:\/\/epi-ups.com.tr\/tr\/wp-json\/wp\/v2\/product\/10304","targetHints":{"allow":["GET"]}}],"collection":[{"href":"https:\/\/epi-ups.com.tr\/tr\/wp-json\/wp\/v2\/product"}],"about":[{"href":"https:\/\/epi-ups.com.tr\/tr\/wp-json\/wp\/v2\/types\/product"}],"replies":[{"embeddable":true,"href":"https:\/\/epi-ups.com.tr\/tr\/wp-json\/wp\/v2\/comments?post=10304"}],"wp:featuredmedia":[{"embeddable":true,"href":"https:\/\/epi-ups.com.tr\/tr\/wp-json\/wp\/v2\/media\/10305"}],"wp:attachment":[{"href":"https:\/\/epi-ups.com.tr\/tr\/wp-json\/wp\/v2\/media?parent=10304"}],"wp:term":[{"taxonomy":"product_cat","embeddable":true,"href":"https:\/\/epi-ups.com.tr\/tr\/wp-json\/wp\/v2\/product_cat?post=10304"},{"taxonomy":"product_tag","embeddable":true,"href":"https:\/\/epi-ups.com.tr\/tr\/wp-json\/wp\/v2\/product_tag?post=10304"}],"curies":[{"name":"wp","href":"https:\/\/api.w.org\/{rel}","templated":true}]}}