{"id":10302,"date":"2025-01-14T18:33:23","date_gmt":"2025-01-14T18:33:23","guid":{"rendered":"https:\/\/epi-ups.com.tr\/product\/static-transfer-switch-50-600a\/"},"modified":"2025-02-22T18:29:08","modified_gmt":"2025-02-22T18:29:08","slug":"static-transfer-switch-50-600a","status":"publish","type":"product","link":"https:\/\/epi-ups.com.tr\/tr\/product\/static-transfer-switch-50-600a\/","title":{"rendered":"Static Transfer Switch 50-600a"},"content":{"rendered":"<p>STS Serisi Statik Transfer Anahtar\u0131 (50-1250A)<\/p>\n<p>\u00dcr\u00fcn:<\/p>\n<p>EPI STS, g\u00fc\u00e7 kaynaklar\u0131n\u0131n y\u00fcke an\u0131nda aktar\u0131lmas\u0131n\u0131 sa\u011flar. Bir g\u00fc\u00e7 kayna\u011f\u0131 ar\u0131zalan\u0131rsa, STS yedek g\u00fc\u00e7 kayna\u011f\u0131na o kadar h\u0131zl\u0131 ge\u00e7er ki y\u00fck yap\u0131lan transferi asla tan\u0131maz.<\/p>\n<p>\u00c7ALI\u015eMA PRENS\u0130B\u0130<br \/>\nEPI STS, y\u00fck\u00fcn alternatif ve ba\u011f\u0131ms\u0131z g\u00fc\u00e7 kaynaklar\u0131 aras\u0131nda ge\u00e7i\u015f yapmas\u0131na olanak tan\u0131yan yedek g\u00fc\u00e7 kayna\u011f\u0131 garanti eder. Ge\u00e7i\u015f otomatik olabilir (bir besleme kayna\u011f\u0131 kabul edilebilir toleranslar\u0131n d\u0131\u015f\u0131na \u00e7\u0131kt\u0131\u011f\u0131nda) veya bir operat\u00f6r taraf\u0131ndan \u00f6n panelden veya uzaktan manuel olarak yap\u0131labilir.<\/p>\n<p>\u00c7EVRESEL ARIZALARA KAR\u015eI KORUMA<br \/>\nA\u015f\u0131r\u0131 y\u00fckler ve y\u00fck ar\u0131zalar\u0131. A\u015f\u0131r\u0131 y\u00fck durumunda, kullan\u0131c\u0131 g\u00fc\u00e7 kayna\u011f\u0131n\u0131 engellemek i\u00e7in dahili koruma cihazlar\u0131n\u0131n m\u00fcdahale seviyesine karar verebilir. A\u015f\u0131r\u0131 bir alt ak\u0131m k\u0131sa devresi durumunda, EPI STS di\u011fer y\u00fcklerin \u00e7al\u0131\u015fmas\u0131n\u0131 tehlikeye atmamak i\u00e7in y\u00fck\u00fc keser (yani koruma cihazlar\u0131n\u0131n se\u00e7icili\u011finin zay\u0131f olmas\u0131 durumunda).<\/p>\n<p>TOPLAM M\u0130KRO\u0130\u015eLEMC\u0130 KONTROL\u00dc<br \/>\nMikroi\u015flemci kontrol mant\u0131\u011f\u0131 \u015funlar\u0131 sa\u011flar:<br \/>\n\u2022 G\u00fc\u00e7 kaynaklar\u0131 aras\u0131nda h\u0131zl\u0131 ve g\u00fcvenli ge\u00e7i\u015f<br \/>\n\u2022 LCD ekran \u00fczerinden t\u00fcm parametrelerin izlenmesi<br \/>\n\u2022 SCR \u00e7al\u0131\u015fmas\u0131n\u0131n s\u00fcrekli izlenmesi<br \/>\n\u2022 Geli\u015fmi\u015f uzaktan tan\u0131lama (RS232 ve TCP\/IP)<\/p>\n<p>G\u00dc\u00c7 KAYNA\u011eI ARIZALARINA KAR\u015eI KORUMA<br \/>\n\u0130ki g\u00fc\u00e7 kayna\u011f\u0131ndan biri tolerans seviyelerinin d\u0131\u015f\u0131na \u00e7\u0131karsa, EPI STS t\u00fcketicileri ikinci g\u00fc\u00e7 kayna\u011f\u0131na aktar\u0131r (iki kaynak ayn\u0131 fazdaysa anahtarlama an\u0131nda ger\u00e7ekle\u015fir).<\/p>\n<p>\u00dcST\u00dcN KORUMA<br \/>\n\u00c7\u0131k\u0131\u015f k\u0131sa devresi durumunda, EPI STS iki g\u00fc\u00e7 kayna\u011f\u0131 aras\u0131ndaki aktar\u0131m\u0131 engelleyerek k\u0131sa devrenin ve etkilerinin di\u011fer y\u00fcklere yay\u0131lma riskini ortadan kald\u0131r\u0131r. Geri besleme kontrol devresi, giri\u015flerden birine enerji geri beslemesini \u00f6nlemek i\u00e7in otomatik koruma cihazlar\u0131n\u0131 tetikler.<\/p>\n<p>ER\u0130\u015e\u0130LEB\u0130L\u0130RL\u0130K<br \/>\nHareketli bile\u015fenlerin ve par\u00e7alar\u0131n d\u00fczeni, kolay \u00f6nden eri\u015fim sa\u011flamak i\u00e7in tasarlanm\u0131\u015ft\u0131r:<br \/>\n\u2022 Alttan giri\u015fle kolayca eri\u015filebilen g\u00fc\u00e7 kablosu ba\u011flant\u0131lar\u0131<br \/>\n\u2022 H\u0131zl\u0131 tan\u0131lama\/de\u011fi\u015ftirme i\u00e7in \u00f6zel bir alanda bulunan panolar<br \/>\n\u2022 T\u00fcm par\u00e7alar izleme, bak\u0131m ve\/veya de\u011fi\u015ftirmeye tabidir.<\/p>\n<p>\u00d6zellikler<br \/>\n\u2022 Artt\u0131r\u0131lm\u0131\u015f g\u00fc\u00e7 kalitesi ve g\u00fcr\u00fclt\u00fc azaltma<br \/>\n\u2022 G\u00fc\u00e7 kesintisi korumas\u0131 ve g\u00fc\u00e7 yedeklili\u011fi<br \/>\n\u2022 Otomatik statik anahtarlama<br \/>\n\u2022 Giri\u015f g\u00fc\u00e7 kaynaklar\u0131n\u0131 uzaktan izleme<br \/>\n\u2022 Giri\u015f kaynaklar\u0131na kolay statik ve mekanik transfer<br \/>\n\u2022 G\u00fc\u00e7 olaylar\u0131n\u0131n uzaktan y\u00f6netimi<br \/>\n\u2022 G\u00fc\u00e7 olay\u0131 kayd\u0131<br \/>\n\u2022 K\u0131sa s\u00fcre i\u00e7in %1000&#8217;e kadar \u00e7\u0131k\u0131\u015f ak\u0131m\u0131 kapasitesi<br \/>\n\u2022 EC Direktifine g\u00f6re \u00fcretilmi\u015ftir; EN62310<\/p>\n","protected":false},"excerpt":{"rendered":"<p>STS Serisi Statik Transfer Anahtar\u0131 (50-1250A) \u00dcr\u00fcn: EPI STS, g\u00fc\u00e7 kaynaklar\u0131n\u0131n y\u00fcke an\u0131nda aktar\u0131lmas\u0131n\u0131 sa\u011flar. Bir g\u00fc\u00e7 kayna\u011f\u0131 ar\u0131zalan\u0131rsa, STS<\/p>\n","protected":false},"featured_media":10303,"comment_status":"open","ping_status":"closed","template":"","meta":[],"product_cat":[173,160],"product_tag":[],"class_list":{"0":"post-10302","1":"product","2":"type-product","3":"status-publish","4":"has-post-thumbnail","6":"product_cat-multi-switch","7":"product_cat-static-transfer-switch-tr","9":"first","10":"instock","11":"shipping-taxable","12":"product-type-external"},"_links":{"self":[{"href":"https:\/\/epi-ups.com.tr\/tr\/wp-json\/wp\/v2\/product\/10302","targetHints":{"allow":["GET"]}}],"collection":[{"href":"https:\/\/epi-ups.com.tr\/tr\/wp-json\/wp\/v2\/product"}],"about":[{"href":"https:\/\/epi-ups.com.tr\/tr\/wp-json\/wp\/v2\/types\/product"}],"replies":[{"embeddable":true,"href":"https:\/\/epi-ups.com.tr\/tr\/wp-json\/wp\/v2\/comments?post=10302"}],"wp:featuredmedia":[{"embeddable":true,"href":"https:\/\/epi-ups.com.tr\/tr\/wp-json\/wp\/v2\/media\/10303"}],"wp:attachment":[{"href":"https:\/\/epi-ups.com.tr\/tr\/wp-json\/wp\/v2\/media?parent=10302"}],"wp:term":[{"taxonomy":"product_cat","embeddable":true,"href":"https:\/\/epi-ups.com.tr\/tr\/wp-json\/wp\/v2\/product_cat?post=10302"},{"taxonomy":"product_tag","embeddable":true,"href":"https:\/\/epi-ups.com.tr\/tr\/wp-json\/wp\/v2\/product_tag?post=10302"}],"curies":[{"name":"wp","href":"https:\/\/api.w.org\/{rel}","templated":true}]}}