{"id":10298,"date":"2025-01-14T18:34:18","date_gmt":"2025-01-14T18:34:18","guid":{"rendered":"https:\/\/epi-ups.com.tr\/product\/avr-33-series-10-150-kva\/"},"modified":"2025-02-22T18:30:32","modified_gmt":"2025-02-22T18:30:32","slug":"avr-33-series-10-150-kva","status":"publish","type":"product","link":"https:\/\/epi-ups.com.tr\/tr\/product\/avr-33-series-10-150-kva\/","title":{"rendered":"AVR-33 Series-10-150 KVA"},"content":{"rendered":"<p>Genel \u00d6zellikler\/Spesifikasyon:<\/p>\n<p>Do\u011frusal olmayan \u015farj s\u00fcr\u00fcc\u00fcs\u00fc<br \/>\n3 faz giri\u015f 3 faz \u00e7\u0131k\u0131\u015f<br \/>\nGeni\u015f g\u00fc\u00e7 ve voltaj aral\u0131\u011f\u0131<br \/>\nMikroi\u015flemci ve Ak\u0131ll\u0131 S\u00fcr\u00fcc\u00fc sayesinde y\u00fcksek g\u00fcvenilirlik<br \/>\nH\u0131zl\u0131 D\u00fczenleme<br \/>\nY\u00fcksek verimlilik<br \/>\nKutup \u015farj anahtar\u0131yla Bypass&#8217;a y\u00fck transferi<br \/>\nG\u00fcvenli ve ekonomik kullan\u0131m<br \/>\nD\u00fc\u015f\u00fck ve a\u015f\u0131r\u0131 voltaj korumalar\u0131<br \/>\nA\u015f\u0131r\u0131 ak\u0131m ve a\u015f\u0131r\u0131 y\u00fck korumas\u0131<br \/>\nDijital olarak g\u00f6r\u00fcnt\u00fclenen durum, giri\u015f ve \u00e7\u0131k\u0131\u015f \u00f6l\u00e7\u00fcmleri<\/p>\n","protected":false},"excerpt":{"rendered":"<p>Genel \u00d6zellikler\/Spesifikasyon: Do\u011frusal olmayan \u015farj s\u00fcr\u00fcc\u00fcs\u00fc 3 faz giri\u015f 3 faz \u00e7\u0131k\u0131\u015f Geni\u015f g\u00fc\u00e7 ve voltaj aral\u0131\u011f\u0131 Mikroi\u015flemci ve Ak\u0131ll\u0131<\/p>\n","protected":false},"featured_media":10299,"comment_status":"open","ping_status":"closed","template":"","meta":[],"product_cat":[161,174],"product_tag":[],"class_list":{"0":"post-10298","1":"product","2":"type-product","3":"status-publish","4":"has-post-thumbnail","6":"product_cat-automatic-voltage-regulator-tr","7":"product_cat-others","9":"first","10":"instock","11":"shipping-taxable","12":"product-type-external"},"_links":{"self":[{"href":"https:\/\/epi-ups.com.tr\/tr\/wp-json\/wp\/v2\/product\/10298","targetHints":{"allow":["GET"]}}],"collection":[{"href":"https:\/\/epi-ups.com.tr\/tr\/wp-json\/wp\/v2\/product"}],"about":[{"href":"https:\/\/epi-ups.com.tr\/tr\/wp-json\/wp\/v2\/types\/product"}],"replies":[{"embeddable":true,"href":"https:\/\/epi-ups.com.tr\/tr\/wp-json\/wp\/v2\/comments?post=10298"}],"wp:featuredmedia":[{"embeddable":true,"href":"https:\/\/epi-ups.com.tr\/tr\/wp-json\/wp\/v2\/media\/10299"}],"wp:attachment":[{"href":"https:\/\/epi-ups.com.tr\/tr\/wp-json\/wp\/v2\/media?parent=10298"}],"wp:term":[{"taxonomy":"product_cat","embeddable":true,"href":"https:\/\/epi-ups.com.tr\/tr\/wp-json\/wp\/v2\/product_cat?post=10298"},{"taxonomy":"product_tag","embeddable":true,"href":"https:\/\/epi-ups.com.tr\/tr\/wp-json\/wp\/v2\/product_tag?post=10298"}],"curies":[{"name":"wp","href":"https:\/\/api.w.org\/{rel}","templated":true}]}}