{"id":10294,"date":"2025-01-14T18:35:34","date_gmt":"2025-01-14T18:35:34","guid":{"rendered":"https:\/\/epi-ups.com.tr\/product\/ns-telecom-inverter\/"},"modified":"2025-02-22T18:29:30","modified_gmt":"2025-02-22T18:29:30","slug":"ns-telecom-inverter","status":"publish","type":"product","link":"https:\/\/epi-ups.com.tr\/tr\/product\/ns-telecom-inverter\/","title":{"rendered":"NS Telecom Inverter"},"content":{"rendered":"<p>NS Serisi<\/p>\n<p>Telekom ve Elektrik G\u00fc\u00e7 \u0130nvert\u00f6r\u00fc<br \/>\nSaf Sin\u00fcs Dalgas\u0131 \u00c7\u0131k\u0131\u015f\u0131<br \/>\nDC Voltaj\u0131: 12\/24\/48\/110\/220<br \/>\nVAC \u00c7\u0131k\u0131\u015f\u0131: 120\/220\/230\/240 V, 50\/60 Hz<\/p>\n<p>\u00dcr\u00fcn:<\/p>\n<p>NS serisi, g\u00fcncel teknoloji ve geli\u015ftirilmi\u015f mod\u00fclerli\u011fe sahip yeni bir invert\u00f6rd\u00fcr. Bu invert\u00f6r, VA ba\u015f\u0131na d\u00fc\u015f\u00fck maliyet sunmak \u00fczere tasarlanm\u0131\u015ft\u0131r ve standart \u00f6zelliklerimizi sunar: Y\u00fcksek yerel zeka seviyesi, G\u00fcvenilirlik ve ak\u0131ll\u0131 \u00f6zellikler. Mod\u00fcller, 1000VA kapasiteli invert\u00f6r mod\u00fclleriyle 500VA&#8217;dan 6kVA&#8217;ya kadar raflara monte edilir. \u00c7ok h\u0131zl\u0131 anahtarlama s\u00fcresiyle ikinci AC kayna\u011f\u0131 deste\u011fi sa\u011flayan bir statik anahtar, iste\u011fe ba\u011fl\u0131 olarak sipari\u015f edilebilir. Mod\u00fcler<br \/>\nda\u011f\u0131t\u0131m, 6kVA&#8217;ya kadar olan uygulaman\u0131z\u0131n \u00e7o\u011funa uyacak \u015fekilde eksiksiz bir \u00fcr\u00fcn yelpazesi sunar. Kurulumu ve kullan\u0131m\u0131 kolay olan bu yeni sistem, sistem entegrasyonu veya \u00f6zel \u00e7\u00f6z\u00fcmler i\u00e7in ideal \u00e7\u00f6z\u00fcmd\u00fcr. 120\/220\/AC \u00e7\u0131k\u0131\u015f\u0131nda mevcut olan DC giri\u015f aral\u0131\u011f\u0131 12 ila 220VDC&#8217;dir.<\/p>\n<p>\u00d6zellikler:<\/p>\n<p>\u2022 Mikro-CPU kontrol\u00fc ile NS Serisi inverter, iyi tasar\u0131m ve g\u00fcvenilirlik avantajlar\u0131 olan bir ak\u0131ll\u0131 model \u00fcr\u00fcn\u00fcd\u00fcr.<br \/>\n\u2022 NS serisi inverter, sabitlenmi\u015f voltaj ve frekans \u00e7\u0131k\u0131\u015f\u0131, saf sin\u00fcs dalgas\u0131 ile SPWM teknolojisini benimsiyor.<br \/>\n\u2022 NS serisi inverter, g\u00fcvenilir ve s\u00fcrekli g\u00fc\u00e7 kayna\u011f\u0131 i\u00e7in iyi uyumlulu\u011fa, dahili baypas anahtar\u0131na, y\u00fcksek a\u015f\u0131r\u0131 y\u00fck \u00f6zelli\u011fine sahiptir.<br \/>\n\u2022 NS serisi inverter, AC g\u00fc\u00e7 tipi ve DC g\u00fc\u00e7 tipi olabilir: AC g\u00fc\u00e7 tipi, \u015fehir elektri\u011fi normal oldu\u011funda \u015fehir g\u00fc\u00e7 kayna\u011f\u0131n\u0131n ana oldu\u011fu anlam\u0131na gelir, \u015fehir elektri\u011fi kapal\u0131 oldu\u011funda inverter \u00e7al\u0131\u015fma durumuna gelir. DC g\u00fc\u00e7 tipi, \u015fehir elektri\u011fi normal oldu\u011funda inverter g\u00fc\u00e7 kayna\u011f\u0131n\u0131n ana oldu\u011fu anlam\u0131na gelir, inverter g\u00fcc\u00fc kapal\u0131 oldu\u011funda \u015fehir elektri\u011fi otomatik olarak \u00e7al\u0131\u015fma durumuna gelir.<br \/>\n\u2022 M\u00fckemmel tasar\u0131m ile NS serisi inverter, \u00e7al\u0131\u015fma durumunda otomatik olarak baypasa ge\u00e7ebilir, y\u00fck g\u00fc\u00e7 kayna\u011f\u0131n\u0131 etkilemeden ak\u00fcy\u00fc korumak ve de\u011fi\u015ftirmek kolayd\u0131r. \u2022 Ak\u00fc voltaj\u0131 y\u00fcksek\/d\u00fc\u015f\u00fck veya a\u015f\u0131r\u0131 y\u00fck olmas\u0131 durumunda, a\u015f\u0131r\u0131 y\u00fck uyar\u0131s\u0131 kapatma \u00e7\u0131k\u0131\u015f\u0131, ak\u00fc voltaj\u0131 normale d\u00f6nd\u00fc\u011f\u00fcnde, ak\u00fc voltaj\u0131 d\u00fczelir; g\u00fc\u00e7 kayna\u011f\u0131 \u00e7\u0131k\u0131\u015f\u0131 a\u015f\u0131r\u0131 y\u00fck kapat\u0131ld\u0131ktan sonra 50 saniye i\u00e7inde otomatik olarak d\u00fczelir. Bu fonksiyon, g\u00f6revde kimsenin olmad\u0131\u011f\u0131 ileti\u015fim istasyonlar\u0131 i\u00e7in \u00e7ok uygundur.<br \/>\n\u2022 NS serisi invert\u00f6r a\u011f ileti\u015fim sistemini destekleyebilir, g\u00fc\u00e7 \u00e7al\u0131\u015fma durumu denetim yaz\u0131l\u0131m\u0131 taraf\u0131ndan izlenebilir.<br \/>\n\u2022 NS serisi invert\u00f6r, DC giri\u015f ar\u0131za kontrol\u00fc ve AC \u00e7\u0131k\u0131\u015f sorunu i\u00e7in kullan\u0131labilen iki kuru konekt\u00f6r sa\u011flar.<\/p>\n","protected":false},"excerpt":{"rendered":"<p>NS Serisi Telekom ve Elektrik G\u00fc\u00e7 \u0130nvert\u00f6r\u00fc Saf Sin\u00fcs Dalgas\u0131 \u00c7\u0131k\u0131\u015f\u0131 DC Voltaj\u0131: 12\/24\/48\/110\/220 VAC \u00c7\u0131k\u0131\u015f\u0131: 120\/220\/230\/240 V, 50\/60 Hz<\/p>\n","protected":false},"featured_media":10295,"comment_status":"open","ping_status":"closed","template":"","meta":[],"product_cat":[77,162],"product_tag":[],"class_list":{"0":"post-10294","1":"product","2":"type-product","3":"status-publish","4":"has-post-thumbnail","6":"product_cat-inverters","7":"product_cat-inverters-tr","9":"first","10":"instock","11":"shipping-taxable","12":"product-type-external"},"_links":{"self":[{"href":"https:\/\/epi-ups.com.tr\/tr\/wp-json\/wp\/v2\/product\/10294","targetHints":{"allow":["GET"]}}],"collection":[{"href":"https:\/\/epi-ups.com.tr\/tr\/wp-json\/wp\/v2\/product"}],"about":[{"href":"https:\/\/epi-ups.com.tr\/tr\/wp-json\/wp\/v2\/types\/product"}],"replies":[{"embeddable":true,"href":"https:\/\/epi-ups.com.tr\/tr\/wp-json\/wp\/v2\/comments?post=10294"}],"wp:featuredmedia":[{"embeddable":true,"href":"https:\/\/epi-ups.com.tr\/tr\/wp-json\/wp\/v2\/media\/10295"}],"wp:attachment":[{"href":"https:\/\/epi-ups.com.tr\/tr\/wp-json\/wp\/v2\/media?parent=10294"}],"wp:term":[{"taxonomy":"product_cat","embeddable":true,"href":"https:\/\/epi-ups.com.tr\/tr\/wp-json\/wp\/v2\/product_cat?post=10294"},{"taxonomy":"product_tag","embeddable":true,"href":"https:\/\/epi-ups.com.tr\/tr\/wp-json\/wp\/v2\/product_tag?post=10294"}],"curies":[{"name":"wp","href":"https:\/\/api.w.org\/{rel}","templated":true}]}}