{"id":10292,"date":"2025-01-14T18:35:57","date_gmt":"2025-01-14T18:35:57","guid":{"rendered":"https:\/\/epi-ups.com.tr\/product\/mu5000-series\/"},"modified":"2025-02-22T18:31:40","modified_gmt":"2025-02-22T18:31:40","slug":"mu5000-series","status":"publish","type":"product","link":"https:\/\/epi-ups.com.tr\/tr\/product\/mu5000-series\/","title":{"rendered":"MU5000 Series"},"content":{"rendered":"<p><strong>MU5000 Serisi<\/strong><\/p>\n<p><strong>Y\u00fcksek Frekansl\u0131 \u015eebekeye Ba\u011fl\u0131 G\u00fcne\u015f Enerjisi \u0130nvert\u00f6r\u00fc<\/strong><\/p>\n<p><strong>2,5KW-6KW<\/strong><\/p>\n<p><strong>\u00dcr\u00fcn:<\/strong><\/p>\n<p>MU5000 serisi PV invert\u00f6rleri, ayn\u0131 anda m\u00fckemmel performansla son kullan\u0131c\u0131lar\u0131n ihtiya\u00e7lar\u0131n\u0131 tam olarak kar\u015f\u0131lar, invert\u00f6r durum g\u00f6stergesi olarak LED kullan\u0131r, \u00fcr\u00fcn \u00f6mr\u00fcn\u00fc etkili bir \u015fekilde iyile\u015ftirir. DSP dijital kontrol\u00fc kullanarak, geni\u015f \u015febeke voltaj aral\u0131\u011f\u0131 sa\u011flayabilir, tam bir koruma \u00f6zelli\u011fi yelpazesine sahip olabilir; ayn\u0131 anda faydalar\u0131 en \u00fcst d\u00fczeye \u00e7\u0131karmak i\u00e7in, \u00fcr\u00fcn\u00fcn g\u00fcvenilirli\u011fini b\u00fcy\u00fck \u00f6l\u00e7\u00fcde art\u0131r\u0131r.<\/p>\n<p>Arka panel bask\u0131 a\u00e7\u0131klamas\u0131<\/p>\n<p>G\u00fcne\u015f sistemi ba\u011flant\u0131s\u0131<\/p>\n<p>\u00dcr\u00fcn:<br \/>\nY\u00fcksek Frekansl\u0131 \u015eebekeye Ba\u011fl\u0131 G\u00fcne\u015f Enerjisi \u0130nvert\u00f6r\u00fc<br \/>\nG\u00fc\u00e7 oran\u0131: 2,5-6KW<br \/>\nMPPT verimlili\u011fi %99,50&#8217;ye kadar<br \/>\n\u00c7oklu ileti\u015fimler: USB, WIFI vb.<br \/>\n\u0130nvert\u00f6rleri mobil telefon APP arac\u0131l\u0131\u011f\u0131yla serbest\u00e7e izleme<br \/>\nFans\u0131z d\u00fc\u015f\u00fck g\u00fcr\u00fclt\u00fcl\u00fc tasar\u0131m<br \/>\nIP65 su ge\u00e7irmez ve toz ge\u00e7irmez Kabin<\/p>\n","protected":false},"excerpt":{"rendered":"<p>MU5000 Serisi Y\u00fcksek Frekansl\u0131 \u015eebekeye Ba\u011fl\u0131 G\u00fcne\u015f Enerjisi \u0130nvert\u00f6r\u00fc 2,5KW-6KW \u00dcr\u00fcn: MU5000 serisi PV invert\u00f6rleri, ayn\u0131 anda m\u00fckemmel performansla son<\/p>\n","protected":false},"featured_media":10293,"comment_status":"open","ping_status":"closed","template":"","meta":[],"product_cat":[174],"product_tag":[],"class_list":{"0":"post-10292","1":"product","2":"type-product","3":"status-publish","4":"has-post-thumbnail","6":"product_cat-others","8":"first","9":"instock","10":"shipping-taxable","11":"product-type-external"},"_links":{"self":[{"href":"https:\/\/epi-ups.com.tr\/tr\/wp-json\/wp\/v2\/product\/10292","targetHints":{"allow":["GET"]}}],"collection":[{"href":"https:\/\/epi-ups.com.tr\/tr\/wp-json\/wp\/v2\/product"}],"about":[{"href":"https:\/\/epi-ups.com.tr\/tr\/wp-json\/wp\/v2\/types\/product"}],"replies":[{"embeddable":true,"href":"https:\/\/epi-ups.com.tr\/tr\/wp-json\/wp\/v2\/comments?post=10292"}],"wp:featuredmedia":[{"embeddable":true,"href":"https:\/\/epi-ups.com.tr\/tr\/wp-json\/wp\/v2\/media\/10293"}],"wp:attachment":[{"href":"https:\/\/epi-ups.com.tr\/tr\/wp-json\/wp\/v2\/media?parent=10292"}],"wp:term":[{"taxonomy":"product_cat","embeddable":true,"href":"https:\/\/epi-ups.com.tr\/tr\/wp-json\/wp\/v2\/product_cat?post=10292"},{"taxonomy":"product_tag","embeddable":true,"href":"https:\/\/epi-ups.com.tr\/tr\/wp-json\/wp\/v2\/product_tag?post=10292"}],"curies":[{"name":"wp","href":"https:\/\/api.w.org\/{rel}","templated":true}]}}