{"id":10290,"date":"2025-01-14T18:36:25","date_gmt":"2025-01-14T18:36:25","guid":{"rendered":"https:\/\/epi-ups.com.tr\/product\/mu1000-pro-series\/"},"modified":"2025-02-22T18:31:09","modified_gmt":"2025-02-22T18:31:09","slug":"mu1000-pro-series","status":"publish","type":"product","link":"https:\/\/epi-ups.com.tr\/tr\/product\/mu1000-pro-series\/","title":{"rendered":"MU1000 PRO Series"},"content":{"rendered":"<p>MU1000 PRO Serisi<\/p>\n<p>ON\/OFF \u015eebeke Y\u00fcksek Frekansl\u0131 Hibrit G\u00fcne\u015f \u0130nvert\u00f6r\u00fc<\/p>\n<p>5KW<\/p>\n<p>\u00dcr\u00fcn:<\/p>\n<p>Bu, geni\u015f bir MPPT Voltaj aral\u0131\u011f\u0131na sahip esnek ve ak\u0131ll\u0131 bir enerji depolama g\u00fcne\u015f invert\u00f6r\u00fcd\u00fcr. \u015eebeke d\u0131\u015f\u0131 ve \u015febeke i\u00e7i i\u015flevlerini birle\u015ftirir. Bu hibrit g\u00fcne\u015f invert\u00f6r\u00fc, ev veya ofisteki her t\u00fcrl\u00fc cihaz\u0131 \u00e7al\u0131\u015ft\u0131rabilir ve ayr\u0131ca elektrik santrallerinde de kullan\u0131labilir.<\/p>\n<p>Arka panel bask\u0131 a\u00e7\u0131klamas\u0131<br \/>\nG\u00fcne\u015f sistemi ba\u011flant\u0131s\u0131<br \/>\n\u00d6zellikler<br \/>\nGeni\u015f MPPT voltaj\u0131 aral\u0131\u011f\u0131: 120-550V<br \/>\n\u00c7oklu \u00e7al\u0131\u015fma modlar\u0131: \u015eebeke ba\u011flant\u0131l\u0131, \u015febekeden ba\u011f\u0131ms\u0131z ve yedeklemeli \u015febeke ba\u011flant\u0131l\u0131<br \/>\nLCD ekran ve Ak\u0131ll\u0131 LCD ayar\u0131 deste\u011fi<br \/>\nMevcut \u0130hracat kontrol\u00fc CT sens\u00f6r i\u015flevi<br \/>\n\u00c7oklu ileti\u015fimler: USB, RS485, GPRS ve wifi vb.<br \/>\n\u0130nvert\u00f6rleri bilgisayarlar veya cep telefonlar\u0131 arac\u0131l\u0131\u011f\u0131yla serbest\u00e7e izleme<br \/>\nTam koruma i\u015flevi: A\u015f\u0131r\u0131 voltaj, a\u015f\u0131r\u0131 frekans, a\u015f\u0131r\u0131 ak\u0131m, a\u015f\u0131r\u0131 s\u0131cakl\u0131k ve AC k\u0131sa devre otomatik korumas\u0131<br \/>\nAk\u0131ll\u0131 BMS pil y\u00f6netim i\u015flevi<br \/>\nFans\u0131z d\u00fc\u015f\u00fck g\u00fcr\u00fclt\u00fcl\u00fc tasar\u0131m<br \/>\nIP65 Toz ge\u00e7irmez ve su ge\u00e7irmez<\/p>\n","protected":false},"excerpt":{"rendered":"<p>MU1000 PRO Serisi ON\/OFF \u015eebeke Y\u00fcksek Frekansl\u0131 Hibrit G\u00fcne\u015f \u0130nvert\u00f6r\u00fc 5KW \u00dcr\u00fcn: Bu, geni\u015f bir MPPT Voltaj aral\u0131\u011f\u0131na sahip esnek<\/p>\n","protected":false},"featured_media":10291,"comment_status":"open","ping_status":"closed","template":"","meta":[],"product_cat":[174],"product_tag":[],"class_list":{"0":"post-10290","1":"product","2":"type-product","3":"status-publish","4":"has-post-thumbnail","6":"product_cat-others","8":"first","9":"instock","10":"shipping-taxable","11":"product-type-external"},"_links":{"self":[{"href":"https:\/\/epi-ups.com.tr\/tr\/wp-json\/wp\/v2\/product\/10290","targetHints":{"allow":["GET"]}}],"collection":[{"href":"https:\/\/epi-ups.com.tr\/tr\/wp-json\/wp\/v2\/product"}],"about":[{"href":"https:\/\/epi-ups.com.tr\/tr\/wp-json\/wp\/v2\/types\/product"}],"replies":[{"embeddable":true,"href":"https:\/\/epi-ups.com.tr\/tr\/wp-json\/wp\/v2\/comments?post=10290"}],"wp:featuredmedia":[{"embeddable":true,"href":"https:\/\/epi-ups.com.tr\/tr\/wp-json\/wp\/v2\/media\/10291"}],"wp:attachment":[{"href":"https:\/\/epi-ups.com.tr\/tr\/wp-json\/wp\/v2\/media?parent=10290"}],"wp:term":[{"taxonomy":"product_cat","embeddable":true,"href":"https:\/\/epi-ups.com.tr\/tr\/wp-json\/wp\/v2\/product_cat?post=10290"},{"taxonomy":"product_tag","embeddable":true,"href":"https:\/\/epi-ups.com.tr\/tr\/wp-json\/wp\/v2\/product_tag?post=10290"}],"curies":[{"name":"wp","href":"https:\/\/api.w.org\/{rel}","templated":true}]}}