{"id":10288,"date":"2025-01-14T18:40:48","date_gmt":"2025-01-14T18:40:48","guid":{"rendered":"https:\/\/epi-ups.com.tr\/product\/rectifier-system-ewt380-48-100as\/"},"modified":"2025-01-23T12:45:31","modified_gmt":"2025-01-23T12:45:31","slug":"rectifier-system-ewt380-48-100as","status":"publish","type":"product","link":"https:\/\/epi-ups.com.tr\/tr\/product\/rectifier-system-ewt380-48-100as\/","title":{"rendered":"Rectifier system (EWT380\/48-100AS)"},"content":{"rendered":"<p>S\u0131cak De\u011fi\u015ftirilebilir<br \/>\nMod\u00fcler Do\u011frultucu sistemi (EWT380\/48-100AS)<\/p>\n<p>\u00d6zellik:<br \/>\n\u2022 AC giri\u015f voltaj\u0131n\u0131n geni\u015f \u00e7al\u0131\u015fma aral\u0131\u011f\u0131: 90~415Vac<br \/>\n\u2022 y\u00fcksek verimlilik \u2265%96 ile ak\u0131m\/voltaj anahtarlama teknolojisi<br \/>\n\u2022 M\u00fckemmel pil y\u00f6netimi, pil s\u0131cakl\u0131\u011f\u0131<br \/>\n\u2022 RS485 ileti\u015fimi, SNMP iste\u011fe ba\u011fl\u0131<br \/>\n\u2022 S\u0131cakl\u0131k telafisi, LVLD ve LVBD korumas\u0131,<br \/>\n\u2022 Otomatik pil test fonksiyonu, d\u00f6ng\u00fc testi, h\u0131zl\u0131 test<br \/>\n\u2022 G\u00fc\u00e7 sistemi ve mod\u00fcl uyku, verimlilik kar\u0131\u015ft\u0131rma, enerji tasarrufu deste\u011fi<br \/>\n\u2022 G\u00fc\u00e7 sisteminin \u00e7al\u0131\u015fma durumunun ger\u00e7ek zamanl\u0131 alg\u0131lanmas\u0131n\u0131 destekler<br \/>\n\u2022 Alarm ger\u00e7ek zamanl\u0131 alg\u0131lama ve raporlama deste\u011fi<br \/>\n\u2022 S\u0131cak de\u011fi\u015ftirilebilir<br \/>\n\u2022 Giri\u015f a\u015f\u0131r\u0131\/d\u00fc\u015f\u00fck voltaj korumas\u0131<br \/>\n\u2022 \u00c7\u0131k\u0131\u015f a\u015f\u0131r\u0131 voltaj korumas\u0131<br \/>\n\u2022 \u00c7\u0131k\u0131\u015f a\u015f\u0131r\u0131 ak\u0131m korumas\u0131<br \/>\n\u2022 \u00c7\u0131k\u0131\u015f k\u0131sa devre korumas\u0131<br \/>\n\u2022 Otomatik ak\u0131m payla\u015f\u0131m\u0131, paralel \u00e7al\u0131\u015fma<\/p>\n<p>Uygulama:<br \/>\n\u2022 Telekom istasyonu\/baz\/Kabin Ekipman\u0131<br \/>\n\u2022 SCADA A\u011flar\u0131 ve Veri Odas\u0131<br \/>\n\u2022 \u0130letim ekipman\u0131<br \/>\n\u2022 Radyo baz istasyonu\/h\u00fccre siteleri<br \/>\n\u2022 Demiryolu ve metro<br \/>\n\u2022 Elektrik santrallerinde ve kimyasal tesislerde do\u011fru ak\u0131m acil durum g\u00fc\u00e7 \u00fcniteleri<\/p>\n<p>A\u00e7\u0131klama:<br \/>\nMod\u00fcler do\u011frultucu sistemi, her iki 19 in\u00e7 sistem \u00e7\u00f6z\u00fcm\u00fc i\u00e7in yap\u0131 ta\u015flar\u0131na dayal\u0131 mod\u00fcler bir Ekstra g\u00fc\u00e7 sistemidir. Do\u011frultucu mod\u00fcl\u00fc ve Kontrol Monit\u00f6r\u00fc ve 19\u2033 \u00e7er\u00e7eveden olu\u015fur. Bu do\u011frultucu sistemi 90~415 V AC besleme voltaj\u0131n\u0131 destekler, 90~290Vac tek fazl\u0131 besleme voltaj\u0131n\u0131 destekler. Uygulaman\u0131n ihtiya\u00e7lar\u0131na g\u00f6re ayarlanabilir kararl\u0131 nominal 48VDC voltaj\u0131na. T\u00fcm versiyonlar alarm ve pil s\u0131cakl\u0131k problar\u0131 i\u00e7in se\u00e7enekler sunar.<\/p>\n","protected":false},"excerpt":{"rendered":"<p>S\u0131cak De\u011fi\u015ftirilebilir Mod\u00fcler Do\u011frultucu sistemi (EWT380\/48-100AS) \u00d6zellik: \u2022 AC giri\u015f voltaj\u0131n\u0131n geni\u015f \u00e7al\u0131\u015fma aral\u0131\u011f\u0131: 90~415Vac \u2022 y\u00fcksek verimlilik \u2265%96 ile<\/p>\n","protected":false},"featured_media":10289,"comment_status":"open","ping_status":"closed","template":"","meta":[],"product_cat":[163],"product_tag":[],"class_list":{"0":"post-10288","1":"product","2":"type-product","3":"status-publish","4":"has-post-thumbnail","6":"product_cat-rectifier-tr","8":"first","9":"instock","10":"shipping-taxable","11":"product-type-external"},"_links":{"self":[{"href":"https:\/\/epi-ups.com.tr\/tr\/wp-json\/wp\/v2\/product\/10288","targetHints":{"allow":["GET"]}}],"collection":[{"href":"https:\/\/epi-ups.com.tr\/tr\/wp-json\/wp\/v2\/product"}],"about":[{"href":"https:\/\/epi-ups.com.tr\/tr\/wp-json\/wp\/v2\/types\/product"}],"replies":[{"embeddable":true,"href":"https:\/\/epi-ups.com.tr\/tr\/wp-json\/wp\/v2\/comments?post=10288"}],"wp:featuredmedia":[{"embeddable":true,"href":"https:\/\/epi-ups.com.tr\/tr\/wp-json\/wp\/v2\/media\/10289"}],"wp:attachment":[{"href":"https:\/\/epi-ups.com.tr\/tr\/wp-json\/wp\/v2\/media?parent=10288"}],"wp:term":[{"taxonomy":"product_cat","embeddable":true,"href":"https:\/\/epi-ups.com.tr\/tr\/wp-json\/wp\/v2\/product_cat?post=10288"},{"taxonomy":"product_tag","embeddable":true,"href":"https:\/\/epi-ups.com.tr\/tr\/wp-json\/wp\/v2\/product_tag?post=10288"}],"curies":[{"name":"wp","href":"https:\/\/api.w.org\/{rel}","templated":true}]}}