{"id":10286,"date":"2025-01-14T18:41:13","date_gmt":"2025-01-14T18:41:13","guid":{"rendered":"https:\/\/epi-ups.com.tr\/product\/3rc-rectifier-series\/"},"modified":"2025-02-22T18:30:05","modified_gmt":"2025-02-22T18:30:05","slug":"3rc-rectifier-series","status":"publish","type":"product","link":"https:\/\/epi-ups.com.tr\/tr\/product\/3rc-rectifier-series\/","title":{"rendered":"3RC Rectifier SERIES"},"content":{"rendered":"<p><strong>3RC Do\u011frultucu SER\u0130S\u0130<\/strong><br \/>\n<strong>3 Fazl\u0131 Do\u011frultucu Sistemi<\/strong><br \/>\n<strong>15~200A (24, 48, 110, 220, 240 Vdc)<\/strong><\/p>\n<p><strong>Genel \u00d6zellikler:<\/strong><br \/>\n\u2022 Do\u011frusal olmayan \u015farjlar giri\u015fte dahili izolasyon trafosunu \u00e7al\u0131\u015ft\u0131r\u0131r<br \/>\n\u2022 Tam kontroll\u00fc konvansiyonel do\u011frultucu<br \/>\n\u2022 DSP (Dijital Sinyal \u0130\u015flemcisi) ile ak\u0131ll\u0131 kontrol ve y\u00fcksek g\u00fcvenilirlik<br \/>\n\u2022 Y\u00fczd\u00fcrme \u015farj\u0131, e\u015fitleme \u015farj\u0131 ve y\u00fckseltme \u015farj\u0131 modlar\u0131<br \/>\n\u2022 Otomatik ve manuel \u015farj modlar\u0131<br \/>\n\u2022 D\u00fc\u015f\u00fck \u00e7\u0131k\u0131\u015f voltaj\u0131 dalgalanmas\u0131 ve y\u00fcksek g\u00fcvenilirlik<br \/>\n\u2022 \u00d6l\u00e7\u00fcmleri, durumu ve alarm mesajlar\u0131n\u0131 g\u00f6steren 2\u00d716 karakter LCD ekran<br \/>\n\u2022 Yava\u015f ba\u015flatma<br \/>\n\u2022 Do\u011frultucu durumunun kolayca g\u00f6zlemlenmesi i\u00e7in LED ekranlar.<br \/>\n\u2022 Sesli alarm<br \/>\n\u2022 Programlanabilir ak\u0131m s\u0131n\u0131rlamas\u0131<br \/>\n\u2022 Voltaj kayna\u011f\u0131 veya ak\u0131m kayna\u011f\u0131 olarak \u00e7al\u0131\u015fma<br \/>\n\u2022 \u00d6n panelden \u00f6l\u00e7\u00fcmlerin kalibrasyonu<br \/>\n\u2022 \u00d6n panelden dil se\u00e7imi. (\u0130ngilizce\/Almanca\/T\u00fcrk\u00e7e\/Felemenk\u00e7e\/Portekizce)<br \/>\n\u2022 DC D\u00fc\u015f\u00fck\/Y\u00fcksek, Hat ar\u0131zas\u0131, A\u015f\u0131r\u0131 s\u0131cakl\u0131k, K\u0131sa devre korumalar\u0131<br \/>\n\u2022 T\u00fcm \u00e7al\u0131\u015fma parametrelerini programlama yetene\u011fi (\u015eifre korumal\u0131)<br \/>\n\u2022 Programlanabilir alarm r\u00f6lesi kontak \u00e7\u0131k\u0131\u015flar\u0131 (4 standart, 16 r\u00f6leye kadar opsiyonel)<br \/>\n\u2022 RS232-RS485 \u00fczerinden izleme ve kontrol imkan\u0131<br \/>\n\u2022 Modbus haberle\u015fmesi<br \/>\n\u2022 Toprak ka\u00e7a\u011f\u0131 izleme (DC ka\u00e7a\u011f\u0131)<br \/>\n\u2022 200 olaya kadar tarih ve saat damgal\u0131 g\u00fcnl\u00fck kay\u0131tlar\u0131<br \/>\n\u2022 12V \/ 24V \/ 48V \/ 110V \/ 220 \/ 240V \u00e7\u0131k\u0131\u015f se\u00e7enekleri<\/p>\n<p>\u00d6zellikler:<br \/>\n\u2022 Do\u011frusal olmayan \u015farj s\u00fcr\u00fcc\u00fcs\u00fc<br \/>\n\u2022 4 cihaza kadar aktif paralel (ak\u0131m payla\u015f\u0131m\u0131) \u00e7al\u0131\u015fma<br \/>\n\u2022 AC giri\u015fi ar\u0131zaland\u0131\u011f\u0131nda bile pilleri izleme ve pil d\u00fc\u015f\u00fck alarm\u0131 yetene\u011fi. \u2022 Pil s\u0131cakl\u0131k telafisi<br \/>\n\u2022 Analog g\u00f6stergeler arac\u0131l\u0131\u011f\u0131yla kolay g\u00f6zlem<br \/>\n\u2022 Ayarlanabilir voltaj ve s\u00fcreye sahip pil testi<br \/>\n\u2022 Giri\u015f \/ \u00e7\u0131k\u0131\u015f voltaj\u0131(lar\u0131) \/ ak\u0131m\u0131(lar\u0131) i\u00e7in d\u00f6n\u00fc\u015ft\u00fcr\u00fcc\u00fcler (4-20mA ve 0-10V)<br \/>\n\u2022 Giri\u015f ak\u0131m\u0131 bozulmas\u0131n\u0131 s\u0131n\u0131rlamak i\u00e7in 12 darbe se\u00e7ene\u011fi<br \/>\n\u2022 Giri\u015f G\u00fcc\u00fc \/ kVA \/ kW \u00f6l\u00e7\u00fcm\u00fc<br \/>\n\u2022 Dahili kabin \u0131\u015f\u0131\u011f\u0131 \/ kabin yo\u011fu\u015fma \u00f6nleyici \u0131s\u0131t\u0131c\u0131<br \/>\n\u2022 Dokunmatik ekran<\/p>\n","protected":false},"excerpt":{"rendered":"<p>3RC Do\u011frultucu SER\u0130S\u0130 3 Fazl\u0131 Do\u011frultucu Sistemi 15~200A (24, 48, 110, 220, 240 Vdc) Genel \u00d6zellikler: \u2022 Do\u011frusal olmayan \u015farjlar<\/p>\n","protected":false},"featured_media":10287,"comment_status":"open","ping_status":"closed","template":"","meta":[],"product_cat":[174,163],"product_tag":[],"class_list":{"0":"post-10286","1":"product","2":"type-product","3":"status-publish","4":"has-post-thumbnail","6":"product_cat-others","7":"product_cat-rectifier-tr","9":"first","10":"instock","11":"shipping-taxable","12":"product-type-external"},"_links":{"self":[{"href":"https:\/\/epi-ups.com.tr\/tr\/wp-json\/wp\/v2\/product\/10286","targetHints":{"allow":["GET"]}}],"collection":[{"href":"https:\/\/epi-ups.com.tr\/tr\/wp-json\/wp\/v2\/product"}],"about":[{"href":"https:\/\/epi-ups.com.tr\/tr\/wp-json\/wp\/v2\/types\/product"}],"replies":[{"embeddable":true,"href":"https:\/\/epi-ups.com.tr\/tr\/wp-json\/wp\/v2\/comments?post=10286"}],"wp:featuredmedia":[{"embeddable":true,"href":"https:\/\/epi-ups.com.tr\/tr\/wp-json\/wp\/v2\/media\/10287"}],"wp:attachment":[{"href":"https:\/\/epi-ups.com.tr\/tr\/wp-json\/wp\/v2\/media?parent=10286"}],"wp:term":[{"taxonomy":"product_cat","embeddable":true,"href":"https:\/\/epi-ups.com.tr\/tr\/wp-json\/wp\/v2\/product_cat?post=10286"},{"taxonomy":"product_tag","embeddable":true,"href":"https:\/\/epi-ups.com.tr\/tr\/wp-json\/wp\/v2\/product_tag?post=10286"}],"curies":[{"name":"wp","href":"https:\/\/api.w.org\/{rel}","templated":true}]}}