{"id":10284,"date":"2025-01-14T18:41:44","date_gmt":"2025-01-14T18:41:44","guid":{"rendered":"https:\/\/epi-ups.com.tr\/product\/rct48300\/"},"modified":"2025-01-23T12:44:01","modified_gmt":"2025-01-23T12:44:01","slug":"rct48300","status":"publish","type":"product","link":"https:\/\/epi-ups.com.tr\/tr\/product\/rct48300\/","title":{"rendered":"RCT48300"},"content":{"rendered":"<p>RCT48300<br \/>\n19 \u0130N\u00c7 MOD\u00dcLER DO\u011eRULTMA S\u0130STEM\u0130<\/p>\n<p>\u00dcr\u00fcn<\/p>\n<p>G\u00f6m\u00fcl\u00fc DC G\u00fc\u00e7 Sistemi, bug\u00fcn Telekom\/End\u00fcstriyel ortamda yayg\u0131n olarak kullan\u0131lmaktad\u0131r, yeni nesil bir &#8220;Ye\u015fil ve Enerji Tasarrufu&#8221; sistemi, a\u00e7\u0131k havada d\u00fc\u015f\u00fck g\u00fc\u00e7 mobil Telekom\/End\u00fcstriyel g\u00fc\u00e7 pazar\u0131n\u0131 hedeflemektedir, Telekom baz istasyonu geli\u015ftirme trendini kar\u015f\u0131lamaktad\u0131r, in\u015faat maliyetinden tasarruf sa\u011flamaktad\u0131r ve s\u00fcreyi k\u0131saltmaktad\u0131r. Sistem, \u00e7evreye olduk\u00e7a uyumludur, geni\u015f bir \u00e7al\u0131\u015fma s\u0131cakl\u0131\u011f\u0131 aral\u0131\u011f\u0131na sahiptir ve \u00fcst d\u00fczey kullan\u0131c\u0131lar\u0131n talebini kar\u015f\u0131lamaktad\u0131r.<\/p>\n<p>Uygulama<\/p>\n<p>Uydu \u0130leti\u015fimi Yer \u0130stasyonu<br \/>\nSCADA A\u011flar\u0131 ve Veri Odas\u0131<br \/>\nMobil \u0130leti\u015fim<br \/>\nFiber Optik a\u011f<br \/>\n\u0130letim ekipman\u0131<br \/>\nRadyo baz istasyonu\/h\u00fccre siteleri<br \/>\nDemiryolu ve metro<br \/>\nESS<br \/>\n5G Baz \u0130stasyonu\/Mikro Baz \u0130stasyonu<br \/>\nG\u00fc\u00e7 istasyonlar\u0131nda ve kimyasal tesislerde do\u011fru ak\u0131m acil durum g\u00fc\u00e7 \u00fcniteleri<\/p>\n<p>\u00d6zellikler<\/p>\n<p>Geni\u015f AC giri\u015f voltaj\u0131 \u00e7al\u0131\u015fma aral\u0131\u011f\u0131: 90~290Vac;<br \/>\ny\u00fcksek verimlilik \u2265%93,2 olan ak\u0131m\/voltaj anahtarlama teknolojisi;<br \/>\nM\u00fckemmel pil y\u00f6netimi, pil s\u0131cakl\u0131\u011f\u0131;<br \/>\n\u00c7oklu ileti\u015fim portlar\u0131, a\u011f olu\u015fturma ve uzaktan y\u00f6netim i\u00e7in kolay.<br \/>\nModbusRS485 \/TCP\/IP\/YDN23 (YD\/T 1363) protokol\u00fc;<br \/>\nS\u0131cakl\u0131k telafisi, LVLD ve LVBD korumas\u0131;<br \/>\nOtomatik pil test fonksiyonu, d\u00f6ng\u00fc testi, h\u0131zl\u0131 test;<br \/>\nG\u00fc\u00e7 sistemi ve mod\u00fcl uyku, verimlilik kar\u0131\u015ft\u0131rma, enerji tasarrufu deste\u011fi;<br \/>\nG\u00fc\u00e7 sisteminin \u00e7al\u0131\u015fma durumunun ger\u00e7ek zamanl\u0131 tespitini destekler;<br \/>\nAlarm ger\u00e7ek zamanl\u0131 tespitini ve raporlamas\u0131n\u0131 destekler;<br \/>\nS\u0131cak de\u011fi\u015ftirilebilir;<br \/>\nGiri\u015f a\u015f\u0131r\u0131\/d\u00fc\u015f\u00fck voltaj korumas\u0131;<br \/>\n\u00c7\u0131k\u0131\u015f a\u015f\u0131r\u0131 voltaj korumas\u0131;<br \/>\n\u00c7\u0131k\u0131\u015f a\u015f\u0131r\u0131 ak\u0131m korumas\u0131;<br \/>\n\u00c7\u0131k\u0131\u015f k\u0131sa devre korumas\u0131;<br \/>\nOtomatik ak\u0131m payla\u015f\u0131m\u0131, paralel \u00e7al\u0131\u015fma<\/p>\n","protected":false},"excerpt":{"rendered":"<p>RCT48300 19 \u0130N\u00c7 MOD\u00dcLER DO\u011eRULTMA S\u0130STEM\u0130 \u00dcr\u00fcn G\u00f6m\u00fcl\u00fc DC G\u00fc\u00e7 Sistemi, bug\u00fcn Telekom\/End\u00fcstriyel ortamda yayg\u0131n olarak kullan\u0131lmaktad\u0131r, yeni nesil bir<\/p>\n","protected":false},"featured_media":10285,"comment_status":"open","ping_status":"closed","template":"","meta":[],"product_cat":[163],"product_tag":[],"class_list":{"0":"post-10284","1":"product","2":"type-product","3":"status-publish","4":"has-post-thumbnail","6":"product_cat-rectifier-tr","8":"first","9":"instock","10":"shipping-taxable","11":"product-type-external"},"_links":{"self":[{"href":"https:\/\/epi-ups.com.tr\/tr\/wp-json\/wp\/v2\/product\/10284","targetHints":{"allow":["GET"]}}],"collection":[{"href":"https:\/\/epi-ups.com.tr\/tr\/wp-json\/wp\/v2\/product"}],"about":[{"href":"https:\/\/epi-ups.com.tr\/tr\/wp-json\/wp\/v2\/types\/product"}],"replies":[{"embeddable":true,"href":"https:\/\/epi-ups.com.tr\/tr\/wp-json\/wp\/v2\/comments?post=10284"}],"wp:featuredmedia":[{"embeddable":true,"href":"https:\/\/epi-ups.com.tr\/tr\/wp-json\/wp\/v2\/media\/10285"}],"wp:attachment":[{"href":"https:\/\/epi-ups.com.tr\/tr\/wp-json\/wp\/v2\/media?parent=10284"}],"wp:term":[{"taxonomy":"product_cat","embeddable":true,"href":"https:\/\/epi-ups.com.tr\/tr\/wp-json\/wp\/v2\/product_cat?post=10284"},{"taxonomy":"product_tag","embeddable":true,"href":"https:\/\/epi-ups.com.tr\/tr\/wp-json\/wp\/v2\/product_tag?post=10284"}],"curies":[{"name":"wp","href":"https:\/\/api.w.org\/{rel}","templated":true}]}}