{"id":10279,"date":"2025-01-13T21:17:56","date_gmt":"2025-01-13T21:17:56","guid":{"rendered":"https:\/\/epi-ups.com.tr\/product\/mhp-31-mhpr-31-series-10-20-kva\/"},"modified":"2025-01-23T12:14:35","modified_gmt":"2025-01-23T12:14:35","slug":"mhp-31-mhpr-31-series-10-20-kva","status":"publish","type":"product","link":"https:\/\/epi-ups.com.tr\/tr\/product\/mhp-31-mhpr-31-series-10-20-kva\/","title":{"rendered":"MHP 31 &#038; MHPR 31 Series 10-20 kVA"},"content":{"rendered":"<p><strong>MHP 31 ve MHPR 31 Serisi<\/strong><br \/>\n10 ~ 20kVA<br \/>\n3 Faz Giri\u015f\/ 1 Faz \u00c7\u0131k\u0131\u015f<br \/>\nKule ve Raf \u00c7evrimi\u00e7i UPS<\/p>\n<p><strong>\u00d6zellikler<\/strong><br \/>\n\u2022 Ger\u00e7ek \u00e7evrimi\u00e7i \u00e7ift d\u00f6n\u00fc\u015f\u00fcm teknolojisi<br \/>\n\u2022 Geni\u015f giri\u015f voltaj aral\u0131\u011f\u0131<br \/>\n\u2022 DSP tabanl\u0131 teknoloji<br \/>\n\u2022 Geli\u015fmi\u015f PFC teknolojisi, giri\u015f PF&gt;%99<br \/>\n\u2022 Ayd\u0131nlatma ve a\u015f\u0131r\u0131 gerilim korumas\u0131<br \/>\n\u2022 LCD\/LED ekran<br \/>\n\u2022 Jenerat\u00f6r ba\u011flant\u0131s\u0131n\u0131 destekler<br \/>\n\u2022 3\/1 ve 1\/1 yap\u0131land\u0131rmas\u0131n\u0131 destekler<br \/>\n\u2022 So\u011fuk ba\u015flatma<br \/>\n\u2022 G\u00f6rev a\u00e7\u0131s\u0131ndan kritik uygulamalar i\u00e7in ak\u0131ll\u0131 yuva<\/p>\n","protected":false},"excerpt":{"rendered":"<p>MHP 31 ve MHPR 31 Serisi 10 ~ 20kVA 3 Faz Giri\u015f\/ 1 Faz \u00c7\u0131k\u0131\u015f Kule ve Raf \u00c7evrimi\u00e7i UPS<\/p>\n","protected":false},"featured_media":10280,"comment_status":"open","ping_status":"closed","template":"","meta":[],"product_cat":[157,155],"product_tag":[],"class_list":{"0":"post-10279","1":"product","2":"type-product","3":"status-publish","4":"has-post-thumbnail","6":"product_cat-online-ups-tr","7":"product_cat-ups-tr","9":"first","10":"instock","11":"shipping-taxable","12":"product-type-external"},"_links":{"self":[{"href":"https:\/\/epi-ups.com.tr\/tr\/wp-json\/wp\/v2\/product\/10279","targetHints":{"allow":["GET"]}}],"collection":[{"href":"https:\/\/epi-ups.com.tr\/tr\/wp-json\/wp\/v2\/product"}],"about":[{"href":"https:\/\/epi-ups.com.tr\/tr\/wp-json\/wp\/v2\/types\/product"}],"replies":[{"embeddable":true,"href":"https:\/\/epi-ups.com.tr\/tr\/wp-json\/wp\/v2\/comments?post=10279"}],"wp:featuredmedia":[{"embeddable":true,"href":"https:\/\/epi-ups.com.tr\/tr\/wp-json\/wp\/v2\/media\/10280"}],"wp:attachment":[{"href":"https:\/\/epi-ups.com.tr\/tr\/wp-json\/wp\/v2\/media?parent=10279"}],"wp:term":[{"taxonomy":"product_cat","embeddable":true,"href":"https:\/\/epi-ups.com.tr\/tr\/wp-json\/wp\/v2\/product_cat?post=10279"},{"taxonomy":"product_tag","embeddable":true,"href":"https:\/\/epi-ups.com.tr\/tr\/wp-json\/wp\/v2\/product_tag?post=10279"}],"curies":[{"name":"wp","href":"https:\/\/api.w.org\/{rel}","templated":true}]}}