{"id":10276,"date":"2025-01-13T21:18:27","date_gmt":"2025-01-13T21:18:27","guid":{"rendered":"https:\/\/epi-ups.com.tr\/product\/mtn-elite-series-6-20-kva\/"},"modified":"2025-02-22T18:22:20","modified_gmt":"2025-02-22T18:22:20","slug":"mtn-elite-series-6-20-kva","status":"publish","type":"product","link":"https:\/\/epi-ups.com.tr\/tr\/product\/mtn-elite-series-6-20-kva\/","title":{"rendered":"MTN-eLite Series 6-20 kVA"},"content":{"rendered":"<p><strong>MTN-eLite Serisi<\/strong><br \/>\n<strong>6-20 kVA Tek Fazl\u0131 UPS<\/strong><\/p>\n<p><strong>\u00dcr\u00fcn<\/strong><\/p>\n<p>MTN-Elite UPS, alt ak\u0131\u015f sistemleri \u00fczerinde hi\u00e7bir etki yaratmadan g\u00fc\u00e7 sa\u011flanan y\u00fckler i\u00e7in maksimum koruma ve optimize edilmi\u015f enerji tasarrufu sa\u011flamak \u00fczere en son teknoloji ve bile\u015fenler kullan\u0131larak tasarlanm\u0131\u015f ve \u00fcretilmi\u015ftir. Seri, en son \u00fc\u00e7 seviyeli teknolojiye sahip \u00e7evrimi\u00e7i \u00e7ift d\u00f6n\u00fc\u015f\u00fcm teknolojisine (VFI) sahip 6-20 kVA tek\/tek fazl\u0131 modelleri i\u00e7erir. Y\u00fck, bi\u00e7im ve frekans a\u00e7\u0131s\u0131ndan filtrelenmi\u015f ve stabilize edilmi\u015f sin\u00fczoidal bir voltaj sa\u011flayan invert\u00f6r taraf\u0131ndan s\u00fcrekli olarak \u00e7al\u0131\u015ft\u0131r\u0131l\u0131r. Giri\u015f ve \u00e7\u0131k\u0131\u015f filtreleri, \u015febeke kesintilerine ve y\u0131ld\u0131r\u0131m d\u00fc\u015fmelerine kar\u015f\u0131 \u00f6nemli \u00f6l\u00e7\u00fcde daha fazla ba\u011f\u0131\u015f\u0131kl\u0131k sa\u011flar.<\/p>\n<p>Teknoloji ve performans a\u00e7\u0131s\u0131ndan, MTN-Elite bug\u00fcn piyasada bulunan en iyi UPS&#8217;lerden biridir: yar\u0131m y\u00fckte %95 verimlilik elde etmek i\u00e7in \u00fc\u00e7 seviyeli invent\u00f6r, sistem ve cihazlar\u0131n verimlili\u011fini art\u0131rmak ve g\u00fc\u00e7 sistemi kay\u0131plar\u0131n\u0131 azaltmak i\u00e7in \u00e7\u0131k\u0131\u015f g\u00fc\u00e7 fakt\u00f6r\u00fc 1<\/p>\n<p>\u00d6zellikler<\/p>\n<p>\u00dc\u00e7 seviyeli Teknoloji, Kompakt ve Sa\u011flam, MTN-elite monoline end\u00fcstriyel alanlarda ve kritik uygulamalarda y\u00fckleri korumak ve beslemek i\u00e7in m\u00fckemmel bir UPS&#8217;dir.<\/p>\n<ul>\n<li>\u00dc\u00e7 Seviyeli Teknoloji<br \/>\n\u00c7evrimi\u00e7i \u00c7ift D\u00f6n\u00fc\u015f\u00fcm Teknolojisi (S\u0131n\u0131f VFI-SS-111)<br \/>\nIGBT PWM Do\u011frultucu ve \u0130nvert\u00f6r Teknolojisi<br \/>\n%95,5&#8217;e Kadar Y\u00fcksek Verimlilik<br \/>\n%98&#8217;e kadar eko moduyla daha y\u00fcksek verimlilik<br \/>\nY\u00fcksek Giri\u015f G\u00fc\u00e7 Fakt\u00f6r\u00fc (&gt;0,99)<br \/>\nD\u00fc\u015f\u00fck Giri\u015f THD (\u2264%5)<br \/>\nAk\u0131ll\u0131 \u015farj cihaz\u0131yla pil \u00f6mr\u00fcn\u00fc %35&#8217;e kadar art\u0131r\u0131n<br \/>\nS\u0131cakl\u0131k dengelemeli pil \u015farj\u0131<br \/>\nAk\u0131ll\u0131 fan h\u0131z\u0131 kontrol\u00fcyle daha y\u00fcksek fan dosya s\u00fcresi<br \/>\nFrekans d\u00f6n\u00fc\u015ft\u00fcr\u00fcc\u00fc olarak \u00e7al\u0131\u015f\u0131n (50 Hz \/ 60 Hz)<br \/>\nK\u0131sa Devre, A\u015f\u0131r\u0131 Y\u00fck, Y\u0131ld\u0131r\u0131m ve Dalgalanma Korumas\u0131<br \/>\nM\u00fckemmel Jenerat\u00f6r Uyumlulu\u011fu<br \/>\nManuel bypass ile Kolay Servis<br \/>\nY\u00fckleme y\u00fczdesine ba\u011fl\u0131 de\u011fi\u015fken giri\u015f d\u00fc\u015f\u00fck voltaj\u0131 (-%40&#8217;a kadar)<br \/>\nOrtak veya Ayr\u0131 Pil Kabiniyle Paralelle\u015ftirilebilir<br \/>\nLCD ekranda ger\u00e7ek zamanl\u0131 uyar\u0131lar<\/li>\n<\/ul>\n","protected":false},"excerpt":{"rendered":"<p>MTN-eLite Serisi 6-20 kVA Tek Fazl\u0131 UPS \u00dcr\u00fcn MTN-Elite UPS, alt ak\u0131\u015f sistemleri \u00fczerinde hi\u00e7bir etki yaratmadan g\u00fc\u00e7 sa\u011flanan y\u00fckler<\/p>\n","protected":false},"featured_media":10278,"comment_status":"open","ping_status":"closed","template":"","meta":[],"product_cat":[157,179,155],"product_tag":[],"class_list":{"0":"post-10276","1":"product","2":"type-product","3":"status-publish","4":"has-post-thumbnail","6":"product_cat-online-ups-tr","7":"product_cat-uninteruptible-power-supply-tr","8":"product_cat-ups-tr","10":"first","11":"instock","12":"shipping-taxable","13":"product-type-external"},"_links":{"self":[{"href":"https:\/\/epi-ups.com.tr\/tr\/wp-json\/wp\/v2\/product\/10276","targetHints":{"allow":["GET"]}}],"collection":[{"href":"https:\/\/epi-ups.com.tr\/tr\/wp-json\/wp\/v2\/product"}],"about":[{"href":"https:\/\/epi-ups.com.tr\/tr\/wp-json\/wp\/v2\/types\/product"}],"replies":[{"embeddable":true,"href":"https:\/\/epi-ups.com.tr\/tr\/wp-json\/wp\/v2\/comments?post=10276"}],"wp:featuredmedia":[{"embeddable":true,"href":"https:\/\/epi-ups.com.tr\/tr\/wp-json\/wp\/v2\/media\/10278"}],"wp:attachment":[{"href":"https:\/\/epi-ups.com.tr\/tr\/wp-json\/wp\/v2\/media?parent=10276"}],"wp:term":[{"taxonomy":"product_cat","embeddable":true,"href":"https:\/\/epi-ups.com.tr\/tr\/wp-json\/wp\/v2\/product_cat?post=10276"},{"taxonomy":"product_tag","embeddable":true,"href":"https:\/\/epi-ups.com.tr\/tr\/wp-json\/wp\/v2\/product_tag?post=10276"}],"curies":[{"name":"wp","href":"https:\/\/api.w.org\/{rel}","templated":true}]}}