{"id":10273,"date":"2025-01-13T21:18:48","date_gmt":"2025-01-13T21:18:48","guid":{"rendered":"https:\/\/epi-ups.com.tr\/product\/msn-pro-series-1020kva\/"},"modified":"2025-02-22T18:22:46","modified_gmt":"2025-02-22T18:22:46","slug":"msn-pro-series-1020kva","status":"publish","type":"product","link":"https:\/\/epi-ups.com.tr\/tr\/product\/msn-pro-series-1020kva\/","title":{"rendered":"MSN-Pro Series 10~20KVA"},"content":{"rendered":"<p>MSN-Pro Serisi<br \/>\n10~-20kVA (220V\/230V\/240V)<br \/>\n3 fazl\u0131 giri\u015f\/1 fazl\u0131 \u00e7\u0131k\u0131\u015f<br \/>\n\u00c7ift D\u00f6n\u00fc\u015f\u00fcml\u00fc \u00c7evrimi\u00e7i (VFI)<\/p>\n<p>\u00dcr\u00fcn:<\/p>\n<p>10KVA&#8217;dan 20KVA&#8217;ya kadar de\u011fi\u015fen MSN-Pro serisi, tamamen DSP kontroll\u00fc teknolojiye sahip \u00e7ift d\u00f6n\u00fc\u015f\u00fcml\u00fc \u00e7evrimi\u00e7i UPS&#8217;dir. Bu MSN-Pro serisi UPS, %95&#8217;e kadar verimlilik sa\u011flayan geli\u015fmi\u015f 3 seviyeli teknolojiyi uygular. Y\u00fcksek g\u00fc\u00e7 yo\u011funlu\u011funa (kW=kVA) sahip kompakt tasar\u0131m\u0131yla MSN-Pro serisi, bilgisayarlar, telekom\u00fcnikasyon ekipmanlar\u0131 ve di\u011fer hassas cihazlar i\u00e7in ideal bir se\u00e7imdir.<\/p>\n<p>MSN-Pro \u00c7evrimi\u00e7i UPS Sistemi, gelen AC g\u00fcc\u00fcnde herhangi bir kesintiye bak\u0131lmaks\u0131z\u0131n hassas g\u00f6rev kritik ekipman\u0131n\u0131za temiz g\u00fc\u00e7 sa\u011flar. Sistem, daha d\u00fc\u015f\u00fck elektrik faturas\u0131 maliyetiyle \u00e7e\u015fitli yap\u0131land\u0131rma esnekli\u011fiyle maksimum g\u00fcvenilirlik sa\u011flamak i\u00e7in bir\u00e7ok geli\u015fmi\u015f \u00f6zellik sunar. MSN-Pro \u00c7evrimi\u00e7i UPS ile i\u00e7iniz tamamen rahat olur.<\/p>\n<p>\u00d6zellikler:<\/p>\n<p>\u2022 \u00d6nceki nesille kar\u015f\u0131la\u015ft\u0131r\u0131ld\u0131\u011f\u0131nda daha y\u00fcksek verimli AC g\u00fcc\u00fc sa\u011flar<br \/>\n\u2022 Y\u00fcksek g\u00fcvenilirlik ve g\u00fc\u00e7 i\u015flevi elde etmek i\u00e7in DSP tabanl\u0131 tam dijital kontrol teknolojisi<br \/>\n\u2022 \u00c7\u0131k\u0131\u015f g\u00fc\u00e7 fakt\u00f6r\u00fc 1.0<br \/>\n\u2022 Pil \u00f6mr\u00fcn\u00fc uzatmak i\u00e7in dijital olarak kontrol edilen ve ak\u0131ll\u0131 pil y\u00f6netimi<br \/>\n\u2022 LCD ve LED g\u00f6stergeleriyle \u00e7al\u0131\u015fma ve g\u00f6r\u00fcnt\u00fcleme<br \/>\n\u2022 Fan h\u0131z\u0131, y\u00fckler, giri\u015f voltaj\u0131 veya \u00e7al\u0131\u015fma moduna g\u00f6re otomatik olarak ayarlanabilir<br \/>\n\u2022 Dijital olarak kontrol edilen \u015farj ak\u0131m\u0131 ve voltaj\u0131<br \/>\n\u2022 S\u00fcper y\u00fcksek g\u00fc\u00e7 yo\u011funlu\u011fu<br \/>\n\u2022 Kendili\u011finden ya\u015flanma i\u015flevi, kullan\u0131c\u0131n\u0131n UPS&#8217;i y\u00fck olmadan m\u00fc\u015fteri sahas\u0131nda test etmesini sa\u011flar<br \/>\n\u2022 Ar\u0131za dalga formu kay\u0131t i\u015flevi, sorunu h\u0131zl\u0131 bir \u015fekilde \u00e7\u00f6zmeye yard\u0131mc\u0131 olur<br \/>\n\u2022 4 \u00fcniteye kadar paralel \u00e7al\u0131\u015fma<\/p>\n","protected":false},"excerpt":{"rendered":"<p>MSN-Pro Serisi 10~-20kVA (220V\/230V\/240V) 3 fazl\u0131 giri\u015f\/1 fazl\u0131 \u00e7\u0131k\u0131\u015f \u00c7ift D\u00f6n\u00fc\u015f\u00fcml\u00fc \u00c7evrimi\u00e7i (VFI) \u00dcr\u00fcn: 10KVA&#8217;dan 20KVA&#8217;ya kadar de\u011fi\u015fen MSN-Pro serisi,<\/p>\n","protected":false},"featured_media":10275,"comment_status":"open","ping_status":"closed","template":"","meta":[],"product_cat":[157,179,155],"product_tag":[],"class_list":{"0":"post-10273","1":"product","2":"type-product","3":"status-publish","4":"has-post-thumbnail","6":"product_cat-online-ups-tr","7":"product_cat-uninteruptible-power-supply-tr","8":"product_cat-ups-tr","10":"first","11":"instock","12":"shipping-taxable","13":"product-type-external"},"_links":{"self":[{"href":"https:\/\/epi-ups.com.tr\/tr\/wp-json\/wp\/v2\/product\/10273","targetHints":{"allow":["GET"]}}],"collection":[{"href":"https:\/\/epi-ups.com.tr\/tr\/wp-json\/wp\/v2\/product"}],"about":[{"href":"https:\/\/epi-ups.com.tr\/tr\/wp-json\/wp\/v2\/types\/product"}],"replies":[{"embeddable":true,"href":"https:\/\/epi-ups.com.tr\/tr\/wp-json\/wp\/v2\/comments?post=10273"}],"wp:featuredmedia":[{"embeddable":true,"href":"https:\/\/epi-ups.com.tr\/tr\/wp-json\/wp\/v2\/media\/10275"}],"wp:attachment":[{"href":"https:\/\/epi-ups.com.tr\/tr\/wp-json\/wp\/v2\/media?parent=10273"}],"wp:term":[{"taxonomy":"product_cat","embeddable":true,"href":"https:\/\/epi-ups.com.tr\/tr\/wp-json\/wp\/v2\/product_cat?post=10273"},{"taxonomy":"product_tag","embeddable":true,"href":"https:\/\/epi-ups.com.tr\/tr\/wp-json\/wp\/v2\/product_tag?post=10273"}],"curies":[{"name":"wp","href":"https:\/\/api.w.org\/{rel}","templated":true}]}}