{"id":10269,"date":"2025-01-13T21:19:41","date_gmt":"2025-01-13T21:19:41","guid":{"rendered":"https:\/\/epi-ups.com.tr\/product\/mtn-dual-series-610kva\/"},"modified":"2025-01-23T12:32:11","modified_gmt":"2025-01-23T12:32:11","slug":"mtn-dual-series-610kva","status":"publish","type":"product","link":"https:\/\/epi-ups.com.tr\/tr\/product\/mtn-dual-series-610kva\/","title":{"rendered":"MTN-Dual Series 6~10KVA"},"content":{"rendered":"<p><strong>MTN-Dual Serisi<\/strong><br \/>\n<strong>6 kVA~10 kVA<\/strong><br \/>\n<strong>\u00c7evrimi\u00e7i \u00c7ift D\u00f6n\u00fc\u015f\u00fcm<\/strong><br \/>\n<strong>Kule veya 19\u2033 raf montajl\u0131 UPS<\/strong><\/p>\n<p><strong>\u00dcr\u00fcn:<\/strong><\/p>\n<p>MTN-Dual serisi, tamamen DSP kontroll\u00fc teknolojiye sahip \u00e7ift d\u00f6n\u00fc\u015f\u00fcml\u00fc \u00e7evrimi\u00e7i UPS&#8217;dir. 3\/3, 3\/1 ve 1\/1&#8217;lik esnek yap\u0131land\u0131rmas\u0131, kompakt tasar\u0131m\u0131 ile modern veri merkezleri i\u00e7in ideal se\u00e7imdir. 19 in\u00e7 standart raf tasar\u0131m\u0131, kendi kendini ayarlayan \u00e7\u0131k\u0131\u015f frekans\u0131, ak\u0131ll\u0131 pil y\u00f6netim sistemi ve a\u011f y\u00f6netimi ile MTN-D25, bilgisayarlar, BT ekipmanlar\u0131 ve di\u011fer hassas cihazlar i\u00e7in m\u00fckemmel bir se\u00e7imdir.<\/p>\n<p>DSP Teknolojisi:<br \/>\nGeli\u015fmi\u015f DSP dijital kontrol teknolojisi, UPS&#8217;in daha kararl\u0131 performans g\u00f6stermesini sa\u011flar.<\/p>\n<p>Aktif giri\u015f g\u00fc\u00e7 fakt\u00f6r\u00fc d\u00fczeltmesi (PFC):<br \/>\nPFC&#8217;nin dijitalle\u015ftirilmi\u015f kontrol\u00fc, UPS&#8217;in olas\u0131 elektrik \u015febekesi kirlili\u011fini \u00f6nlemek i\u00e7in giri\u015f g\u00fc\u00e7 fakt\u00f6r\u00fcn\u00fc 0,99&#8217;un \u00fczerinde tutmas\u0131n\u0131 ve bu arada maliyeti b\u00fcy\u00fck \u00f6l\u00e7\u00fcde d\u00fc\u015f\u00fcrmesini sa\u011flar.<\/p>\n<p>S\u0131f\u0131r g\u00fc\u00e7 ge\u00e7i\u015f gecikmesi:<br \/>\n\u015eebeke elektri\u011fi kesildi\u011finde, UPS otomatik olarak AC modundan ak\u00fc moduna gecikmesiz bir \u015fekilde ge\u00e7erek i\u015fletim sisteminin istikrarl\u0131 g\u00fc\u00e7 kayna\u011f\u0131n\u0131 garanti eder.<\/p>\n<p>\u00c7evre Dostu:<br \/>\nBu UPS, Elektronik \u00dcr\u00fcnlerin en yerel kirlilik kontrol gereksinimini kar\u015f\u0131lamak i\u00e7in ekolojik olarak tasarlanm\u0131\u015f ve \u00fcretilmi\u015ftir, bu da normal kullan\u0131mda \u00e7evreye ve insanlara zarar vermeyece\u011fi anlam\u0131na gelir.<\/p>\n<p>Jenerat\u00f6r Uyumlulu\u011fu:<br \/>\nGeni\u015f giri\u015f voltaj\u0131 ve frekans\u0131 aral\u0131\u011f\u0131, jenerat\u00f6rler taraf\u0131ndan \u00fcretilen zararl\u0131 elektrik dalgas\u0131n\u0131 etkili bir \u015fekilde ay\u0131rabilir ve g\u00fcvenli ve g\u00fcvenilir g\u00fc\u00e7 kayna\u011f\u0131 sa\u011flayabilir.<\/p>\n<p>Geni\u015f Giri\u015f Voltaj\u0131 ve Frekans Aral\u0131\u011f\u0131:<br \/>\nUPS&#8217;nin \u00e7e\u015fitli ortamlara uygulanabilmesini sa\u011flamak i\u00e7in giri\u015f fakt\u00f6rlerinin aral\u0131\u011f\u0131n\u0131 kas\u0131tl\u0131 olarak geni\u015fletiyoruz, bu da dengesiz g\u00fc\u00e7 ortam\u0131nda bile ak\u00fc \u015farj\u0131n\u0131 etkili bir \u015fekilde s\u00fcrd\u00fcrecek ve b\u00f6ylece UPS&#8217;nin hizmet \u00f6mr\u00fc a\u00e7\u0131k\u00e7a uzat\u0131labilir.<\/p>\n<p>LiFePO4 P\u0130L AVANTAJLARI<\/p>\n<p>Uzun pil \u00e7al\u0131\u015fma s\u00fcreleri \u2013 genellikle kur\u015fun-asit pillerden 3 kat daha uzun<br \/>\n\u00c7ok hafif \u2013 her pil tak\u0131m\u0131 bir kur\u015fun-asit e\u015fde\u011ferinden %44 daha az a\u011f\u0131rl\u0131\u011fa sahiptir<br \/>\nUzun hizmet \u00f6mr\u00fc \u2013 10 y\u0131ldan fazla; kur\u015fun-asit ak\u00fcler i\u00e7in sadece 4 ila 5 y\u0131l<br \/>\nGeni\u015f s\u0131cakl\u0131k aral\u0131\u011f\u0131 \u2013 -20\u00b0C ila 55\u00b0C aras\u0131ndaki geni\u015f s\u0131cakl\u0131klara tolerans g\u00f6sterir<br \/>\nGeli\u015fmi\u015f g\u00fcvenlik \u2013 Lityum iyon kimyas\u0131nda bulunan termal ka\u00e7ak sorunlar\u0131 yoktur<br \/>\nDaha d\u00fc\u015f\u00fck \u00f6m\u00fcr boyu maliyetler \u2013 kur\u015fun-asit ak\u00fclerden %75 daha az<br \/>\n\u00c7evre dostu \u2013EPI LiFePO4 ak\u00fc \u00e7evre i\u00e7in g\u00fcvenlidir. A\u015f\u0131nd\u0131r\u0131c\u0131 maddeler veya tehlikeli kokular i\u00e7ermez.<\/p>\n<p>\u00d6zellikler:<\/p>\n<p>Giri\u015f PF&gt;%99 iken geni\u015f giri\u015f voltaj\u0131 aral\u0131\u011f\u0131<br \/>\n\u00c7\u0131k\u0131\u015f PF&#8217;si 1.0<br \/>\nA\u015f\u0131r\u0131 voltaj, devre k\u0131sa devresi ve a\u015f\u0131r\u0131 s\u0131cakl\u0131\u011fa kar\u015f\u0131 tam koruma<br \/>\nA\u011f\/faks\/modem dalgalanma korumas\u0131<br \/>\nLCD\/LED ekran, t\u00fcm \u00e7al\u0131\u015fma durumlar\u0131n\u0131 izleme<br \/>\n19 in\u00e7 standart kabin ve ak\u00fc kabini<br \/>\nOtomatik fan h\u0131z\u0131 ayar\u0131<br \/>\nBol aray\u00fcz: RS232, RS485, USB, SNMP, Ak\u0131ll\u0131 Kart<\/p>\n","protected":false},"excerpt":{"rendered":"<p>MTN-Dual Serisi 6 kVA~10 kVA \u00c7evrimi\u00e7i \u00c7ift D\u00f6n\u00fc\u015f\u00fcm Kule veya 19\u2033 raf montajl\u0131 UPS \u00dcr\u00fcn: MTN-Dual serisi, tamamen DSP kontroll\u00fc<\/p>\n","protected":false},"featured_media":10270,"comment_status":"open","ping_status":"closed","template":"","meta":[],"product_cat":[157,155],"product_tag":[],"class_list":{"0":"post-10269","1":"product","2":"type-product","3":"status-publish","4":"has-post-thumbnail","6":"product_cat-online-ups-tr","7":"product_cat-ups-tr","9":"first","10":"instock","11":"shipping-taxable","12":"product-type-external"},"_links":{"self":[{"href":"https:\/\/epi-ups.com.tr\/tr\/wp-json\/wp\/v2\/product\/10269","targetHints":{"allow":["GET"]}}],"collection":[{"href":"https:\/\/epi-ups.com.tr\/tr\/wp-json\/wp\/v2\/product"}],"about":[{"href":"https:\/\/epi-ups.com.tr\/tr\/wp-json\/wp\/v2\/types\/product"}],"replies":[{"embeddable":true,"href":"https:\/\/epi-ups.com.tr\/tr\/wp-json\/wp\/v2\/comments?post=10269"}],"wp:featuredmedia":[{"embeddable":true,"href":"https:\/\/epi-ups.com.tr\/tr\/wp-json\/wp\/v2\/media\/10270"}],"wp:attachment":[{"href":"https:\/\/epi-ups.com.tr\/tr\/wp-json\/wp\/v2\/media?parent=10269"}],"wp:term":[{"taxonomy":"product_cat","embeddable":true,"href":"https:\/\/epi-ups.com.tr\/tr\/wp-json\/wp\/v2\/product_cat?post=10269"},{"taxonomy":"product_tag","embeddable":true,"href":"https:\/\/epi-ups.com.tr\/tr\/wp-json\/wp\/v2\/product_tag?post=10269"}],"curies":[{"name":"wp","href":"https:\/\/api.w.org\/{rel}","templated":true}]}}