{"id":10267,"date":"2025-01-13T21:20:07","date_gmt":"2025-01-13T21:20:07","guid":{"rendered":"https:\/\/epi-ups.com.tr\/product\/mtn-d-10-25kva\/"},"modified":"2025-02-22T18:23:39","modified_gmt":"2025-02-22T18:23:39","slug":"mtn-d-10-25kva","status":"publish","type":"product","link":"https:\/\/epi-ups.com.tr\/tr\/product\/mtn-d-10-25kva\/","title":{"rendered":"MTN-D 10-25kVA"},"content":{"rendered":"<p><strong>MTN-D 10-25 kVA<\/strong><br \/>\n<strong>\u00c7evrimi\u00e7i \u00e7ift d\u00f6n\u00fc\u015f\u00fcm<\/strong><br \/>\n<strong>Kule veya 19\u201d raf montajl\u0131 UPS<\/strong><br \/>\n<strong>3\/3;3\/1 konfig\u00fcrasyonu<\/strong><\/p>\n<p><strong>\u00dcr\u00fcn:<\/strong><\/p>\n<p>MTN-Dual serisi, tamamen DSP kontroll\u00fc teknolojiye sahip \u00e7ift d\u00f6n\u00fc\u015f\u00fcml\u00fc \u00e7evrimi\u00e7i UPS&#8217;dir. 3\/3 ve 3\/1&#8217;lik esnek yap\u0131land\u0131rmas\u0131, kompakt tasar\u0131m\u0131 ile modern veri merkezleri i\u00e7in ideal se\u00e7imdir. 19 in\u00e7 standart raf tasar\u0131m\u0131, kendi kendini ayarlayan \u00e7\u0131k\u0131\u015f frekans\u0131, ak\u0131ll\u0131 pil y\u00f6netim sistemi ve a\u011f y\u00f6netimi ile MTN-Dual, bilgisayarlar, BT ekipmanlar\u0131 ve di\u011fer hassas cihazlar i\u00e7in m\u00fckemmel bir se\u00e7imdir.<\/p>\n<p>DSP TEKNOLOJ\u0130S\u0130<\/p>\n<p>Geli\u015fmi\u015f DSP dijital kontrol teknolojisi, UPS&#8217;in daha istikrarl\u0131 performans g\u00f6stermesini sa\u011flar.<\/p>\n<p>AKT\u0130F G\u0130R\u0130\u015e G\u00dc\u00c7 FAKT\u00d6R\u00dc D\u00dcZELTME (PFC)<\/p>\n<p>PFC&#8217;nin dijitalle\u015ftirilmi\u015f kontrol\u00fc, UPS&#8217;in olas\u0131 elektrik \u015febekesi kirlili\u011fini \u00f6nlemek i\u00e7in giri\u015f g\u00fc\u00e7 fakt\u00f6r\u00fcn\u00fc 0,99&#8217;un \u00fczerinde tutmas\u0131n\u0131 ve bu arada maliyeti b\u00fcy\u00fck \u00f6l\u00e7\u00fcde d\u00fc\u015f\u00fcrmesini sa\u011flar.<\/p>\n<p>SIFIR G\u00dc\u00c7 ANAHTAR GEC\u0130KMES\u0130<\/p>\n<p>\u015eebeke elektri\u011fi kesildi\u011finde, UPS otomatik olarak AC modundan ak\u00fc moduna gecikmesiz bir \u015fekilde ge\u00e7erek i\u015fletim sisteminin istikrarl\u0131 g\u00fc\u00e7 beslemesini sa\u011flar.<\/p>\n<p>\u00c7EVRE DOSTU<\/p>\n<p>Bu UPS, Elektronik \u00dcr\u00fcnlerin en yerel kirlilik kontrol gereksinimlerini kar\u015f\u0131lamak i\u00e7in ekolojik olarak tasarlanm\u0131\u015f ve \u00fcretilmi\u015ftir, bu da normal kullan\u0131mda \u00e7evreye ve insanlara zarar vermeyece\u011fi anlam\u0131na gelir.<\/p>\n<p>ESNEK YAPILANDIRMA<\/p>\n<p>Sistem 3\/3 ve 3\/1 olarak yap\u0131land\u0131r\u0131labilir<\/p>\n<p>DOSTU ARAY\u00dcZ<\/p>\n<p>Grafik ekranl\u0131 5,5 in\u00e7 dokunmatik renkli LCD, daha fazla bilgi g\u00f6r\u00fcnt\u00fclenir ve m\u00fc\u015fterinin \u00e7al\u0131\u015ft\u0131rmas\u0131 daha kolayd\u0131r<\/p>\n<p>GEN\u0130\u015e G\u0130R\u0130\u015e VOLTAJI VE FREKANS ARALI\u011eI<\/p>\n<p>UPS&#8217;nin \u00e7e\u015fitli ortamlara uygulanabilmesini sa\u011flamak i\u00e7in giri\u015f fakt\u00f6rlerinin aral\u0131\u011f\u0131n\u0131 kas\u0131tl\u0131 olarak geni\u015fletiyoruz, bu da dengesiz g\u00fc\u00e7 ortam\u0131nda bile ak\u00fc \u015farj\u0131n\u0131 etkili bir \u015fekilde s\u00fcrd\u00fcrecek ve b\u00f6ylece UPS&#8217;nin hizmet \u00f6mr\u00fc a\u00e7\u0131k\u00e7a uzat\u0131labilir.<\/p>\n<p>\u00d6zellikler:<br \/>\nGiri\u015f PF&gt;%99 iken geni\u015f giri\u015f voltaj\u0131 aral\u0131\u011f\u0131<br \/>\n\u00c7\u0131k\u0131\u015f PF&#8217;si 1.0<br \/>\nA\u015f\u0131r\u0131 voltaj, devre k\u0131sa devresi ve a\u015f\u0131r\u0131 s\u0131cakl\u0131\u011fa kar\u015f\u0131 tam koruma<br \/>\nA\u011f\/faks\/modem dalgalanma korumas\u0131<br \/>\nLCD\/LED ekran, t\u00fcm \u00e7al\u0131\u015fma durumlar\u0131n\u0131 izleme<br \/>\n19 in\u00e7 standart kabin ve pil kabini<br \/>\nOtomatik fan h\u0131z\u0131 ayar\u0131<br \/>\nBol aray\u00fcz: RS232, RS485, USB, SNMP, Ak\u0131ll\u0131 Kart<\/p>\n","protected":false},"excerpt":{"rendered":"<p>MTN-D 10-25 kVA \u00c7evrimi\u00e7i \u00e7ift d\u00f6n\u00fc\u015f\u00fcm Kule veya 19\u201d raf montajl\u0131 UPS 3\/3;3\/1 konfig\u00fcrasyonu \u00dcr\u00fcn: MTN-Dual serisi, tamamen DSP kontroll\u00fc<\/p>\n","protected":false},"featured_media":10268,"comment_status":"open","ping_status":"closed","template":"","meta":[],"product_cat":[157,179,155],"product_tag":[],"class_list":{"0":"post-10267","1":"product","2":"type-product","3":"status-publish","4":"has-post-thumbnail","6":"product_cat-online-ups-tr","7":"product_cat-uninteruptible-power-supply-tr","8":"product_cat-ups-tr","10":"first","11":"instock","12":"shipping-taxable","13":"product-type-external"},"_links":{"self":[{"href":"https:\/\/epi-ups.com.tr\/tr\/wp-json\/wp\/v2\/product\/10267","targetHints":{"allow":["GET"]}}],"collection":[{"href":"https:\/\/epi-ups.com.tr\/tr\/wp-json\/wp\/v2\/product"}],"about":[{"href":"https:\/\/epi-ups.com.tr\/tr\/wp-json\/wp\/v2\/types\/product"}],"replies":[{"embeddable":true,"href":"https:\/\/epi-ups.com.tr\/tr\/wp-json\/wp\/v2\/comments?post=10267"}],"wp:featuredmedia":[{"embeddable":true,"href":"https:\/\/epi-ups.com.tr\/tr\/wp-json\/wp\/v2\/media\/10268"}],"wp:attachment":[{"href":"https:\/\/epi-ups.com.tr\/tr\/wp-json\/wp\/v2\/media?parent=10267"}],"wp:term":[{"taxonomy":"product_cat","embeddable":true,"href":"https:\/\/epi-ups.com.tr\/tr\/wp-json\/wp\/v2\/product_cat?post=10267"},{"taxonomy":"product_tag","embeddable":true,"href":"https:\/\/epi-ups.com.tr\/tr\/wp-json\/wp\/v2\/product_tag?post=10267"}],"curies":[{"name":"wp","href":"https:\/\/api.w.org\/{rel}","templated":true}]}}