{"id":10264,"date":"2025-01-13T21:20:29","date_gmt":"2025-01-13T21:20:29","guid":{"rendered":"https:\/\/epi-ups.com.tr\/product\/hybrex-1-4-7kva\/"},"modified":"2025-01-23T12:31:08","modified_gmt":"2025-01-23T12:31:08","slug":"hybrex-1-4-7kva","status":"publish","type":"product","link":"https:\/\/epi-ups.com.tr\/tr\/product\/hybrex-1-4-7kva\/","title":{"rendered":"HYBREX 1-4.7kVA"},"content":{"rendered":"<p><strong>HYBREX<\/strong><br \/>\n<strong>Sinewave UPS<\/strong><br \/>\n<strong>ve \u0130nverter<\/strong><\/p>\n<p><strong>Se\u00e7enekler<\/strong><\/p>\n<p>\u0130leti\u015fim kart\u0131<br \/>\nRS232<br \/>\nAcil g\u00fc\u00e7 kapatma<br \/>\nAk\u00fc s\u0131cakl\u0131k sens\u00f6r\u00fc<br \/>\nR\u00f6le konta\u011f\u0131<br \/>\nM\u00fc\u015fteri giri\u015f konta\u011f\u0131<br \/>\nUzaktan izleme ve y\u00f6netim yaz\u0131l\u0131m\u0131<br \/>\nModbus<br \/>\nSNMP Adapt\u00f6r\u00fc<br \/>\nG\u00fcne\u015f ba\u011flant\u0131 kiti<br \/>\n3 Faz ba\u011flant\u0131 kiti<br \/>\nUzaktan izleme paneli<br \/>\nAk\u00fc ters korumas\u0131<\/p>\n<p>Uygulamalar<\/p>\n<p>Bilgisayar<br \/>\nBuzdolab\u0131<br \/>\nElektrikli ayd\u0131nlatma<br \/>\nMotor<br \/>\nPompa<br \/>\nKasa<br \/>\nTelevizyon<br \/>\nKlima<br \/>\nOfis ekipmanlar\u0131<\/p>\n<p>\u00d6zellikler<\/p>\n<p>Kritik y\u00fckler i\u00e7in saf sin\u00fcs dalgas\u0131 \u00e7\u0131k\u0131\u015f\u0131<br \/>\nMikroi\u015flemci kontroll\u00fc teknoloji<br \/>\nKullan\u0131c\u0131 dostu LCD ekran<br \/>\nUzun yedekleme s\u00fcresi i\u00e7in 1-45A \u015farj ak\u0131m\u0131<br \/>\nAk\u00fc de\u015farj\u0131, a\u015f\u0131r\u0131 y\u00fck, k\u0131sa devre, y\u00fcksek voltaj y\u00fckselmesi, y\u0131ld\u0131r\u0131m ve a\u015f\u0131r\u0131 gerilim korumas\u0131<br \/>\nDahili otomatik voltaj reg\u00fclat\u00f6r\u00fc<br \/>\nAyarlanabilir voltaj, frekans ve ak\u00fc ak\u0131m\u0131<br \/>\nAk\u0131ll\u0131 ak\u00fc y\u00f6netimiyle uzat\u0131lm\u0131\u015f ak\u00fc \u00f6mr\u00fc<br \/>\n\u00d6zel uygulamalar i\u00e7in elektronik jenerat\u00f6r modu<br \/>\nAk\u0131ll\u0131 fan h\u0131z\u0131 kontrol\u00fc<br \/>\nAr\u0131za alarmlar\u0131 ve durum uyar\u0131lar\u0131<br \/>\nEntegre kendi kendine te\u015fhis<br \/>\nKlima iyile\u015firken otomatik yeniden ba\u015flatma<br \/>\nSo\u011fuk ba\u015flatma i\u015flevi<br \/>\nEnerji tasarrufu i\u00e7in uyku modu<br \/>\nAk\u00fc \u00e7al\u0131\u015fmas\u0131nda g\u00fc\u00e7 fakt\u00f6r\u00fc d\u00fczeltmesi<br \/>\nAk\u00fcde d\u00fc\u015f\u00fck \u00e7\u0131k\u0131\u015f THD&#8217;si (&lt;%3)<br \/>\n3 Fazl\u0131 ba\u011flant\u0131<br \/>\nKolay kurulum ve bak\u0131m<br \/>\nKompakt boyut ve hafiflik<\/p>\n","protected":false},"excerpt":{"rendered":"<p>HYBREX Sinewave UPS ve \u0130nverter Se\u00e7enekler \u0130leti\u015fim kart\u0131 RS232 Acil g\u00fc\u00e7 kapatma Ak\u00fc s\u0131cakl\u0131k sens\u00f6r\u00fc R\u00f6le konta\u011f\u0131 M\u00fc\u015fteri giri\u015f konta\u011f\u0131<\/p>\n","protected":false},"featured_media":10266,"comment_status":"open","ping_status":"closed","template":"","meta":[],"product_cat":[157,155],"product_tag":[],"class_list":{"0":"post-10264","1":"product","2":"type-product","3":"status-publish","4":"has-post-thumbnail","6":"product_cat-online-ups-tr","7":"product_cat-ups-tr","9":"first","10":"instock","11":"shipping-taxable","12":"product-type-external"},"_links":{"self":[{"href":"https:\/\/epi-ups.com.tr\/tr\/wp-json\/wp\/v2\/product\/10264","targetHints":{"allow":["GET"]}}],"collection":[{"href":"https:\/\/epi-ups.com.tr\/tr\/wp-json\/wp\/v2\/product"}],"about":[{"href":"https:\/\/epi-ups.com.tr\/tr\/wp-json\/wp\/v2\/types\/product"}],"replies":[{"embeddable":true,"href":"https:\/\/epi-ups.com.tr\/tr\/wp-json\/wp\/v2\/comments?post=10264"}],"wp:featuredmedia":[{"embeddable":true,"href":"https:\/\/epi-ups.com.tr\/tr\/wp-json\/wp\/v2\/media\/10266"}],"wp:attachment":[{"href":"https:\/\/epi-ups.com.tr\/tr\/wp-json\/wp\/v2\/media?parent=10264"}],"wp:term":[{"taxonomy":"product_cat","embeddable":true,"href":"https:\/\/epi-ups.com.tr\/tr\/wp-json\/wp\/v2\/product_cat?post=10264"},{"taxonomy":"product_tag","embeddable":true,"href":"https:\/\/epi-ups.com.tr\/tr\/wp-json\/wp\/v2\/product_tag?post=10264"}],"curies":[{"name":"wp","href":"https:\/\/api.w.org\/{rel}","templated":true}]}}