{"id":10259,"date":"2025-01-13T21:21:24","date_gmt":"2025-01-13T21:21:24","guid":{"rendered":"https:\/\/epi-ups.com.tr\/product\/hm-prox-series10-120kv\/"},"modified":"2025-02-22T18:24:53","modified_gmt":"2025-02-22T18:24:53","slug":"hm-prox-series10-120kv","status":"publish","type":"product","link":"https:\/\/epi-ups.com.tr\/tr\/product\/hm-prox-series10-120kv\/","title":{"rendered":"HM-ProX Series10-120kV"},"content":{"rendered":"<p><strong>HM-ProX Serisi<\/strong><br \/>\n<strong>10-120kVA<\/strong><br \/>\n<strong>\u00dc\u00e7 fazl\u0131 giri\u015f\/Tek fazl\u0131 \u00e7\u0131k\u0131\u015f<\/strong><br \/>\n<strong>\u00c7evrimi\u00e7i \u00c7ift D\u00f6n\u00fc\u015f\u00fcm (VFI)<\/strong><\/p>\n<p><strong>\u00dcr\u00fcn<\/strong><\/p>\n<p>Kararl\u0131, Ak\u0131ll\u0131, Basit, Tasarruflu; G\u00fcvenilir. HM-ProX end\u00fcstriyel Kesintisiz G\u00fc\u00e7 Kayna\u011f\u0131 sistemi (UPS), muhafazakar tasar\u0131m\u0131 (SCR\/IGBT) kan\u0131tlanm\u0131\u015f dijital kontrolle birle\u015ftirerek her t\u00fcrl\u00fc elektrik ve \u00e7evre ko\u015fulunda en \u00fcst d\u00fczeyde g\u00fcvenilirlik sa\u011flar. Mevcut kullan\u0131c\u0131lar\u0131m\u0131z\u0131n uygulama ve geri bildirimlerinin entegrasyonu ve \u00fcr\u00fcn performans\u0131m\u0131z\u0131, verimlili\u011fimizi, g\u00fcvenli\u011fimizi, sistem g\u00fcvenilirli\u011fimizi, daha y\u00fcksek g\u00fcc\u00fcm\u00fcz\u00fc geli\u015ftiren en son ara\u015ft\u0131rma ve geli\u015ftirmelerimizle Yo\u011funluk, zeka ve minyat\u00fcrle\u015ftirmenin entegrasyonu.<\/p>\n<p>Uygulamalar<\/p>\n<p>Petrol ve Gaz end\u00fcstrileri,<br \/>\nA\u00e7\u0131k deniz ve kara<br \/>\nRafineri ve petrokimya tesisleri<br \/>\nG\u00fc\u00e7 \u00fcretim tesisleri<br \/>\nDemiryolu ta\u015f\u0131mac\u0131l\u0131\u011f\u0131<\/p>\n<p>\u00d6zellikler<\/p>\n<p>G\u00fc\u00e7 bile\u015fenlerinin performans\u0131n\u0131 art\u0131ran, y\u00fck\u00fcn aktif bir \u015fekilde \u015fartland\u0131r\u0131lmas\u0131n\u0131 sa\u011flayan ve ki\u015fiselle\u015ftirilmi\u015f sistem ayarlar\u0131na izin veren DSP dijital vekt\u00f6r kontrol teknolojisini kullan\u0131r. Sonu\u00e7, s\u00fcre\u00e7 i\u00e7in geli\u015fmi\u015f g\u00fcvenilirlik ve personel i\u00e7in geli\u015fmi\u015f g\u00fcvenliktir. \u00c7e\u015fitli ak\u00fc tiplerini destekler, \u015farj voltaj\u0131 ve ak\u0131m\u0131n\u0131n otomatik kontrol\u00fc, so\u011fuk ba\u015flatma i\u015flevi ve UPS \u00e7al\u0131\u015fmas\u0131n\u0131 kesintiye u\u011fratmadan ak\u00fc de\u011fi\u015fimi.<br \/>\nPanel, kullan\u0131c\u0131 dostu, kolay ayr\u0131nt\u0131l\u0131 UPS aray\u00fcz bilgilerini g\u00f6r\u00fcnt\u00fcler, giri\u015f\/\u00e7\u0131k\u0131\u015f kuru konta\u011f\u0131 ve SNMP kart\u0131 arac\u0131l\u0131\u011f\u0131yla UPS uzaktan izleme ve kontrol\u00fcn\u00fc ger\u00e7ekle\u015ftirir.<br \/>\n12 darbeli do\u011frultucu, giri\u015f g\u00fc\u00e7 fakt\u00f6r\u00fcn\u00fc art\u0131rabilen ve Giri\u015f g\u00fc\u00e7 harmoniklerini d\u00fc\u015f\u00fcrebilen bir se\u00e7enektir<br \/>\nTers voltaj ve k\u0131sa devre korumas\u0131, basit g\u00fc\u00e7 da\u011f\u0131t\u0131m\u0131 ve paralel yedeklilik (N+1) i\u015flevi gibi y\u00fcksek g\u00fcvenilirlik tasar\u0131m\u0131yla<\/p>\n","protected":false},"excerpt":{"rendered":"<p>HM-ProX Serisi 10-120kVA \u00dc\u00e7 fazl\u0131 giri\u015f\/Tek fazl\u0131 \u00e7\u0131k\u0131\u015f \u00c7evrimi\u00e7i \u00c7ift D\u00f6n\u00fc\u015f\u00fcm (VFI) \u00dcr\u00fcn Kararl\u0131, Ak\u0131ll\u0131, Basit, Tasarruflu; G\u00fcvenilir. HM-ProX end\u00fcstriyel<\/p>\n","protected":false},"featured_media":10261,"comment_status":"open","ping_status":"closed","template":"","meta":[],"product_cat":[157,179,155],"product_tag":[],"class_list":{"0":"post-10259","1":"product","2":"type-product","3":"status-publish","4":"has-post-thumbnail","6":"product_cat-online-ups-tr","7":"product_cat-uninteruptible-power-supply-tr","8":"product_cat-ups-tr","10":"first","11":"instock","12":"shipping-taxable","13":"product-type-external"},"_links":{"self":[{"href":"https:\/\/epi-ups.com.tr\/tr\/wp-json\/wp\/v2\/product\/10259","targetHints":{"allow":["GET"]}}],"collection":[{"href":"https:\/\/epi-ups.com.tr\/tr\/wp-json\/wp\/v2\/product"}],"about":[{"href":"https:\/\/epi-ups.com.tr\/tr\/wp-json\/wp\/v2\/types\/product"}],"replies":[{"embeddable":true,"href":"https:\/\/epi-ups.com.tr\/tr\/wp-json\/wp\/v2\/comments?post=10259"}],"wp:featuredmedia":[{"embeddable":true,"href":"https:\/\/epi-ups.com.tr\/tr\/wp-json\/wp\/v2\/media\/10261"}],"wp:attachment":[{"href":"https:\/\/epi-ups.com.tr\/tr\/wp-json\/wp\/v2\/media?parent=10259"}],"wp:term":[{"taxonomy":"product_cat","embeddable":true,"href":"https:\/\/epi-ups.com.tr\/tr\/wp-json\/wp\/v2\/product_cat?post=10259"},{"taxonomy":"product_tag","embeddable":true,"href":"https:\/\/epi-ups.com.tr\/tr\/wp-json\/wp\/v2\/product_tag?post=10259"}],"curies":[{"name":"wp","href":"https:\/\/api.w.org\/{rel}","templated":true}]}}