{"id":10256,"date":"2025-01-13T21:22:05","date_gmt":"2025-01-13T21:22:05","guid":{"rendered":"https:\/\/epi-ups.com.tr\/product\/ht-prox-series-10600kva\/"},"modified":"2025-02-22T18:25:08","modified_gmt":"2025-02-22T18:25:08","slug":"ht-prox-series-10600kva","status":"publish","type":"product","link":"https:\/\/epi-ups.com.tr\/tr\/product\/ht-prox-series-10600kva\/","title":{"rendered":"HT-ProX Series 10~600kVA"},"content":{"rendered":"<p><strong>HT-ProX Serisi<\/strong><br \/>\n<strong>10kVA~600kVA<\/strong><br \/>\n<strong>\u00dc\u00c7 FAZLI G\u0130R\u0130\u015e \/ \u00dc\u00c7 FAZLI \u00c7IKI\u015e<\/strong><br \/>\n<strong>\u00c7EVR\u0130M\u0130\u00c7\u0130 \u00c7\u0130FT D\u00d6N\u00dc\u015e\u00dcM (VFI)<\/strong><\/p>\n<p><strong>\u00dcr\u00fcn<\/strong><\/p>\n<p><strong>Kararl\u0131, Ak\u0131ll\u0131, Basit, Tasarruflu; G\u00fcvenilir.<\/strong><\/p>\n<p>HT-ProX serisi UPS, en yenilik\u00e7i tasar\u0131m ve patentlerle ger\u00e7ek \u00e7evrimi\u00e7i, \u00e7ift d\u00f6n\u00fc\u015f\u00fcm topolojisidir, i\u015finize en y\u00fcksek g\u00fc\u00e7 kalitesiyle g\u00fc\u00e7 verir. \u00c7evre dostu, y\u00fcksek verimlilik ve y\u00fcksek g\u00fcvenilirlik en d\u00fc\u015f\u00fck TCO&#8217;yu (Toplam Sahip Olma Maliyeti) sa\u011flar. Bu seri UPS tamamen dijital kontroll\u00fcd\u00fcr, birka\u00e7 DSP, MCU, CPLD ile donat\u0131lm\u0131\u015ft\u0131r, yedeklilik veya kapasite i\u00e7in 8 \u00fcniteye kadar paralel ba\u011flanabilir, i\u015finizi g\u00fc\u00e7 sorunlar\u0131ndan korumak i\u00e7in ger\u00e7ekten y\u00fcksek kaliteli, yenilik\u00e7i \u00e7\u00f6z\u00fcmlerdir.<\/p>\n<p data-tadv-p=\"keep\"><img loading=\"lazy\" decoding=\"async\" class=\"alignnone size-full wp-image-4886\" src=\"https:\/\/epi-ups.com\/wp-content\/uploads\/2023\/02\/HT-ProX-10-600KVA-spec-0-300x221-1.png\" alt=\"\" width=\"300\" height=\"221\" \/><\/p>\n<p>\u00d6zellikler:<\/p>\n<p>Lider teknoloji<\/p>\n<p>\u2022 Geli\u015fmi\u015f SCR do\u011frultucu ve IGBT invert\u00f6r kontrol teknolojisi, ger\u00e7ek \u00e7evrimi\u00e7i \u00e7ift d\u00f6n\u00fc\u015f\u00fcm topolojisi, \u00fc\u00e7 faz giri\u015f \u00fc\u00e7 faz \u00e7\u0131k\u0131\u015f, 380\/400\/415V, 50\/60Hz uyumlu.<\/p>\n<p>\u2022 S\u00fcper geni\u015f giri\u015f voltaj\u0131\/frekans aral\u0131\u011f\u0131, zorlu kamu hizmetleri ortamlar\u0131na uyum sa\u011flar.<\/p>\n<p>\u2022 Daha y\u00fcksek a\u015f\u0131r\u0131 y\u00fck kapasitesi ve \u00e7\u0131k\u0131\u015f k\u0131sa tolerans yetene\u011fi.<\/p>\n<p>\u2022 Giri\u015f filtresi se\u00e7enekleriyle 0,95&#8217;e kadar giri\u015f g\u00fc\u00e7 fakt\u00f6r\u00fc, giri\u015f THDI&lt;4,5%.<\/p>\n<p>\u2022 \u00c7\u0131k\u0131\u015f g\u00fc\u00e7 fakt\u00f6r\u00fc 0,9, geleneksel UPS&#8217;den %12,5 daha fazla g\u00fc\u00e7 sa\u011flar.<\/p>\n<p>\u2022 Ak\u0131ll\u0131 kendi kendine te\u015fhis, \u00e7al\u0131\u015fma g\u00fcnl\u00fc\u011f\u00fcn\u00fc kaydetmek i\u00e7in toplu bellek.<\/p>\n<p>\u2022 S\u00fcper uzun MTBF ve k\u0131sa MTTR.<\/p>\n<p>\u2022 Ak\u0131ll\u0131 paralel ve paralel ECO Modu.<\/p>\n<p>G\u00fcvenilirlik<\/p>\n<p>En geli\u015fmi\u015f DSP i\u015flemciyle tamamen dijital kontrol, daha y\u00fcksek sistem g\u00fcvenilirli\u011fi. Yedekli fan tasar\u0131m\u0131, sistem g\u00fcvenilirli\u011fini art\u0131r\u0131r. Dahili \u00e7\u0131k\u0131\u015f izolasyon trafosu, n\u00f6trden topra\u011fa kayma voltaj\u0131n\u0131 ortadan kald\u0131r\u0131r ve y\u00fck harmonik ak\u0131m\u0131n\u0131n invert\u00f6re olan etkisini izole eder. Bile\u015fenlerin %90&#8217;\u0131ndan fazlas\u0131 d\u00fcnyaca \u00fcnl\u00fc birinci s\u0131n\u0131f tedarik\u00e7ilerdendir ve %100 IQC taraf\u0131ndan denetlenmi\u015ftir. T\u00fcm nihai \u00fcr\u00fcnler dahili test prosed\u00fcr\u00fcn\u00fc ve teslimattan \u00f6nce 24 saatlik yanma testini ge\u00e7erek sistem g\u00fcvenilirli\u011fini art\u0131r\u0131r.<\/p>\n<p>Bol se\u00e7enek<\/p>\n<p>\u00c7e\u015fitli ileti\u015fim konnekt\u00f6rleri (RS232, RS485, AS400, EPO vb.) Dahili olarak mevcuttur. \u0130ste\u011fe ba\u011fl\u0131 kartlar mevcuttur: SNMP, pil y\u00f6netim kiti, \u0131\u015f\u0131k ge\u00e7irmez mod\u00fcl, toz ge\u00e7irmez filtre vb.<\/p>\n<p>\u00c7al\u0131\u015ft\u0131rma<\/p>\n<p>\u00d6n tarafta bak\u0131m, \u00fcst veya alt kablo ba\u011flant\u0131s\u0131, koruma ekipmanlar\u0131yla. Kullan\u0131c\u0131 dostu insan-makine aray\u00fcz\u00fc, b\u00fcy\u00fck LCD panel ve klavyelerle kolay kullan\u0131m.<\/p>\n<p>\u0130ste\u011fe ba\u011fl\u0131:<\/p>\n<p>\u00dcst kablolama kiti<br \/>\nSNMP kart\u0131<br \/>\nPil termal sens\u00f6r\u00fc<br \/>\nParalel kit<br \/>\nD seviyesi ayd\u0131nlatmaya dayan\u0131kl\u0131 mod\u00fcl<br \/>\nBypass y\u00fck payla\u015f\u0131m bobini<br \/>\nLBS kablosu<br \/>\nKuru kontak kart\u0131<br \/>\n5. filtre<br \/>\n11. filtre<br \/>\nBCB kiti<br \/>\nPil topraklama ar\u0131za dedekt\u00f6r\u00fc<\/p>\n<p>\u015eunlar i\u00e7in idealdir:<br \/>\nVeri merkezleri, Sunucu odalar\u0131, Finans, Telekom\u00fcnikasyon, Sigorta, E\u011fitim,<br \/>\nH\u00fck\u00fcmet, B\u00fcy\u00fck stadyum, Opera, Tiyatro, Liman, Trafik tesisleri, \u00dcretim alanlar\u0131 vb.<\/p>\n<p>Teknik \u00f6zellikler:<\/p>\n<p>\u2022 \u00c7oklu DSP, CPLD, MCU dijital kontrol, daha y\u00fcksek tutarl\u0131l\u0131k ve g\u00fcvenilirlik.<br \/>\n\u2022 \u00c7\u0131k\u0131\u015f g\u00fc\u00e7 fakt\u00f6r\u00fc 0,9, geleneksel 0,8 UPS&#8217;den %12,5 daha fazla g\u00fc\u00e7 sa\u011flar.<br \/>\n\u2022 Geni\u015f giri\u015f voltaj\u0131\/frekans aral\u0131\u011f\u0131, zorlu \u015febeke g\u00fcc\u00fcne uyum sa\u011flar.<br \/>\n\u2022 Ana\/k\u00f6le olmayan dijital ak\u0131ll\u0131 paralel kontrol, kendi kendine y\u00fck payla\u015f\u0131m algoritmas\u0131, 8 \u00fcniteye kadar paralel.<br \/>\n\u2022 Tek Modlu ECO ve paralel ECO<br \/>\n\u2022 S\u00fcper a\u015f\u0131r\u0131 y\u00fck kapasitesi ve \u00e7\u0131k\u0131\u015f k\u0131sa tolerans yetene\u011fi, anormal ko\u015fullar alt\u0131nda bile y\u00fck\u00fc en \u00fcst d\u00fczeye \u00e7\u0131kar\u0131r. \u2022 Geli\u015fmi\u015f ak\u0131ll\u0131 pil y\u00f6netimi, kendi kendini te\u015fhis etme teknolojisi, pil \u00f6mr\u00fcn\u00fc uzat\u0131r.<br \/>\n\u2022 Yedekli kontrol g\u00fcc\u00fc, daha da y\u00fcksek sistem g\u00fcvenilirli\u011fini art\u0131r\u0131r.<br \/>\n\u2022 Ba\u011f\u0131ms\u0131z so\u011futma sistemi, \u00e7oklu koruma tasar\u0131m\u0131, zorlu ortamlarda bile y\u00fcksek g\u00fcvenilirlik sa\u011flar.<br \/>\n\u2022 6 in\u00e7 LCD ekran, kullan\u0131c\u0131 dostu aray\u00fcz, kullan\u0131m\u0131 kolay.<br \/>\n\u2022 \u00c7e\u015fitli harmonik k\u0131s\u0131tlama teknolojisine sahip \u00e7evre dostu ye\u015fil UPS.<br \/>\n\u2022 \u00c7ift d\u00f6n\u00fc\u015f\u00fcml\u00fc \u00e7evrimi\u00e7i topoloji, \u00e7\u0131k\u0131\u015f izolasyon transformat\u00f6r\u00fc ile y\u00fck\u00fc \u015febeke veya jenerat\u00f6r sorunlar\u0131ndan her y\u00f6nden korur.<\/p>\n","protected":false},"excerpt":{"rendered":"<p>HT-ProX Serisi 10kVA~600kVA \u00dc\u00c7 FAZLI G\u0130R\u0130\u015e \/ \u00dc\u00c7 FAZLI \u00c7IKI\u015e \u00c7EVR\u0130M\u0130\u00c7\u0130 \u00c7\u0130FT D\u00d6N\u00dc\u015e\u00dcM (VFI) \u00dcr\u00fcn Kararl\u0131, Ak\u0131ll\u0131, Basit, Tasarruflu; G\u00fcvenilir.<\/p>\n","protected":false},"featured_media":10258,"comment_status":"open","ping_status":"closed","template":"","meta":[],"product_cat":[157,179,155],"product_tag":[],"class_list":{"0":"post-10256","1":"product","2":"type-product","3":"status-publish","4":"has-post-thumbnail","6":"product_cat-online-ups-tr","7":"product_cat-uninteruptible-power-supply-tr","8":"product_cat-ups-tr","10":"first","11":"instock","12":"shipping-taxable","13":"product-type-external"},"_links":{"self":[{"href":"https:\/\/epi-ups.com.tr\/tr\/wp-json\/wp\/v2\/product\/10256","targetHints":{"allow":["GET"]}}],"collection":[{"href":"https:\/\/epi-ups.com.tr\/tr\/wp-json\/wp\/v2\/product"}],"about":[{"href":"https:\/\/epi-ups.com.tr\/tr\/wp-json\/wp\/v2\/types\/product"}],"replies":[{"embeddable":true,"href":"https:\/\/epi-ups.com.tr\/tr\/wp-json\/wp\/v2\/comments?post=10256"}],"wp:featuredmedia":[{"embeddable":true,"href":"https:\/\/epi-ups.com.tr\/tr\/wp-json\/wp\/v2\/media\/10258"}],"wp:attachment":[{"href":"https:\/\/epi-ups.com.tr\/tr\/wp-json\/wp\/v2\/media?parent=10256"}],"wp:term":[{"taxonomy":"product_cat","embeddable":true,"href":"https:\/\/epi-ups.com.tr\/tr\/wp-json\/wp\/v2\/product_cat?post=10256"},{"taxonomy":"product_tag","embeddable":true,"href":"https:\/\/epi-ups.com.tr\/tr\/wp-json\/wp\/v2\/product_tag?post=10256"}],"curies":[{"name":"wp","href":"https:\/\/api.w.org\/{rel}","templated":true}]}}