{"id":10254,"date":"2025-01-13T21:22:30","date_gmt":"2025-01-13T21:22:30","guid":{"rendered":"https:\/\/epi-ups.com.tr\/product\/xtreme-t-series\/"},"modified":"2025-01-23T13:10:08","modified_gmt":"2025-01-23T13:10:08","slug":"xtreme-t-series","status":"publish","type":"product","link":"https:\/\/epi-ups.com.tr\/tr\/product\/xtreme-t-series\/","title":{"rendered":"XTREME T SERIES"},"content":{"rendered":"<p>XTREME T SER\u0130S\u0130<br \/>\nTransformat\u00f6r Tabanl\u0131 \u00dc\u00e7 Fazl\u0131 UPS<br \/>\n10-120 kVA<\/p>\n<p>\u00dcr\u00fcn<\/p>\n<p>Her t\u00fcrl\u00fc BT y\u00fck\u00fc, \u00fc\u00e7\u00fcnc\u00fcl uygulama, ayd\u0131nlatma veya bina ve di\u011fer kritik i\u015f uygulamalar\u0131 i\u00e7in m\u00fckemmel verimlilik ve \u00f6l\u00e7eklenebilir \u00e7al\u0131\u015fma s\u00fcresine sahip kompakt, y\u00fcksek performansl\u0131 \u00fc\u00e7 fazl\u0131 g\u00fc\u00e7 korumas\u0131. Xtreme T Serisi UPS, test nesil bile\u015fenleriyle \u00e7ok modlu bir mimariye sahip \u00fc\u00e7 seviyeli bir tasar\u0131m kullanarak pazara en son g\u00fc\u00e7 d\u00f6n\u00fc\u015ft\u00fcrme teknolojisini getiriyor. Bu UPS&#8217;ler i\u015flevsel, g\u00fcvenli, kurulumu ve kullan\u0131m\u0131 kolay olmay\u0131 hedefliyor.<\/p>\n<p>Eksiksiz, Maliyet Etkin \u00c7\u00f6z\u00fcm<br \/>\nIEC 62040&#8217;a g\u00f6re ger\u00e7ek tam g\u00fc\u00e7le \u00e7evrimi\u00e7i \u00e7ift d\u00f6n\u00fc\u015ft\u00fcrme modu: kW=kVA (birlik g\u00fc\u00e7 fakt\u00f6r\u00fc tasar\u0131m\u0131), eski UPS&#8217;lere k\u0131yasla %25 daha fazla aktif g\u00fc\u00e7 anlam\u0131na gelir.<br \/>\n\u00c7ift giri\u015f \u015febekesi, ba\u011f\u0131ms\u0131z g\u00fc\u00e7 kaynaklar\u0131n\u0131 y\u00f6netmenize olanak tan\u0131r.<br \/>\nUPS&#8217;yi N+1 ve N+X yedeklili\u011fi i\u00e7in paralel konuma getiren art\u0131r\u0131lm\u0131\u015f sistem kullan\u0131labilirli\u011fi.<br \/>\nG\u00fc\u00e7 kesintisi olmadan kolay bak\u0131m i\u00e7in dahili manuel baypas.<br \/>\n8 adede kadar paralel ba\u011flanabilir. \u00c7ok dilli b\u00fcy\u00fck LCD ekran<br \/>\nOrtam\u0131n\u0131za Uygun<br \/>\nAk\u0131ll\u0131 fan h\u0131z\u0131 kontrol\u00fc ile d\u00fc\u015f\u00fck g\u00fcr\u00fclt\u00fc seviyesi ve daha uzun fan \u00f6mr\u00fc.<br \/>\nEsnek ak\u00fc \u00e7\u00f6z\u00fcmleri.<br \/>\nKompakt, hafif ve kurulumu kolay.<br \/>\nFrekans d\u00f6n\u00fc\u015ft\u00fcr\u00fcc\u00fc modu.<br \/>\nArtan ak\u00fc \u00f6mr\u00fc i\u00e7in \u00f6zel ak\u00fc \u015farj y\u00f6netimi ile uzat\u0131lm\u0131\u015f ak\u00fc \u00f6mr\u00fc.<br \/>\nAyarlanabilir ak\u00fc miktar\u0131.<br \/>\nEn D\u00fc\u015f\u00fck Toplam Sahip Olma Maliyeti<br \/>\n\u00dc\u00e7 seviyeli invert\u00f6r tasar\u0131m\u0131 ve premium koruma modu ile premium verimlilik modu aras\u0131nda ger\u00e7ek zamanl\u0131 kararlar veren \u00e7ok modlu mimari sayesinde %50 \u00e7evrimi\u00e7i y\u00fck \u00e7al\u0131\u015fmas\u0131nda bile daha y\u00fcksek verimlilik sa\u011flar.<br \/>\nEski UPS&#8217;lere k\u0131yasla enerji kay\u0131plar\u0131nda %10 tasarruf, enerjide \u00f6nemli tasarruf sa\u011flar.<br \/>\nEnerji kayb\u0131nda \u00f6nemli azalma.<br \/>\nEnerji kullan\u0131m\u0131nda, klima gereksinimlerinde ve so\u011futma i\u015fletme maliyetlerinde azalma.<br \/>\nParalel sistemlerde k\u00fcresel verimlilik iyile\u015ftirmesi i\u00e7in Enerji Tasarrufu modu.<br \/>\nBenzer rekabet\u00e7i \u00e7\u00f6z\u00fcmlere g\u00f6re %35&#8217;e kadar daha k\u00fc\u00e7\u00fck.<br \/>\nAzalt\u0131lm\u0131\u015f ayak iziyle yerden tasarruf sa\u011flar.<br \/>\nKolay Bak\u0131m<br \/>\nBak\u0131mla ilgili kesintileri ortadan kald\u0131rmak i\u00e7in dahili manuel baypas.<br \/>\nUPS ar\u0131zas\u0131nda erken te\u015fhis i\u00e7in fan ar\u0131zas\u0131n\u0131n ve anahtar ar\u0131zas\u0131n\u0131n proaktif tespiti. Bak\u0131m s\u00fcrecini basitle\u015ftirmek i\u00e7in tak ve \u00e7al\u0131\u015ft\u0131r kart tasar\u0131m\u0131.<br \/>\nMod\u00fcler g\u00fc\u00e7 kart\u0131 konseptinin yard\u0131m\u0131yla kolay servis.<br \/>\nMTTR 30 dakikadan azd\u0131r.<br \/>\nFarkl\u0131 derecelendirmeler i\u00e7in ortak kartlar kullanarak daha d\u00fc\u015f\u00fck yedek par\u00e7a maliyeti.<br \/>\nAk\u0131ll\u0131 Pil Y\u00f6netim Sistemi<br \/>\nAk\u0131ll\u0131 pil y\u00f6netim sistemi sayesinde pil \u00f6mr\u00fcn\u00fc %35 art\u0131r\u0131n ve ak\u0131ll\u0131 \u015farj yoluyla pil performans\u0131n\u0131, kullan\u0131m \u00f6mr\u00fcn\u00fc ve g\u00fcvenilirli\u011fini en \u00fcst d\u00fczeye \u00e7\u0131kar\u0131n.<br \/>\nS\u0131cakl\u0131k telafili pil \u015farj monit\u00f6rleri, harici ve dahili pil s\u0131cakl\u0131\u011f\u0131n\u0131 \u00f6l\u00e7er ve \u015farj ak\u0131m\u0131 oran\u0131n\u0131 buna g\u00f6re ayarlar. Ak\u0131ll\u0131 pil y\u00f6netim sistemi, a\u015fa\u011f\u0131daki i\u015flevler arac\u0131l\u0131\u011f\u0131yla pil \u00f6mr\u00fcn\u00fc ve yedeklenen pilin kapasitesini koruyabilir;<br \/>\nKalan pil kapasitesinin y\u00fczde olarak g\u00f6r\u00fcnt\u00fclenmesi ve telafi edilmesi.<br \/>\nA\u015f\u0131r\u0131 \u015farj\/de\u015farj korumas\u0131.<br \/>\nOtomatik\/manuel pil testi.<br \/>\n\u00dc\u00e7 \u015farj modu, maksimum pil kullan\u0131labilirli\u011fini sa\u011flar.<br \/>\nSabit ak\u0131m \u015farj\u0131, voltaj \u00f6nceden belirlenmi\u015f bir s\u0131n\u0131ra y\u00fckselene kadar pile maksimum nominal ak\u0131m sa\u011flar.<br \/>\nPil \u015farj aral\u0131\u011f\u0131n\u0131 azaltmak i\u00e7in k\u0131sa bir s\u00fcre i\u00e7in bir y\u00fckseltme voltaj\u0131 sa\u011flan\u0131r.<br \/>\nY\u00fczd\u00fcrme \u015farj\u0131, pili \u00f6nerilen voltajda tutar. Y\u00fck seviyesine g\u00f6re ayarlanabilir ak\u00fc \u015farj s\u00fcresi ile enerji maliyetinden tasarruf sa\u011flan\u0131r.<\/p>\n<p><img loading=\"lazy\" decoding=\"async\" class=\"alignnone size-medium wp-image-4988\" src=\"https:\/\/epi-ups.com\/wp-content\/uploads\/2023\/02\/dc-voltage-234x300.jpg\" sizes=\"auto, (max-width: 234px) 100vw, 234px\" srcset=\"https:\/\/epi-ups.com\/wp-content\/uploads\/2023\/02\/dc-voltage-234x300.jpg 234w, https:\/\/epi-ups.com\/wp-content\/uploads\/2023\/02\/dc-voltage.jpg 281w\" alt=\"\" width=\"234\" height=\"300\" \/><\/p>\n<p><img loading=\"lazy\" decoding=\"async\" class=\"alignnone size-medium wp-image-4991\" src=\"https:\/\/epi-ups.com\/wp-content\/uploads\/2023\/02\/battery-voltage-169x300.jpg\" sizes=\"auto, (max-width: 169px) 100vw, 169px\" srcset=\"https:\/\/epi-ups.com\/wp-content\/uploads\/2023\/02\/battery-voltage-169x300.jpg 169w, https:\/\/epi-ups.com\/wp-content\/uploads\/2023\/02\/battery-voltage.jpg 292w\" alt=\"\" width=\"169\" height=\"300\" \/><\/p>\n<ul>\n<li>Y\u00fcksek Performansl\u0131 Do\u011frultucu Temiz Giri\u015f Performans\u0131<br \/>\nKullan\u0131lan teknoloji sayesinde UPS, g\u00fc\u00e7 kayna\u011f\u0131n\u0131n s\u0131n\u0131rl\u0131 kurulu g\u00fcce sahip oldu\u011fu, UPS&#8217;in ayr\u0131ca bir jenerat\u00f6r taraf\u0131ndan \u00e7al\u0131\u015ft\u0131r\u0131ld\u0131\u011f\u0131 veya harmonik ak\u0131mlar \u00fcreten y\u00fcklerle uyumluluk sorunlar\u0131n\u0131n oldu\u011fu sistemlerde kurulum sorunlar\u0131n\u0131 \u00e7\u00f6zer; UPS&#8217;in g\u00fc\u00e7 kayna\u011f\u0131 \u00fczerinde, \u015febeke g\u00fc\u00e7 kayna\u011f\u0131 veya jenerat\u00f6r olmas\u0131 nedeniyle s\u0131f\u0131r etkisi vard\u0131r. IGBT tabanl\u0131 do\u011frultucu ve yenilik\u00e7i kontrol algoritmas\u0131, %3&#8217;ten daha az bir giri\u015f Toplam Harmonik Bozulmas\u0131 (THDi) sa\u011flar ve \u015febekeden saf bir sin\u00fczoidal dalga formu \u00e7eker. Bu ayr\u0131ca UPS&#8217;e &gt;0,99&#8217;luk bir giri\u015f g\u00fc\u00e7 fakt\u00f6r\u00fc sa\u011flar.<\/li>\n<\/ul>\n<p><img loading=\"lazy\" decoding=\"async\" class=\"alignnone size-full wp-image-4992\" src=\"https:\/\/epi-ups.com\/wp-content\/uploads\/2023\/02\/voltage-range.jpg\" alt=\"\" width=\"248\" height=\"158\" \/><\/p>\n<p>Avantajlar<\/p>\n<p>\u00d6nceden kullan\u0131lan ekipmanlar\u0131n boyutland\u0131r\u0131lmas\u0131nda tasarruf, \u00f6rne\u011fin acil durum jenerat\u00f6rleri, kablolama ve devre kesiciler.<br \/>\nYak\u0131ndaki ekipmanlarda bozulma olmaz; \u00f6nceden kullan\u0131lan elektrikli ekipmanlardaki bozulma ve kesintileri ortadan kald\u0131r\u0131r, ayr\u0131ca ar\u0131za nedeniyle olu\u015fabilecek herhangi bir ara\u015ft\u0131rma ve analiz maliyetinden de ka\u00e7\u0131n\u0131l\u0131r. Ayr\u0131ca, UPS, UPS&#8217;in g\u00fc\u00e7 \u015febekesinde bir filtre ve g\u00fc\u00e7 fakt\u00f6r\u00fc d\u00fczeltme rol\u00fc oynar, \u00e7\u00fcnk\u00fc harmonik bile\u015fenleri ve g\u00fc\u00e7 sa\u011flanan tesisler taraf\u0131ndan \u00fcretilen reaktif g\u00fcc\u00fc ortadan kald\u0131r\u0131r.<br \/>\nProgramlanabilir Yumu\u015fak Ba\u015flatma<\/p>\n<p>Ba\u015flatma gecikmesi i\u015flevi, sistemde birden fazla UPS varsa \u015febeke g\u00fcc\u00fc geri geldi\u011finde do\u011frultucular\u0131 yeniden ba\u015flatmak i\u00e7in. Programlanabilir yumu\u015fak ba\u015flatma, do\u011frultucunun programlanabilir bir zaman aral\u0131\u011f\u0131nda (0-15 saniye) h\u0131zlanmas\u0131n\u0131 sa\u011flayarak ani ak\u0131m\u0131 ortadan kald\u0131r\u0131r.<\/p>\n<p>Bu \u00f6zellik, giri\u015f g\u00fc\u00e7 sisteminin (jenerat\u00f6rler, besleme kablolar\u0131 ve a\u015f\u0131r\u0131 ak\u0131m cihazlar\u0131) a\u015f\u0131r\u0131 boyutland\u0131r\u0131lmas\u0131 ihtiyac\u0131n\u0131 azalt\u0131r.<\/p>\n<p>M\u00fckemmel Jenerat\u00f6r Uyumlulu\u011fu<\/p>\n<p>Slew oran\u0131, faz a\u00e7\u0131s\u0131 de\u011fi\u015fim oran\u0131 ve voltaj de\u011fi\u015fim oran\u0131 gibi kullan\u0131c\u0131 taraf\u0131ndan programlanabilir \u00f6zellikler, UPS&#8217;in acil durum s\u0131ras\u0131nda bir jenerat\u00f6re h\u0131zla senkronize olmas\u0131n\u0131 sa\u011flar. Sa\u011flam IGBT do\u011frultucusu sayesinde UPS&#8217;ten yaln\u0131zca %20 daha y\u00fcksek nominal g\u00fcce sahip jenerat\u00f6r se\u00e7mek yeterlidir.<\/p>\n<p>Y\u00fcksek \u015eebeke Uyarlanabilirli\u011fi<br \/>\nAk\u00fc kullan\u0131m\u0131n\u0131 en aza indirmek i\u00e7in 138-485 Vac geni\u015f giri\u015f voltaj\u0131 aral\u0131\u011f\u0131: %100 y\u00fck i\u00e7in 485-305 Vac; %100-%40 y\u00fck i\u00e7in 305-138 Vac (do\u011frusal olarak azalt\u0131l\u0131r)<br \/>\n6 kV\/5 kA y\u0131ld\u0131r\u0131m koruma tasar\u0131m\u0131, y\u0131ld\u0131r\u0131mla ilgili ar\u0131za oran\u0131n\u0131 azalt\u0131r.<br \/>\n\u00c7\u0131k\u0131\u015f Performans\u0131<\/p>\n<p>Y\u00fcksek \u00c7\u0131k\u0131\u015f G\u00fc\u00e7 Fakt\u00f6r\u00fc 1= Ger\u00e7ek G\u00fc\u00e7 (kW)<\/p>\n<p>IEC 62040&#8217;a g\u00f6re ger\u00e7ek tam g\u00fc\u00e7: 1 (kW=kVA) oran\u0131ndaki \u00e7\u0131k\u0131\u015f g\u00fc\u00e7 fakt\u00f6r\u00fc, geleneksel UPS&#8217;e k\u0131yasla %25 daha fazla aktif g\u00fc\u00e7 sa\u011flar. Aktif g\u00fc\u00e7te 1&#8217;den 1&#8217;e d\u00fc\u015fme olmaks\u0131z\u0131n son nesil sunucular (lider veya birlik g\u00fc\u00e7 fakt\u00f6r\u00fc) i\u00e7in uygundur. Ayr\u0131ca, belirgin bir g\u00fc\u00e7 d\u00fc\u015f\u00fc\u015f\u00fc olmaks\u0131z\u0131n 0,9&#8217;a kadar lider g\u00fc\u00e7 fakt\u00f6r\u00fc y\u00fckleri i\u00e7in de uygundur.<\/p>\n<p><img loading=\"lazy\" decoding=\"async\" class=\"alignnone size-medium wp-image-4993\" src=\"https:\/\/epi-ups.com\/wp-content\/uploads\/2023\/02\/avtive-P-300x170.jpg\" sizes=\"auto, (max-width: 300px) 100vw, 300px\" srcset=\"https:\/\/epi-ups.com\/wp-content\/uploads\/2023\/02\/avtive-P-300x170.jpg 300w, https:\/\/epi-ups.com\/wp-content\/uploads\/2023\/02\/avtive-P.jpg 302w\" alt=\"\" width=\"300\" height=\"170\" \/><\/p>\n<p>Toplam Harmonik Bozulma (THD)<\/p>\n<p>Bozuk bir \u00e7\u0131k\u0131\u015f voltaj\u0131 dalga formu, y\u00fck\u00fcn ekipman\u0131n\u0131n d\u00fczg\u00fcn \u00e7al\u0131\u015fmas\u0131n\u0131 etkiler. Xtreme T Serisi, %100 dengesiz veya %100 do\u011frusal olmayan y\u00fcklerle bile \u00e7ok d\u00fc\u015f\u00fck \u00e7\u0131k\u0131\u015f voltaj\u0131 THD&#8217;sine sahiptir.<\/p>\n<p>Ge\u00e7ici Tepki<\/p>\n<p>Ge\u00e7ici tepki, darbe y\u00fck\u00fc uygulamalar\u0131 i\u00e7in UPS&#8217;i a\u015f\u0131r\u0131 boyutland\u0131rma ihtiyac\u0131n\u0131 azaltan kontrol algoritmalar\u0131 sayesinde \u00e7ok h\u0131zl\u0131d\u0131r.<\/p>\n<p>Yedekli Paralel \u00d6zellikler<\/p>\n<p>Tek bir ar\u0131za noktas\u0131n\u0131 ortadan kald\u0131rarak UPS mod\u00fcllerini ger\u00e7ek yedeklilikle paralel hale getirebilen benzersiz kontrol teknolojisi sayesinde RPA, harici paralel ekipman ve kabinlere olan ihtiyac\u0131 ortadan kald\u0131rarak (merkezi baypas ve ana kontrol) i\u015fletim alan\u0131n\u0131 azaltan ve sistem g\u00fcvenilirli\u011fini art\u0131ran \u00f6l\u00e7eklenebilir bir paralelleme tekni\u011fi sa\u011flar. Sistemdeki UPS mod\u00fcllerinden biri ak\u0131ll\u0131ca liderlik rol\u00fcn\u00fc \u00fcstlenirken, di\u011fer UPS mod\u00fclleri t\u00fcm kontrol parametrelerine eri\u015febilir. Bir UPS \u00e7al\u0131\u015fmazsa, y\u00fck otomatik olarak di\u011ferleri aras\u0131nda yeniden da\u011f\u0131t\u0131l\u0131r. \u00d6nc\u00fc UPS \u00e7al\u0131\u015fmazsa, ba\u015fka bir UPS otomatik olarak liderlik rol\u00fcn\u00fc \u00fcstlenir.<\/p>\n<p>Paralel \u00c7al\u0131\u015fma \u00d6zellikleri;<\/p>\n<p>Halka kablosuyla paralel ba\u011flant\u0131.<br \/>\nS\u0131ral\u0131 Yumu\u015fak Ba\u015flatma.<br \/>\nD\u00f6ng\u00fc veri yolu ba\u011flant\u0131s\u0131.<br \/>\nDa\u011f\u0131t\u0131lm\u0131\u015f Kontrol Mant\u0131\u011f\u0131.<br \/>\nOtomatik alg\u0131lamal\u0131 ba\u011flant\u0131s\u0131 kesilmi\u015f paralel kablo.<br \/>\nYedekli \u0130leti\u015fim.<br \/>\nKesintisiz kolay g\u00fc\u00e7 g\u00fcncellemesi.<br \/>\nParalel \u00fcnitelerin tam senkronizasyonu.<br \/>\n\u0130zole edilmi\u015f paralel \u00e7al\u0131\u015fma kart\u0131.<br \/>\nT\u00fcm \u00fcniteler i\u00e7in statik bypass.<br \/>\nTek Nokta Ar\u0131zas\u0131 Yok<\/p>\n<p><img loading=\"lazy\" decoding=\"async\" class=\"alignnone size-medium wp-image-4997\" src=\"https:\/\/epi-ups.com\/wp-content\/uploads\/2023\/02\/parallel-246x300.jpg\" sizes=\"auto, (max-width: 246px) 100vw, 246px\" srcset=\"https:\/\/epi-ups.com\/wp-content\/uploads\/2023\/02\/parallel-246x300.jpg 246w, https:\/\/epi-ups.com\/wp-content\/uploads\/2023\/02\/parallel.jpg 287w\" alt=\"\" width=\"246\" height=\"300\" \/><\/p>\n<p><img loading=\"lazy\" decoding=\"async\" class=\"alignnone size-medium wp-image-5001\" src=\"https:\/\/epi-ups.com\/wp-content\/uploads\/2023\/02\/parallel-2-140x300.jpg\" sizes=\"auto, (max-width: 140px) 100vw, 140px\" srcset=\"https:\/\/epi-ups.com\/wp-content\/uploads\/2023\/02\/parallel-2-140x300.jpg 140w, https:\/\/epi-ups.com\/wp-content\/uploads\/2023\/02\/parallel-2.jpg 287w\" alt=\"\" width=\"140\" height=\"300\" \/>\u00a0<img loading=\"lazy\" decoding=\"async\" class=\"alignnone size-medium wp-image-5002\" src=\"https:\/\/epi-ups.com\/wp-content\/uploads\/2023\/02\/parallel-3-180x300.jpg\" sizes=\"auto, (max-width: 180px) 100vw, 180px\" srcset=\"https:\/\/epi-ups.com\/wp-content\/uploads\/2023\/02\/parallel-3-180x300.jpg 180w, https:\/\/epi-ups.com\/wp-content\/uploads\/2023\/02\/parallel-3.jpg 286w\" alt=\"\" width=\"180\" height=\"300\" \/><\/p>\n<p>Kendi Y\u00fck G\u00fc\u00e7 Testi<\/p>\n<p>Sadece %4 art\u0131ml\u0131 enerji t\u00fcketimi. Do\u011frultucu, \u0130nvert\u00f6r, Baypas, Bobinler, Kapasit\u00f6rler, Kablolar ve Sigortalar\u0131n tam g\u00fc\u00e7 testi. M\u00fc\u015fteri y\u00fck\u00fc bak\u0131m baypas\u0131 sahte y\u00fck\u00fc olmadan g\u00fcvenli bir \u015fekilde sa\u011flan\u0131r.<\/p>\n<p>Yaz\u0131l\u0131m ve Ba\u011flant\u0131 \u00c7\u00f6z\u00fcmleri<br \/>\nRS232 ve RS485 ile yerel ileti\u015fim<br \/>\n2 adet yap\u0131land\u0131r\u0131labilir giri\u015f konta\u011f\u0131<br \/>\nAlarml\u0131 r\u00f6le kart\u0131<br \/>\nGenSet konta\u011f\u0131<br \/>\nEPO konta\u011f\u0131<br \/>\nUSB<br \/>\nUzaktan \u0130zleme Paneli<br \/>\nS\u0131cakl\u0131k telafili \u015farj i\u00e7in Ak\u00fc S\u0131cakl\u0131k Sens\u00f6r\u00fc<br \/>\nJBUS, PROFIBUS Yerel ba\u011flant\u0131<br \/>\nSNMP IT Manager izleme<br \/>\nVeri Merkezleri i\u00e7in ortam sens\u00f6rleri (Nem, S\u0131cakl\u0131k, Duman, vb.)<br \/>\nGSM, Telnet, GPRS ileti\u015fimi<br \/>\nPC ve Sunucu kapatma<br \/>\nWeb sayfas\u0131 uzaktan izleme<br \/>\nBina y\u00f6netim sistemi<br \/>\nE-posta alarm raporlamas\u0131<br \/>\nUzaktan izleme 7\/24 teknik servis<br \/>\n\u00d6zellikler<br \/>\n\u00dc\u00e7 Seviyeli Teknoloji<br \/>\n\u00c7\u0131k\u0131\u015f G\u00fc\u00e7 Fakt\u00f6r\u00fc 1 (kVA=kW)<br \/>\n\u00c7evrimi\u00e7i \u00c7ift D\u00f6n\u00fc\u015f\u00fcm Teknolojisi (S\u0131n\u0131f VFI-SS-111)<br \/>\nIGBT PWM Do\u011frultucu ve \u0130nvert\u00f6r Teknolojisi<br \/>\n\u00c7ok \u0130\u015flemcili Dijital Kontrol<br \/>\nY\u00fcksek Verimlilik<br \/>\nEko modu ile daha y\u00fcksek verimlilik (%98&#8217;e kadar)<br \/>\nD\u00fc\u015f\u00fck Giri\u015f Ak\u0131m\u0131 THD (\u22643%)<br \/>\nY\u00fcksek Giri\u015f G\u00fc\u00e7 Fakt\u00f6r\u00fc (&gt;0,99)<br \/>\nD\u00fc\u015f\u00fck \u00e7\u0131k\u0131\u015f voltaj\u0131 THD (\u22642%)<br \/>\nK\u0131sa tepki s\u00fcresi (\u22642ms)<br \/>\nOtomatik yumu\u015fak ba\u015flatma<br \/>\nSo\u011fuk ba\u015flatma<br \/>\n\u00c7ift Giri\u015f<br \/>\nGeli\u015fmi\u015f Pil Y\u00f6netimi<br \/>\nDC\/DC \u015earj Cihaz\u0131\/G\u00fc\u00e7lendirici<br \/>\nEsnek pil say\u0131s\u0131<br \/>\nGeni\u015f Giri\u015f Voltaj Aral\u0131\u011f\u0131<br \/>\nY\u00fckleme y\u00fczdesine ba\u011fl\u0131 de\u011fi\u015fken giri\u015f d\u00fc\u015f\u00fck voltaj\u0131 (%-36&#8217;ya kadar)<br \/>\nK\u0131sa Devre, A\u015f\u0131r\u0131 Y\u00fck, Y\u0131ld\u0131r\u0131m ve A\u015f\u0131r\u0131 Gerilim Korumas\u0131<br \/>\n8 \u00fcniteye kadar Paralellenebilir Mod\u00fcller<br \/>\nAk\u0131ll\u0131 yedeklilik y\u00f6netimi (n, n+1 ve n+x)<br \/>\nAyr\u0131nt\u0131l\u0131 Parametrelerle 256 Ger\u00e7ek Zamanl\u0131 Olay Kayd\u0131<br \/>\nStatik ve Manuel Baypas \u0130\u015flemi<br \/>\nK\u00fc\u00e7\u00fck Ayak \u0130zi ve Kolay Bak\u0131m<br \/>\nKullan\u0131c\u0131 aray\u00fcz\u00fc \u00fczerinden veri analizi<br \/>\nGeli\u015fmi\u015f \u0130leti\u015fim Yetenekleri<br \/>\nUzaktan izleme ve y\u00f6netim yaz\u0131l\u0131m\u0131<br \/>\nM\u00fckemmel Jenerat\u00f6r Uyumlulu\u011fu<br \/>\nProgramlanabilir kuru kontaklar<\/p>\n","protected":false},"excerpt":{"rendered":"<p>XTREME T SER\u0130S\u0130 Transformat\u00f6r Tabanl\u0131 \u00dc\u00e7 Fazl\u0131 UPS 10-120 kVA \u00dcr\u00fcn Her t\u00fcrl\u00fc BT y\u00fck\u00fc, \u00fc\u00e7\u00fcnc\u00fcl uygulama, ayd\u0131nlatma veya bina<\/p>\n","protected":false},"featured_media":10255,"comment_status":"open","ping_status":"closed","template":"","meta":[],"product_cat":[157,155],"product_tag":[],"class_list":{"0":"post-10254","1":"product","2":"type-product","3":"status-publish","4":"has-post-thumbnail","6":"product_cat-online-ups-tr","7":"product_cat-ups-tr","9":"first","10":"instock","11":"shipping-taxable","12":"product-type-external"},"_links":{"self":[{"href":"https:\/\/epi-ups.com.tr\/tr\/wp-json\/wp\/v2\/product\/10254","targetHints":{"allow":["GET"]}}],"collection":[{"href":"https:\/\/epi-ups.com.tr\/tr\/wp-json\/wp\/v2\/product"}],"about":[{"href":"https:\/\/epi-ups.com.tr\/tr\/wp-json\/wp\/v2\/types\/product"}],"replies":[{"embeddable":true,"href":"https:\/\/epi-ups.com.tr\/tr\/wp-json\/wp\/v2\/comments?post=10254"}],"wp:featuredmedia":[{"embeddable":true,"href":"https:\/\/epi-ups.com.tr\/tr\/wp-json\/wp\/v2\/media\/10255"}],"wp:attachment":[{"href":"https:\/\/epi-ups.com.tr\/tr\/wp-json\/wp\/v2\/media?parent=10254"}],"wp:term":[{"taxonomy":"product_cat","embeddable":true,"href":"https:\/\/epi-ups.com.tr\/tr\/wp-json\/wp\/v2\/product_cat?post=10254"},{"taxonomy":"product_tag","embeddable":true,"href":"https:\/\/epi-ups.com.tr\/tr\/wp-json\/wp\/v2\/product_tag?post=10254"}],"curies":[{"name":"wp","href":"https:\/\/api.w.org\/{rel}","templated":true}]}}