{"id":10252,"date":"2025-01-13T21:22:56","date_gmt":"2025-01-13T21:22:56","guid":{"rendered":"https:\/\/epi-ups.com.tr\/product\/gs-series-20-300-kva\/"},"modified":"2025-01-23T13:06:58","modified_gmt":"2025-01-23T13:06:58","slug":"gs-series-20-300-kva","status":"publish","type":"product","link":"https:\/\/epi-ups.com.tr\/tr\/product\/gs-series-20-300-kva\/","title":{"rendered":"GS Series 20-300 KVA"},"content":{"rendered":"<p>GS Serisi 20-300 KVA<br \/>\n\u00dc\u00e7 Faz Giri\u015f\/\u00dc\u00e7 Faz \u00c7\u0131k\u0131\u015f<br \/>\n\u00c7evrimi\u00e7i \u00c7ift D\u00f6n\u00fc\u015f\u00fcm<\/p>\n<p>\u00dcr\u00fcn<\/p>\n<p>KAL\u0130TEL\u0130 G\u00dc\u00c7 KAYNA\u011eI EPI NST-GS<br \/>\nfiltrelenmi\u015f ve sabitlenmi\u015f sin\u00fczoidal \u00e7\u0131k\u0131\u015f voltaj\u0131na sahip bir \u00c7evrimi\u00e7i \u00e7ift d\u00f6n\u00fc\u015f\u00fcm (VFI) UPS&#8217;dir. NST-GS serisi, \u00f6zel giri\u015f ve \u00e7\u0131k\u0131\u015f filtrelerine sahip oldu\u011fundan elektrik g\u00fc\u00e7 kayna\u011f\u0131 hatt\u0131ndaki parazitlere kar\u015f\u0131 ba\u011f\u0131\u015f\u0131kt\u0131r.<\/p>\n<p>MAKS\u0130MUM G\u00dcVEN\u0130L\u0130RL\u0130K VE G\u00dc\u00c7 KULLANILAB\u0130L\u0130RL\u0130\u011e\u0130<br \/>\nCihaz\u0131n dijital kontrol\u00fc, elektronik bile\u015fenlerdeki azalma ar\u0131za olas\u0131l\u0131\u011f\u0131n\u0131 d\u00fc\u015f\u00fcrd\u00fc\u011f\u00fc i\u00e7in g\u00fcvenilirli\u011fi \u00f6nemli \u00f6l\u00e7\u00fcde art\u0131r\u0131r. Dijital kontrol, NST-GS serisinde t\u00fcm dahili parametreleri kontrol eden ve b\u00f6ylece g\u00fcvenilirli\u011fi ve performans\u0131 art\u0131ran mikroi\u015flemci taraf\u0131ndan sa\u011flan\u0131r. Paralel ba\u011flant\u0131larda, dijital kontrol, titre\u015fim ve s\u0131cakl\u0131k gibi olaylar nedeniyle genellikle zamanla de\u011fi\u015fen ak\u0131mlar\u0131n UPS \u00fcniteleri aras\u0131nda dengelenmesini ve manuel ayarlamaya gerek kalmadan bilgi al\u0131\u015fveri\u015fini sa\u011flar. NST-GS, ilk \u00fcnitenin kurulumundan sonra bile paralel ba\u011flanabilecek \u015fekilde tasarlanm\u0131\u015ft\u0131r. Paralel yap\u0131land\u0131rma, \u00c7ift Veri Yolu i\u015flevi ve Dinamik \u00c7ift Veri Yolu sistemi gibi \u00e7e\u015fitli yap\u0131land\u0131rmalar sayesinde g\u00fc\u00e7 kullan\u0131labilirli\u011fi art\u0131r\u0131labilir. 0,8 g\u00fc\u00e7 fakt\u00f6r\u00fcne sahip UPS&#8217;e k\u0131yasla %15 daha fazla aktif g\u00fc\u00e7 sa\u011flayan 1,0 \u00e7\u0131k\u0131\u015f g\u00fc\u00e7 fakt\u00f6r\u00fcne sahip \u00e7evrimi\u00e7i \u00e7ift d\u00f6n\u00fc\u015f\u00fcm modu.<\/p>\n<p>MAKS\u0130MUM AK\u00dc BAKIMI<br \/>\nOptimum ak\u00fc y\u00f6netimi \u015funlar\u0131 i\u00e7erir:<\/p>\n<p>Periyodik ak\u00fc testi,<br \/>\nDerin de\u015farja kar\u015f\u0131 koruma,<br \/>\n\u015earj s\u0131cakl\u0131\u011f\u0131 telafisi.<\/p>\n<p>KAL\u0130TEL\u0130 G\u00dc\u00c7 KAYNA\u011eI EPI NST-GS<br \/>\nGerekti\u011finde, \u00fcnite verimlili\u011fi %98&#8217;e kadar art\u0131rmak ve dolay\u0131s\u0131yla enerji kayb\u0131n\u0131 ve maliyetleri azaltmak i\u00e7in ECO modunda \u00e7al\u0131\u015fabilir. Bu \u00e7al\u0131\u015fma modunda \u015febeke \u00f6ncelikli kaynakt\u0131r ve y\u00fck yaln\u0131zca \u015febeke \u00f6zellikleri \u00f6nceden ayarlanm\u0131\u015f s\u0131n\u0131rlar\u0131 a\u015ft\u0131\u011f\u0131nda \u0130nvertere ge\u00e7irilir.<\/p>\n<p>\u00d6ZELL\u0130KLER:<\/p>\n<p>Dahili Galvanik \u0130zolasyon Trafosu<br \/>\nY\u00fcksek verimli DSP \u00e7ipi<br \/>\nOla\u011fan\u00fcst\u00fc elektrik \u00f6zelli\u011fi<br \/>\n\u0130yi g\u00f6r\u00fcn\u00fcm ve m\u00fckemmel donan\u0131m<br \/>\nN+X paralel yedeklilik (paralel modda ak\u00fc payla\u015f\u0131m\u0131na uyumlu)<br \/>\n\u00d6n kart i\u015fletimi ve bak\u0131m\u0131<br \/>\n\u00c7ift kanall\u0131 hat giri\u015fi<br \/>\nUzaktan izleme<br \/>\nAk\u00fc \u015farj ve de\u015farj\u0131n\u0131n ak\u0131ll\u0131 y\u00f6netimi<br \/>\nEsnek ak\u00fc d\u00fczenlemesi<\/p>\n<p>UPS a\u015fa\u011f\u0131daki donan\u0131m aray\u00fczlerini i\u00e7erebilir:<\/p>\n<p>RS232 seri portu,<br \/>\nSNMP<br \/>\nRJ45,<br \/>\nGPRS<br \/>\nKuru kontaklar,<br \/>\nEPO (Acil Durum Kapatma)<\/p>\n","protected":false},"excerpt":{"rendered":"<p>GS Serisi 20-300 KVA \u00dc\u00e7 Faz Giri\u015f\/\u00dc\u00e7 Faz \u00c7\u0131k\u0131\u015f \u00c7evrimi\u00e7i \u00c7ift D\u00f6n\u00fc\u015f\u00fcm \u00dcr\u00fcn KAL\u0130TEL\u0130 G\u00dc\u00c7 KAYNA\u011eI EPI NST-GS filtrelenmi\u015f ve<\/p>\n","protected":false},"featured_media":10253,"comment_status":"open","ping_status":"closed","template":"","meta":[],"product_cat":[157,155],"product_tag":[],"class_list":{"0":"post-10252","1":"product","2":"type-product","3":"status-publish","4":"has-post-thumbnail","6":"product_cat-online-ups-tr","7":"product_cat-ups-tr","9":"first","10":"instock","11":"shipping-taxable","12":"product-type-external"},"_links":{"self":[{"href":"https:\/\/epi-ups.com.tr\/tr\/wp-json\/wp\/v2\/product\/10252","targetHints":{"allow":["GET"]}}],"collection":[{"href":"https:\/\/epi-ups.com.tr\/tr\/wp-json\/wp\/v2\/product"}],"about":[{"href":"https:\/\/epi-ups.com.tr\/tr\/wp-json\/wp\/v2\/types\/product"}],"replies":[{"embeddable":true,"href":"https:\/\/epi-ups.com.tr\/tr\/wp-json\/wp\/v2\/comments?post=10252"}],"wp:featuredmedia":[{"embeddable":true,"href":"https:\/\/epi-ups.com.tr\/tr\/wp-json\/wp\/v2\/media\/10253"}],"wp:attachment":[{"href":"https:\/\/epi-ups.com.tr\/tr\/wp-json\/wp\/v2\/media?parent=10252"}],"wp:term":[{"taxonomy":"product_cat","embeddable":true,"href":"https:\/\/epi-ups.com.tr\/tr\/wp-json\/wp\/v2\/product_cat?post=10252"},{"taxonomy":"product_tag","embeddable":true,"href":"https:\/\/epi-ups.com.tr\/tr\/wp-json\/wp\/v2\/product_tag?post=10252"}],"curies":[{"name":"wp","href":"https:\/\/api.w.org\/{rel}","templated":true}]}}