{"id":10250,"date":"2025-01-13T21:23:19","date_gmt":"2025-01-13T21:23:19","guid":{"rendered":"https:\/\/epi-ups.com.tr\/product\/mld-series-1-3kva\/"},"modified":"2025-02-22T18:23:12","modified_gmt":"2025-02-22T18:23:12","slug":"mld-series-1-3kva","status":"publish","type":"product","link":"https:\/\/epi-ups.com.tr\/tr\/product\/mld-series-1-3kva\/","title":{"rendered":"MLD Series, 1-3kVA"},"content":{"rendered":"<p>MLD Serisi<br \/>\nY\u00fcksek Frekansl\u0131 \u00c7evrimi\u00e7i UPS<br \/>\nTek fazl\u0131 giri\u015f\/Tek fazl\u0131 \u00e7\u0131k\u0131\u015f<br \/>\n1 \u2013 3 kVA<\/p>\n<p>\u00dcr\u00fcn<\/p>\n<p>MLD serisi, tam DSP kontrol teknolojisine sahip \u00e7evrimi\u00e7i \u00e7ift d\u00f6n\u00fc\u015f\u00fcml\u00fc UPS&#8217;dir. 19 in\u00e7 standart raf tasar\u0131m\u0131, kendi kendini ayarlayan \u00e7\u0131k\u0131\u015f frekans\u0131, ak\u0131ll\u0131 pil y\u00f6netim sistemi ve a\u011f y\u00f6netimi ile. MLD, bilgisayarlar, BT ekipmanlar\u0131 ve di\u011fer hassas cihazlar i\u00e7in m\u00fckemmel bir se\u00e7imdir.<\/p>\n<p>DSP Teknolojisi<\/p>\n<p>Geli\u015fmi\u015f DSP dijital kontrol teknolojisi, UPS&#8217;in daha kararl\u0131 performans g\u00f6stermesini sa\u011flar.<\/p>\n<p>Aktif giri\u015f g\u00fc\u00e7 fakt\u00f6r\u00fc d\u00fczeltmesi (PFC)<\/p>\n<p>PFC&#8217;nin dijitalle\u015ftirilmi\u015f kontrol\u00fc, UPS&#8217;in olas\u0131 elektrik \u015febekesi kirlili\u011fini \u00f6nlemek ve bu arada b\u00fcy\u00fck \u00f6l\u00e7\u00fcde maliyet tasarrufu sa\u011flamak i\u00e7in giri\u015f g\u00fc\u00e7 fakt\u00f6r\u00fcn\u00fc 0,99&#8217;un \u00fczerinde tutmas\u0131n\u0131 sa\u011flar.<\/p>\n<p>S\u0131f\u0131r g\u00fc\u00e7 ge\u00e7i\u015f gecikmesi<\/p>\n<p>\u015eebeke elektri\u011fi kesildi\u011finde, UPS hi\u00e7bir gecikme olmadan AC modundan pil moduna otomatik olarak ge\u00e7er ve bu da i\u015fletim sisteminin kararl\u0131 g\u00fc\u00e7 kayna\u011f\u0131n\u0131 sa\u011flar.<\/p>\n<p>\u00c7evre Dostu<\/p>\n<p>Bu UPS, Elektronik \u00dcr\u00fcnlerin en yerel kirlilik kontrol gereksinimlerini kar\u015f\u0131lamak i\u00e7in eko-tasarlanm\u0131\u015f ve \u00fcretilmi\u015ftir, bu da normal kullan\u0131mda \u00e7evreye ve insanlara zarar vermeyece\u011fi anlam\u0131na gelir.<\/p>\n<p>Geni\u015f giri\u015f voltaj\u0131 ve<br \/>\nfrekans aral\u0131\u011f\u0131<\/p>\n<p>UPS&#8217;nin \u00e7e\u015fitli ortamlara uygulanabilmesini sa\u011flamak i\u00e7in giri\u015f fakt\u00f6rlerinin aral\u0131\u011f\u0131n\u0131 kas\u0131tl\u0131 olarak geni\u015fletiyoruz, bu da dengesiz g\u00fc\u00e7 ortam\u0131nda bile ak\u00fc \u015farj\u0131n\u0131 etkili bir \u015fekilde s\u00fcrd\u00fcrecek ve b\u00f6ylece UPS&#8217;nin hizmet \u00f6mr\u00fc a\u00e7\u0131k\u00e7a uzat\u0131labilecektir.<\/p>\n<p>Uygulama<\/p>\n<p>IDC (\u0130nternet Veri Merkezi) a\u011f\u0131, sunucular ve i\u015f istasyonlar\u0131, kontrol sistemi, ileti\u015fim sistemi, ofis, PC vb.<\/p>\n<p>\u00d6zellikler<\/p>\n<p>\u2022 Ger\u00e7ek \u00e7evrimi\u00e7i \u00e7ift d\u00f6n\u00fc\u015f\u00fcm teknolojisi<br \/>\n\u2022 Geni\u015f giri\u015f voltaj\u0131 aral\u0131\u011f\u0131 ve kararl\u0131 g\u00fc\u00e7 kayna\u011f\u0131 ak\u00fc \u00f6mr\u00fcn\u00fc uzat\u0131r<br \/>\n\u2022 DSP teknolojisi<br \/>\n\u2022 Geli\u015fmi\u015f PFC teknolojisi, giri\u015f PF&gt;%99<br \/>\n\u2022 So\u011fuk ba\u015flatma<br \/>\n\u2022 Otomatik ak\u00fc \u015farj\u0131 a\u00e7ma\/kapama modu<br \/>\n\u2022 Ayd\u0131nlatma ve a\u015f\u0131r\u0131 gerilim korumas\u0131<br \/>\n\u2022 LCD<br \/>\n\u2022 \u0130zleme yaz\u0131l\u0131m\u0131na sahip ak\u0131ll\u0131 RS232 portu<br \/>\n\u2022 G\u00f6rev a\u00e7\u0131s\u0131ndan kritik uygulamalar i\u00e7in ak\u0131ll\u0131 yuva<\/p>\n","protected":false},"excerpt":{"rendered":"<p>MLD Serisi Y\u00fcksek Frekansl\u0131 \u00c7evrimi\u00e7i UPS Tek fazl\u0131 giri\u015f\/Tek fazl\u0131 \u00e7\u0131k\u0131\u015f 1 \u2013 3 kVA \u00dcr\u00fcn MLD serisi, tam DSP<\/p>\n","protected":false},"featured_media":10251,"comment_status":"open","ping_status":"closed","template":"","meta":[],"product_cat":[157,179,155],"product_tag":[],"class_list":{"0":"post-10250","1":"product","2":"type-product","3":"status-publish","4":"has-post-thumbnail","6":"product_cat-online-ups-tr","7":"product_cat-uninteruptible-power-supply-tr","8":"product_cat-ups-tr","10":"first","11":"instock","12":"shipping-taxable","13":"product-type-external"},"_links":{"self":[{"href":"https:\/\/epi-ups.com.tr\/tr\/wp-json\/wp\/v2\/product\/10250","targetHints":{"allow":["GET"]}}],"collection":[{"href":"https:\/\/epi-ups.com.tr\/tr\/wp-json\/wp\/v2\/product"}],"about":[{"href":"https:\/\/epi-ups.com.tr\/tr\/wp-json\/wp\/v2\/types\/product"}],"replies":[{"embeddable":true,"href":"https:\/\/epi-ups.com.tr\/tr\/wp-json\/wp\/v2\/comments?post=10250"}],"wp:featuredmedia":[{"embeddable":true,"href":"https:\/\/epi-ups.com.tr\/tr\/wp-json\/wp\/v2\/media\/10251"}],"wp:attachment":[{"href":"https:\/\/epi-ups.com.tr\/tr\/wp-json\/wp\/v2\/media?parent=10250"}],"wp:term":[{"taxonomy":"product_cat","embeddable":true,"href":"https:\/\/epi-ups.com.tr\/tr\/wp-json\/wp\/v2\/product_cat?post=10250"},{"taxonomy":"product_tag","embeddable":true,"href":"https:\/\/epi-ups.com.tr\/tr\/wp-json\/wp\/v2\/product_tag?post=10250"}],"curies":[{"name":"wp","href":"https:\/\/api.w.org\/{rel}","templated":true}]}}