{"id":10248,"date":"2025-01-13T21:23:44","date_gmt":"2025-01-13T21:23:44","guid":{"rendered":"https:\/\/epi-ups.com.tr\/product\/xtreme-x-series-10-500-kva\/"},"modified":"2025-02-22T18:25:32","modified_gmt":"2025-02-22T18:25:32","slug":"xtreme-x-series-10-500-kva","status":"publish","type":"product","link":"https:\/\/epi-ups.com.tr\/tr\/product\/xtreme-x-series-10-500-kva\/","title":{"rendered":"Xtreme X Series, 10 \u2013 500 kVA"},"content":{"rendered":"<p>XTREME X SER\u0130S\u0130<br \/>\n3 fazl\u0131 giri\u015f\/3 fazl\u0131 \u00e7\u0131k\u0131\u015f<br \/>\n10 -500kVA<\/p>\n<p>\u00dcr\u00fcn<\/p>\n<p>Her t\u00fcrl\u00fc BT y\u00fck\u00fc, \u00fc\u00e7\u00fcnc\u00fcl uygulama, ayd\u0131nlatma veya bina ve di\u011fer kritik i\u015f uygulamalar\u0131 i\u00e7in m\u00fckemmel verimlilik ve \u00f6l\u00e7eklenebilir \u00e7al\u0131\u015fma s\u00fcresine sahip kompakt, y\u00fcksek performansl\u0131 \u00fc\u00e7 fazl\u0131 g\u00fc\u00e7 korumas\u0131.<\/p>\n<p>Xtreme X Serisi UPS, en son nesil bile\u015fenlere sahip \u00e7ok modlu bir mimariye sahip \u00fc\u00e7 seviyeli bir tasar\u0131m kullanarak pazara en son g\u00fc\u00e7 d\u00f6n\u00fc\u015ft\u00fcrme teknolojisini getiriyor. Bu UPS&#8217;ler i\u015flevsel, g\u00fcvenli, kurulumu ve kullan\u0131m\u0131 kolay olmay\u0131 hedefliyor.<\/p>\n<p>Eksiksiz, Maliyet Etkin<\/p>\n<p>\u2022 IEC 62040&#8217;a g\u00f6re ger\u00e7ek tam g\u00fc\u00e7le \u00e7evrimi\u00e7i \u00e7ift d\u00f6n\u00fc\u015ft\u00fcrme modu: kW=kVA (birlik g\u00fc\u00e7 fakt\u00f6r\u00fc tasar\u0131m\u0131), eski UPS&#8217;lere k\u0131yasla %25 daha fazla aktif g\u00fc\u00e7 anlam\u0131na gelir.<br \/>\n\u2022 \u00c7ift giri\u015f \u015febekesi, ba\u011f\u0131ms\u0131z g\u00fc\u00e7 kaynaklar\u0131n\u0131 y\u00f6netmenize olanak tan\u0131r.<br \/>\n\u2022 UPS&#8217;i N+1 ve N+X yedeklili\u011fi i\u00e7in paralel konuma getiren art\u0131r\u0131lm\u0131\u015f sistem kullan\u0131labilirli\u011fi.<br \/>\n\u2022 G\u00fc\u00e7 kesintisi olmadan kolay bak\u0131m i\u00e7in dahili manuel baypas.<br \/>\n\u2022 8 adede kadar paralel ba\u011flanabilir. \u2022 \u00c7ok dilli b\u00fcy\u00fck LCD ekran<\/p>\n<p>Ortam\u0131n\u0131za G\u00f6re Tasarlanm\u0131\u015f<\/p>\n<p>\u2022 Ak\u0131ll\u0131 fan h\u0131z\u0131 kontrol\u00fc ile d\u00fc\u015f\u00fck g\u00fcr\u00fclt\u00fc seviyesi ve daha uzun fan \u00f6mr\u00fc.<br \/>\n\u2022 Esnek ak\u00fc \u00e7\u00f6z\u00fcmleri.<br \/>\n\u2022 Kompakt, hafif ve kurulumu kolay.<br \/>\n\u2022 Frekans d\u00f6n\u00fc\u015ft\u00fcr\u00fcc\u00fc modu.<br \/>\n\u2022 Artt\u0131r\u0131lm\u0131\u015f ak\u00fc \u00f6mr\u00fc i\u00e7in \u00f6zel ak\u00fc \u015farj y\u00f6netimi ile uzat\u0131lm\u0131\u015f ak\u00fc \u00f6mr\u00fc.<br \/>\n\u2022 Hepsi bir arada: 1\/1, 1\/3, 3\/1 ve 3\/3 faz yap\u0131land\u0131rmalar\u0131.<br \/>\n\u2022 Ayarlanabilir ak\u00fc miktar\u0131.<\/p>\n<p>En D\u00fc\u015f\u00fck Toplam Sahip Olma Maliyeti<\/p>\n<p>\u2022 \u00dc\u00e7 seviyeli invert\u00f6r tasar\u0131m\u0131 ve premium koruma modu ile premium verimlilik modu aras\u0131nda ger\u00e7ek zamanl\u0131 kararlar veren \u00e7ok modlu mimari sayesinde %50 \u00e7evrimi\u00e7i y\u00fck \u00e7al\u0131\u015fmas\u0131nda %96&#8217;ya kadar verimlilik sa\u011flar.<br \/>\n\u2022 Eski UPS&#8217;lere k\u0131yasla enerji kay\u0131plar\u0131nda %10 tasarruf, enerjide \u00f6nemli tasarruf sa\u011flar.<br \/>\n\u2022 Enerji kayb\u0131nda \u00f6nemli azalma.<br \/>\n\u2022 Azalt\u0131lm\u0131\u015f enerji kullan\u0131m\u0131, klima gereksinimleri ve so\u011futma i\u015fletme maliyetleri.<br \/>\n\u2022 Paralel sistemlerde k\u00fcresel verimlilik iyile\u015ftirmesi i\u00e7in Enerji Tasarrufu modu.<br \/>\n\u2022 Benzer rekabet\u00e7i \u00e7\u00f6z\u00fcmlerden %35&#8217;e kadar daha k\u00fc\u00e7\u00fck. Azalt\u0131lm\u0131\u015f ayak iziyle yerden tasarruf sa\u011flar<\/p>\n<p>Kolay Bak\u0131m<\/p>\n<p>\u2022 Bak\u0131mla ilgili kesintileri ortadan kald\u0131rmak i\u00e7in dahili manuel baypas.<\/p>\n<p>UPS ar\u0131zas\u0131nda erken te\u015fhis i\u00e7in fan ar\u0131zas\u0131 ve anahtar ar\u0131zas\u0131n\u0131n proaktif tespiti.<\/p>\n<p>Bak\u0131m s\u00fcrecini basitle\u015ftirmek i\u00e7in tak ve \u00e7al\u0131\u015ft\u0131r kart tasar\u0131m\u0131.<\/p>\n<p>Mod\u00fcler g\u00fc\u00e7 kart\u0131 konseptinin yard\u0131m\u0131yla kolay servis.<\/p>\n<p>MTTR 30 dakikadan azd\u0131r.<\/p>\n<p>Farkl\u0131 derecelendirmeler i\u00e7in ortak kartlar kullan\u0131larak daha d\u00fc\u015f\u00fck yedek par\u00e7a maliyeti.<\/p>\n<p>\u00d6zellikler<\/p>\n<p>\u2022 \u00dc\u00e7 Seviyeli Teknoloji<br \/>\n\u2022 \u00c7\u0131k\u0131\u015f G\u00fc\u00e7 Fakt\u00f6r\u00fc 1 (kVA=kW)<br \/>\n\u2022 \u00c7evrimi\u00e7i \u00c7ift D\u00f6n\u00fc\u015f\u00fcm Teknolojisi (S\u0131n\u0131f VFI-SS-111)<br \/>\n\u2022 IGBT PWM Do\u011frultucu ve \u0130nvert\u00f6r Teknolojisi<br \/>\n\u2022 \u00c7ok \u0130\u015flemcili Dijital Kontrol<br \/>\n\u2022 %96&#8217;ya Kadar Y\u00fcksek Verimlilik<br \/>\n\u2022 Eko moduyla daha y\u00fcksek verimlilik (%98&#8217;e kadar)<br \/>\n\u2022 D\u00fc\u015f\u00fck Giri\u015f Ak\u0131m\u0131 THD (\u22643%)<br \/>\n\u2022 Y\u00fcksek Giri\u015f G\u00fc\u00e7 Fakt\u00f6r\u00fc (&gt;0,99)<br \/>\n\u2022 D\u00fc\u015f\u00fck \u00e7\u0131k\u0131\u015f voltaj\u0131 THD (\u22642%)<br \/>\n\u2022 K\u0131sa tepki s\u00fcresi (\u22642ms)<br \/>\n\u2022 Otomatik yumu\u015fak ba\u015flatma<br \/>\n\u2022 So\u011fuk ba\u015flatma<br \/>\n\u2022 \u00c7ift Giri\u015f<br \/>\n\u2022 Geli\u015fmi\u015f Ak\u00fc Y\u00f6netimi<br \/>\n\u2022 DC\/DC \u015earj Cihaz\u0131\/G\u00fc\u00e7lendirici<br \/>\n\u2022 Esnek ak\u00fc say\u0131s\u0131<br \/>\n\u2022 Geni\u015f Giri\u015f Voltaj Aral\u0131\u011f\u0131<br \/>\n\u2022 Y\u00fckleme y\u00fczdesine ba\u011fl\u0131 de\u011fi\u015fken giri\u015f d\u00fc\u015f\u00fck voltaj\u0131 (-%36&#8217;ya kadar)<br \/>\n\u2022 K\u0131sa Devre, A\u015f\u0131r\u0131 Y\u00fck, Y\u0131ld\u0131r\u0131m ve A\u015f\u0131r\u0131 Gerilim Korumas\u0131<br \/>\n\u2022 8 \u00fcniteye kadar Paralellenebilir Mod\u00fcller<br \/>\n\u2022 Ak\u0131ll\u0131 yedeklilik y\u00f6netimi (n, n+1 ve n+x)<br \/>\n\u2022 Ayr\u0131nt\u0131l\u0131 Parametrelerle 256 Ger\u00e7ek Zamanl\u0131 Olay Kayd\u0131<br \/>\n\u2022 Statik ve Manuel Baypas \u0130\u015flemi<br \/>\n\u2022 K\u00fc\u00e7\u00fck Alan ve Kolay Bak\u0131m<br \/>\n\u2022 Kullan\u0131c\u0131 aray\u00fcz\u00fc \u00fczerinden veri analizi<br \/>\n\u2022 Geli\u015fmi\u015f \u0130leti\u015fim Yetenekleri<br \/>\n\u2022 Uzaktan izleme ve y\u00f6netim yaz\u0131l\u0131m\u0131<br \/>\n\u2022 M\u00fckemmel Jenerat\u00f6r Uyumlulu\u011fu<br \/>\n\u2022 Programlanabilir kuru kontaklar<\/p>\n","protected":false},"excerpt":{"rendered":"<p>XTREME X SER\u0130S\u0130 3 fazl\u0131 giri\u015f\/3 fazl\u0131 \u00e7\u0131k\u0131\u015f 10 -500kVA \u00dcr\u00fcn Her t\u00fcrl\u00fc BT y\u00fck\u00fc, \u00fc\u00e7\u00fcnc\u00fcl uygulama, ayd\u0131nlatma veya bina<\/p>\n","protected":false},"featured_media":10249,"comment_status":"open","ping_status":"closed","template":"","meta":[],"product_cat":[157,179,155],"product_tag":[],"class_list":{"0":"post-10248","1":"product","2":"type-product","3":"status-publish","4":"has-post-thumbnail","6":"product_cat-online-ups-tr","7":"product_cat-uninteruptible-power-supply-tr","8":"product_cat-ups-tr","10":"first","11":"instock","12":"shipping-taxable","13":"product-type-external"},"_links":{"self":[{"href":"https:\/\/epi-ups.com.tr\/tr\/wp-json\/wp\/v2\/product\/10248","targetHints":{"allow":["GET"]}}],"collection":[{"href":"https:\/\/epi-ups.com.tr\/tr\/wp-json\/wp\/v2\/product"}],"about":[{"href":"https:\/\/epi-ups.com.tr\/tr\/wp-json\/wp\/v2\/types\/product"}],"replies":[{"embeddable":true,"href":"https:\/\/epi-ups.com.tr\/tr\/wp-json\/wp\/v2\/comments?post=10248"}],"wp:featuredmedia":[{"embeddable":true,"href":"https:\/\/epi-ups.com.tr\/tr\/wp-json\/wp\/v2\/media\/10249"}],"wp:attachment":[{"href":"https:\/\/epi-ups.com.tr\/tr\/wp-json\/wp\/v2\/media?parent=10248"}],"wp:term":[{"taxonomy":"product_cat","embeddable":true,"href":"https:\/\/epi-ups.com.tr\/tr\/wp-json\/wp\/v2\/product_cat?post=10248"},{"taxonomy":"product_tag","embeddable":true,"href":"https:\/\/epi-ups.com.tr\/tr\/wp-json\/wp\/v2\/product_tag?post=10248"}],"curies":[{"name":"wp","href":"https:\/\/api.w.org\/{rel}","templated":true}]}}