{"id":10246,"date":"2025-01-13T21:24:08","date_gmt":"2025-01-13T21:24:08","guid":{"rendered":"https:\/\/epi-ups.com.tr\/product\/hmr-series-20-200kva\/"},"modified":"2025-02-22T18:26:04","modified_gmt":"2025-02-22T18:26:04","slug":"hmr-series-20-200kva","status":"publish","type":"product","link":"https:\/\/epi-ups.com.tr\/tr\/product\/hmr-series-20-200kva\/","title":{"rendered":"HMR+ Series, 20-200kVA"},"content":{"rendered":"<p><strong>HMR+ Serisi<\/strong><br \/>\n<strong>3 fazl\u0131 giri\u015f\/3 fazl\u0131 \u00e7\u0131k\u0131\u015f<\/strong><br \/>\n<strong>End\u00fcstriyel Mod\u00fcler UPS<\/strong><br \/>\n<strong>20 \u2013 200 kVA<\/strong><\/p>\n<p><strong>\u00dcr\u00fcn<\/strong><\/p>\n<p>HMR+ serisi UPS, geli\u015fmi\u015f 3 seviyeli invert\u00f6r ve en son DSP kontroll\u00fc teknolojinin kullan\u0131ld\u0131\u011f\u0131 3 fazl\u0131 \u00c7evrimi\u00e7i UPS&#8217;dir. Mod\u00fcler N+X paralel yedeklilik tasar\u0131m\u0131, g\u00fc\u00e7 mod\u00fcllerinden biri ar\u0131zal\u0131 olsa bile her zaman normal \u00e7al\u0131\u015fmay\u0131 sa\u011flar. Ve s\u0131cak de\u011fi\u015ftirilebilirlik \u00f6zelli\u011fi, d\u00fc\u015f\u00fck MTTR (Onar\u0131m Ortalama S\u00fcresi) ile bak\u0131m ve de\u011fi\u015ftirme s\u0131ras\u0131nda UPS&#8217;in y\u00fcke kesinti olmadan normal \u00e7al\u0131\u015fmas\u0131n\u0131 sa\u011flar.<\/p>\n<p>Uygulama<\/p>\n<p>Telekom\u00fcnikasyon kontrol odas\u0131, IDC merkezi, Bilgisayar sistemi ve y\u00fcksek hassasiyetli aletler vb.<\/p>\n<p>\u00d6zellikler<\/p>\n<p>\u2022 Y\u00fcksek G\u00fcvenlik<br \/>\n\u27a2 TI&#8217;nin DSP kontrol\u00fcn\u00fc kullanarak, i\u015flem h\u0131z\u0131 ve hata korumas\u0131 \u00e7ok daha iyi hale gelir.<br \/>\n\u27a2 Geli\u015fmi\u015f 3 seviyeli invert\u00f6r teknolojisini kullanarak, iyi \u00e7\u0131k\u0131\u015f dalga formuna ve y\u00fcksek genel verimlili\u011fe sahiptir. \u27a2 So\u011fuk ba\u015flatma fonksiyonu ile UPS, AC giri\u015fi olmadan ba\u015flat\u0131labilir.<br \/>\n\u27a2 Giri\u015f g\u00fc\u00e7 fakt\u00f6r\u00fc 0,999&#8217;a kadar \u00e7\u0131kt\u0131\u011f\u0131 i\u00e7in enerji verimlili\u011fi \u00f6nemli \u00f6l\u00e7\u00fcde iyile\u015ftirilebilir, \u015febeke y\u00fck\u00fc d\u00fc\u015fer ve elektrik da\u011f\u0131t\u0131m maliyeti azalt\u0131labilir.<br \/>\n\u27a2 Ak\u0131ll\u0131 ak\u00fc y\u00f6netimi: otomatik olarak y\u00fckseltme veya y\u00fczd\u00fcrme \u015farj\u0131n\u0131 d\u00f6n\u00fc\u015ft\u00fcr\u00fcr, a\u015f\u0131r\u0131 veya az \u015farj\u0131 \u00f6nlemek i\u00e7in s\u0131cakl\u0131k telafisi yapar; y\u00fck kapasitesine g\u00f6re de\u015farj\u0131n kesme voltaj\u0131n\u0131 ayarlar, ak\u00fc paketinin \u00f6mr\u00fcn\u00fc b\u00fcy\u00fck \u00f6l\u00e7\u00fcde uzat\u0131r.<br \/>\n\u27a2 Ak\u0131ll\u0131 fan h\u0131z\u0131 kontrol\u00fc ile fan h\u0131z\u0131, fan\u0131n \u00f6mr\u00fcn\u00fc uzatmak i\u00e7in y\u00fck kapasitesine ba\u011fl\u0131d\u0131r.<br \/>\n\u27a2 ECO enerji tasarrufu modunda, UPS sisteminin verimlili\u011fi %99&#8217;dan fazla olabilir, iyi AC kalitesine sahip alanlar i\u00e7in uygundur.<br \/>\n\u27a2 Ve 5 ms i\u00e7inde h\u0131zl\u0131 bir \u015fekilde inverter moduna geri d\u00f6nebilir.<br \/>\n\u27a2 Manuel baypas tasar\u0131m\u0131, bak\u0131m s\u0131ras\u0131nda kesintisiz \u00e7al\u0131\u015fma sa\u011flar ve sistem daha g\u00fcvenilir hale gelir.<br \/>\n\u2022 Kolay kullan\u0131m<br \/>\n\u27a2 G\u00fc\u00e7 mod\u00fclerlerinin her biri ba\u011f\u0131ms\u0131zd\u0131r ve uyumluluk sorunu yoktur. S\u0131cak de\u011fi\u015ftirilebilir \u00f6zelli\u011finin talebini kar\u015f\u0131lar.<br \/>\n\u27a2 7 in\u00e7 dokunmatik ekran LCD, UPS \u00e7al\u0131\u015fma verilerini ve ge\u00e7mi\u015f olaylar\u0131n kay\u0131tlar\u0131n\u0131 sa\u011flar.<br \/>\n\u2022 \u00c7oklu \u0130leti\u015fim Aray\u00fcz\u00fc<br \/>\n\u27a2 Dahili RS232, RS485, SNMP ve \u00e7oklu giri\u015f ve \u00e7\u0131k\u0131\u015f kuru kontak portlar\u0131.<br \/>\n\u2022 \u00c7evrimi\u00e7i \u00e7ift d\u00f6n\u00fc\u015f\u00fcm teknolojisi<br \/>\n\u2022 S\u0131cak de\u011fi\u015ftirilebilir mod\u00fcller<br \/>\n\u2022 Esnek \u00f6l\u00e7eklenebilirlik<br \/>\n\u2022 D\u00fc\u015f\u00fck Ortalama Onar\u0131m S\u00fcresi (MTTR)<br \/>\n\u2022 Kolay y\u00f6netim i\u00e7in 7 in\u00e7 LCD Dokunmatik Ekran<br \/>\n\u2022 Y\u00fcksek verimlilik, enerji kay\u0131plar\u0131n\u0131 azalt\u0131r<br \/>\n\u2022 Ak\u0131ll\u0131 h\u0131z kontrol\u00fc ve ak\u0131ll\u0131 \u015farj cihaz\u0131<br \/>\n\u2022 Manuel baypas tasar\u0131m\u0131 ve ECO modu<br \/>\n\u2022 IGBT ve DSP \u0130\u015flemcili geli\u015fmi\u015f UPS tasar\u0131m\u0131<br \/>\n\u2022 So\u011fuk ba\u015flatma i\u015flevi<br \/>\n\u2022 G\u00fcvenilir \u0130leti\u015fim<\/p>\n","protected":false},"excerpt":{"rendered":"<p>HMR+ Serisi 3 fazl\u0131 giri\u015f\/3 fazl\u0131 \u00e7\u0131k\u0131\u015f End\u00fcstriyel Mod\u00fcler UPS 20 \u2013 200 kVA \u00dcr\u00fcn HMR+ serisi UPS, geli\u015fmi\u015f 3<\/p>\n","protected":false},"featured_media":10247,"comment_status":"open","ping_status":"closed","template":"","meta":[],"product_cat":[157,179,155],"product_tag":[],"class_list":{"0":"post-10246","1":"product","2":"type-product","3":"status-publish","4":"has-post-thumbnail","6":"product_cat-online-ups-tr","7":"product_cat-uninteruptible-power-supply-tr","8":"product_cat-ups-tr","10":"first","11":"instock","12":"shipping-taxable","13":"product-type-external"},"_links":{"self":[{"href":"https:\/\/epi-ups.com.tr\/tr\/wp-json\/wp\/v2\/product\/10246","targetHints":{"allow":["GET"]}}],"collection":[{"href":"https:\/\/epi-ups.com.tr\/tr\/wp-json\/wp\/v2\/product"}],"about":[{"href":"https:\/\/epi-ups.com.tr\/tr\/wp-json\/wp\/v2\/types\/product"}],"replies":[{"embeddable":true,"href":"https:\/\/epi-ups.com.tr\/tr\/wp-json\/wp\/v2\/comments?post=10246"}],"wp:featuredmedia":[{"embeddable":true,"href":"https:\/\/epi-ups.com.tr\/tr\/wp-json\/wp\/v2\/media\/10247"}],"wp:attachment":[{"href":"https:\/\/epi-ups.com.tr\/tr\/wp-json\/wp\/v2\/media?parent=10246"}],"wp:term":[{"taxonomy":"product_cat","embeddable":true,"href":"https:\/\/epi-ups.com.tr\/tr\/wp-json\/wp\/v2\/product_cat?post=10246"},{"taxonomy":"product_tag","embeddable":true,"href":"https:\/\/epi-ups.com.tr\/tr\/wp-json\/wp\/v2\/product_tag?post=10246"}],"curies":[{"name":"wp","href":"https:\/\/api.w.org\/{rel}","templated":true}]}}