{"id":10243,"date":"2025-01-14T18:25:29","date_gmt":"2025-01-14T18:25:29","guid":{"rendered":"https:\/\/epi-ups.com.tr\/product\/mtr-20\/"},"modified":"2025-01-23T13:23:14","modified_gmt":"2025-01-23T13:23:14","slug":"mtr-20","status":"publish","type":"product","link":"https:\/\/epi-ups.com.tr\/tr\/product\/mtr-20\/","title":{"rendered":"MTR-20"},"content":{"rendered":"<p>MTR-20<br \/>\n\u00c7evrimi\u00e7i Mod\u00fcler UPS<br \/>\nDahili S\u0131cak De\u011fi\u015ftirilebilir Pil<br \/>\n5\u201320 kVA (400V\/220V)3\/1, 1\/1<\/p>\n<p>\u00dcr\u00fcn<\/p>\n<p>RM20\/5E serisi, s\u0131cak de\u011fi\u015ftirilebilir pile sahip mod\u00fcler \u00e7evrimi\u00e7i UPS&#8217;lerdir. 5kVA&#8217;dan 20kVA&#8217;ya kadar tek kabin g\u00fc\u00e7 derecesi, 3\/1 ve 1\/1&#8217;lik esnek yap\u0131land\u0131rmas\u0131, kompakt yap\u0131s\u0131 ile k\u00fc\u00e7\u00fck veri merkezleri ve hassas elektronikler i\u00e7in ideal se\u00e7imdir, sunucuyla entegre edilmesi kolayd\u0131r. Y\u00fcksek g\u00fc\u00e7 fakt\u00f6r\u00fc ve m\u00fckemmel a\u015f\u0131r\u0131 y\u00fck kapasitesi ile RM3120\/05D, g\u00fc\u00e7 kullan\u0131m\u0131n\u0131n verimlili\u011fini art\u0131r\u0131r ve sistemin sabit \u00e7al\u0131\u015fmas\u0131n\u0131 sa\u011flar.<\/p>\n<p>\u00dcr\u00fcn\u00fcn i\u015flevi genel UPS ile ayn\u0131d\u0131r, yani \u015febeke g\u00fcc\u00fc iki kez d\u00f6n\u00fc\u015ft\u00fcr\u00fcl\u00fcr ve ard\u0131ndan y\u00fcke saf sin\u00fcs dalgas\u0131 g\u00fc\u00e7 kayna\u011f\u0131 \u00e7\u0131k\u0131\u015f\u0131 verir. \u015eebeke g\u00fcc\u00fc anormal oldu\u011funda, UPS g\u00fc\u00e7 kayna\u011f\u0131n\u0131 ak\u00fcye aktararak y\u00fck\u00fcn kesintisiz g\u00fc\u00e7 beslemesini sa\u011flar. T\u00fcm \u00fcr\u00fcn, birden fazla \u00fcnitenin paralel ba\u011flant\u0131s\u0131n\u0131 destekleyen ve g\u00fc\u00e7 kayna\u011f\u0131n\u0131n g\u00fcvenilirli\u011fini art\u0131ran komple bir kule tipi mod\u00fcler UPS sistemidir. Bu mod\u00fcler UPS \u00fcr\u00fcn\u00fc esas olarak k\u00fc\u00e7\u00fck ve orta \u00f6l\u00e7ekli sunucu odalar\u0131na y\u00f6neliktir.<\/p>\n<p>\u00d6zellikler<\/p>\n<p>\u2022 Y\u00fcksek verimlilik, %94,5&#8217;ten fazla<\/p>\n<p>\u2022 De\u011fi\u015ftirilebilir g\u00fc\u00e7 mod\u00fcl\u00fc ve ak\u00fc ile mod\u00fcler tasar\u0131m<\/p>\n<p>\u2022 Raf mod\u00fcler tasar\u0131m\u0131, 19\u2033 standart raf kabiniyle uyumludur, sunucuyla entegre edilmesi kolayd\u0131r<\/p>\n<p>\u2022 Esnek yap\u0131land\u0131rma, 3 paralel \u00fcniteyi destekler, 5kVA&#8217;ya dayal\u0131 olarak 3\/1 ve 1\/1 olarak derece d\u00fc\u015f\u00fcrmeden yap\u0131land\u0131r\u0131labilir<\/p>\n<p>\u2022 G\u00fc\u00e7 geni\u015fletme ve yedekleme s\u00fcresi geni\u015fletme i\u00e7in kolay<\/p>\n<p>\u2022 Grafik ekranl\u0131 7\u2033 dokunmatik renkli LCD ile kullan\u0131c\u0131 dostu aray\u00fcz, daha fazla bilgi g\u00f6r\u00fcnt\u00fclenir ve kullan\u0131m\u0131 daha kolayd\u0131r<\/p>\n<p>\u2022 Sistemin g\u00fcvenli ve g\u00fcvenilir ak\u00fc paketi i\u00e7in ak\u0131ll\u0131 koruma ve izleme teknolojisi<\/p>\n<p>\u2022 K\u00fc\u00e7\u00fck veri odas\u0131 merkezi i\u00e7in eksiksiz \u00e7\u00f6z\u00fcm<\/p>\n<p>\u2022 \u00d6l\u00e7eklenebilirlik, ihtiya\u00e7 duyuldu\u011funda g\u00fc\u00e7 kapasitesinin veya ak\u00fc mod\u00fcllerinin uygun maliyetli bir \u015fekilde eklenmesine olanak tan\u0131r<\/p>\n","protected":false},"excerpt":{"rendered":"<p>MTR-20 \u00c7evrimi\u00e7i Mod\u00fcler UPS Dahili S\u0131cak De\u011fi\u015ftirilebilir Pil 5\u201320 kVA (400V\/220V)3\/1, 1\/1 \u00dcr\u00fcn RM20\/5E serisi, s\u0131cak de\u011fi\u015ftirilebilir pile sahip mod\u00fcler<\/p>\n","protected":false},"featured_media":10245,"comment_status":"open","ping_status":"closed","template":"","meta":[],"product_cat":[158,155],"product_tag":[],"class_list":{"0":"post-10243","1":"product","2":"type-product","3":"status-publish","4":"has-post-thumbnail","6":"product_cat-modular-ups-tr","7":"product_cat-ups-tr","9":"first","10":"instock","11":"shipping-taxable","12":"product-type-external"},"_links":{"self":[{"href":"https:\/\/epi-ups.com.tr\/tr\/wp-json\/wp\/v2\/product\/10243","targetHints":{"allow":["GET"]}}],"collection":[{"href":"https:\/\/epi-ups.com.tr\/tr\/wp-json\/wp\/v2\/product"}],"about":[{"href":"https:\/\/epi-ups.com.tr\/tr\/wp-json\/wp\/v2\/types\/product"}],"replies":[{"embeddable":true,"href":"https:\/\/epi-ups.com.tr\/tr\/wp-json\/wp\/v2\/comments?post=10243"}],"wp:featuredmedia":[{"embeddable":true,"href":"https:\/\/epi-ups.com.tr\/tr\/wp-json\/wp\/v2\/media\/10245"}],"wp:attachment":[{"href":"https:\/\/epi-ups.com.tr\/tr\/wp-json\/wp\/v2\/media?parent=10243"}],"wp:term":[{"taxonomy":"product_cat","embeddable":true,"href":"https:\/\/epi-ups.com.tr\/tr\/wp-json\/wp\/v2\/product_cat?post=10243"},{"taxonomy":"product_tag","embeddable":true,"href":"https:\/\/epi-ups.com.tr\/tr\/wp-json\/wp\/v2\/product_tag?post=10243"}],"curies":[{"name":"wp","href":"https:\/\/api.w.org\/{rel}","templated":true}]}}