{"id":10240,"date":"2025-01-14T18:25:58","date_gmt":"2025-01-14T18:25:58","guid":{"rendered":"https:\/\/epi-ups.com.tr\/product\/mtr-rb-20-60kva\/"},"modified":"2025-02-22T18:27:33","modified_gmt":"2025-02-22T18:27:33","slug":"mtr-rb-20-60kva","status":"publish","type":"product","link":"https:\/\/epi-ups.com.tr\/tr\/product\/mtr-rb-20-60kva\/","title":{"rendered":"MTR-RB, 20-60KVA"},"content":{"rendered":"<p>MTR-RB<br \/>\nMod\u00fcler \u00c7evrimi\u00e7i UPS<br \/>\nDahili S\u0131cak De\u011fi\u015ftirilebilir Pil<br \/>\n20-60kVA (380V\/400V\/415V)<\/p>\n<p>\u00dcr\u00fcn<\/p>\n<p>MTR-RM serisi hassas ekipmanlar i\u00e7in mod\u00fcler \u00e7evrimi\u00e7i UPS&#8217;dir. Tek kabin g\u00fc\u00e7 derecesi 10KVA&#8217;dan 200KVA&#8217;ya kadar uzan\u0131r ve bu da g\u00fcvenilirlik, s\u0131cak de\u011fi\u015ftirilebilirlik ve esnekli\u011fin en iyi kombinasyonunu sunar. En son IGBT \u00fc\u00e7 seviyeli teknoloji ve DSP kontrol\u00fc ile MTR-RM, y\u00fcksek giri\u015f g\u00fc\u00e7 fakt\u00f6r\u00fc, d\u00fc\u015f\u00fck THD ve y\u00fcksek sistem verimlili\u011fi elde eder ve bu da onu veri merkezleri, bilgisayar sistemleri ve kritik ekipmanlar i\u00e7in harika bir se\u00e7im haline getirir.<\/p>\n<p>RM060\/20B serisi s\u0131cak de\u011fi\u015ftirilebilir pile sahip mod\u00fcler \u00e7evrimi\u00e7i UPS&#8217;dir. Tek kabin g\u00fc\u00e7 derecesi 20kVA&#8217;dan 60kVA&#8217;ya kadar uzan\u0131r ve bu da g\u00fcvenilirlik, s\u0131cak de\u011fi\u015ftirilebilirlik ve esnekli\u011fin en iyi kombinasyonunu sunar. Ak\u0131ll\u0131 ak\u00fc koruma ve y\u00f6netim teknolojisiyle RM060\/20B, kurulumu ve bak\u0131m\u0131 kolay kompakt bir toplam g\u00fc\u00e7 \u00e7\u00f6z\u00fcm\u00fc ger\u00e7ekle\u015ftirdi.<\/p>\n<p>\u00d6zellikler:<br \/>\nDe\u011fi\u015ftirilebilir ak\u00fc paketiyle mod\u00fcler tasar\u0131m<br \/>\nAk\u00fc i\u00e7in izleme sistemi<br \/>\nGeli\u015ftirilmi\u015f performans ve k\u00fc\u00e7\u00fclt\u00fclm\u00fc\u015f boyuta sahip entegre IGBT mod\u00fcl\u00fc<br \/>\nKurulumu ve bak\u0131m\u0131 kolay<br \/>\nG\u00fc\u00e7 geni\u015fletme ve yedekleme s\u00fcresi geni\u015fletmesi kolay.<br \/>\nSistemin g\u00fcvenli ve g\u00fcvenilir s\u0131cak de\u011fi\u015ftirilebilir ak\u00fc paketi i\u00e7in ak\u0131ll\u0131 koruma teknolojisi<br \/>\nAk\u0131ll\u0131 \u015farj y\u00f6netim sistemi, \u015farj ve de\u015farj\u0131n t\u00fcm s\u00fcrecini ak\u0131ll\u0131ca kontrol edin<br \/>\nAk\u00fcn\u00fcn \u00f6mr\u00fcn\u00fc etkili bir \u015fekilde art\u0131r\u0131n<br \/>\nAk\u00fc so\u011fuk ba\u015flatma, UPS, \u015febekeye ba\u011fl\u0131 olmadan ak\u00fcden \u00e7al\u0131\u015ft\u0131r\u0131labilir.<br \/>\nDokunmatik ekranl\u0131 kullan\u0131c\u0131 dostu insan-makine aray\u00fcz\u00fc<\/p>\n","protected":false},"excerpt":{"rendered":"<p>MTR-RB Mod\u00fcler \u00c7evrimi\u00e7i UPS Dahili S\u0131cak De\u011fi\u015ftirilebilir Pil 20-60kVA (380V\/400V\/415V) \u00dcr\u00fcn MTR-RM serisi hassas ekipmanlar i\u00e7in mod\u00fcler \u00e7evrimi\u00e7i UPS&#8217;dir. Tek<\/p>\n","protected":false},"featured_media":10242,"comment_status":"open","ping_status":"closed","template":"","meta":[],"product_cat":[158,179,155],"product_tag":[],"class_list":{"0":"post-10240","1":"product","2":"type-product","3":"status-publish","4":"has-post-thumbnail","6":"product_cat-modular-ups-tr","7":"product_cat-uninteruptible-power-supply-tr","8":"product_cat-ups-tr","10":"first","11":"instock","12":"shipping-taxable","13":"product-type-external"},"_links":{"self":[{"href":"https:\/\/epi-ups.com.tr\/tr\/wp-json\/wp\/v2\/product\/10240","targetHints":{"allow":["GET"]}}],"collection":[{"href":"https:\/\/epi-ups.com.tr\/tr\/wp-json\/wp\/v2\/product"}],"about":[{"href":"https:\/\/epi-ups.com.tr\/tr\/wp-json\/wp\/v2\/types\/product"}],"replies":[{"embeddable":true,"href":"https:\/\/epi-ups.com.tr\/tr\/wp-json\/wp\/v2\/comments?post=10240"}],"wp:featuredmedia":[{"embeddable":true,"href":"https:\/\/epi-ups.com.tr\/tr\/wp-json\/wp\/v2\/media\/10242"}],"wp:attachment":[{"href":"https:\/\/epi-ups.com.tr\/tr\/wp-json\/wp\/v2\/media?parent=10240"}],"wp:term":[{"taxonomy":"product_cat","embeddable":true,"href":"https:\/\/epi-ups.com.tr\/tr\/wp-json\/wp\/v2\/product_cat?post=10240"},{"taxonomy":"product_tag","embeddable":true,"href":"https:\/\/epi-ups.com.tr\/tr\/wp-json\/wp\/v2\/product_tag?post=10240"}],"curies":[{"name":"wp","href":"https:\/\/api.w.org\/{rel}","templated":true}]}}