{"id":10238,"date":"2025-01-14T18:26:24","date_gmt":"2025-01-14T18:26:24","guid":{"rendered":"https:\/\/epi-ups.com.tr\/product\/mtr-rm-10-90kva\/"},"modified":"2025-02-22T18:27:39","modified_gmt":"2025-02-22T18:27:39","slug":"mtr-rm-10-90kva","status":"publish","type":"product","link":"https:\/\/epi-ups.com.tr\/tr\/product\/mtr-rm-10-90kva\/","title":{"rendered":"MTR-RM 10-90kVA"},"content":{"rendered":"<p>MTR-RM<br \/>\nMOD\u00dcLER ONLINE UPS<br \/>\n10-90kVA(380V\/400V\/415V)<br \/>\n10-90kkVA(2220V\/230V\/240V)<\/p>\n<p>\u00dcr\u00fcn<\/p>\n<p>10 ila 90kVA aral\u0131\u011f\u0131ndaki raf tipi, \u00f6l\u00e7eklenebilir, s\u0131cak de\u011fi\u015ftirilebilir, \u00e7evrimi\u00e7i \u00e7ift d\u00f6n\u00fc\u015f\u00fcml\u00fc UPS, 3\/3, 3\/1 ve 1\/1 esnek yap\u0131land\u0131rmas\u0131 ve kompakt yap\u0131s\u0131yla k\u00fc\u00e7\u00fck ve orta \u00f6l\u00e7ekli veri merkezleri i\u00e7in ideal se\u00e7imdir.<\/p>\n<p>\u00d6zellikler:<br \/>\nRaf tasar\u0131m\u0131: Mod\u00fcler tasar\u0131m, 19 in\u00e7 standart raf kabiniyle uyumlu, sunucularla entegre olmak i\u00e7in uygun<br \/>\nEsnek yap\u0131land\u0131rma: Sistem, derecelendirme veya donan\u0131m de\u011fi\u015fikli\u011fi olmadan 1\/1 ve 3\/1 olarak yap\u0131land\u0131r\u0131labilir<br \/>\nY\u00fcksek g\u00fc\u00e7 yo\u011funlu\u011fu: 2 U y\u00fcksekli\u011finde 10\/15KVA g\u00fc\u00e7 mod\u00fcl\u00fc B\u00fcy\u00fck miktarda yerden tasarruf sa\u011flar, kapasite geni\u015fletme i\u00e7in kolayd\u0131r<br \/>\nKullan\u0131c\u0131 dostu aray\u00fcz: Grafik ekranl\u0131 7 in\u00e7 dokunmatik renkli LCD, m\u00fc\u015fteriye daha fazla bilgi g\u00f6r\u00fcnt\u00fclenir, m\u00fc\u015fterinin \u00e7al\u0131\u015ft\u0131rmas\u0131 daha kolayd\u0131r<br \/>\nVeri merkezi i\u00e7in entegre \u00e7\u00f6z\u00fcm: UPS, ak\u00fc kabini ve PDU ile entegre olabilir ve veri merkezi i\u00e7in m\u00fckemmel bir se\u00e7im sunar.<br \/>\nAk\u0131ll\u0131 uyku i\u015flevi: Sistem, toplam y\u00fck oran\u0131n\u0131 art\u0131rmak i\u00e7in baz\u0131 g\u00fc\u00e7 mod\u00fcllerini ak\u0131ll\u0131ca kapatabilir ve daha y\u00fcksek verimlilik elde edebilir<br \/>\nAk\u0131ll\u0131 \u015farj y\u00f6netimi: Sistem, \u015farj ve de\u015farj\u0131n t\u00fcm s\u00fcrecini ak\u0131ll\u0131ca kontrol eder, ak\u00fcn\u00fcn \u00f6mr\u00fcn\u00fc etkili bir \u015fekilde iyile\u015ftirir<br \/>\nKendi kendini ya\u015fland\u0131rma modu: Enerji i\u00e7 \u00e7emberi teknolojisi, sistem %10&#8217;dan az enerji varsayarak tam y\u00fckte \u00e7al\u0131\u015fabilir.<\/p>\n","protected":false},"excerpt":{"rendered":"<p>MTR-RM MOD\u00dcLER ONLINE UPS 10-90kVA(380V\/400V\/415V) 10-90kkVA(2220V\/230V\/240V) \u00dcr\u00fcn 10 ila 90kVA aral\u0131\u011f\u0131ndaki raf tipi, \u00f6l\u00e7eklenebilir, s\u0131cak de\u011fi\u015ftirilebilir, \u00e7evrimi\u00e7i \u00e7ift d\u00f6n\u00fc\u015f\u00fcml\u00fc UPS,<\/p>\n","protected":false},"featured_media":10239,"comment_status":"open","ping_status":"closed","template":"","meta":[],"product_cat":[158,179,155],"product_tag":[],"class_list":{"0":"post-10238","1":"product","2":"type-product","3":"status-publish","4":"has-post-thumbnail","6":"product_cat-modular-ups-tr","7":"product_cat-uninteruptible-power-supply-tr","8":"product_cat-ups-tr","10":"first","11":"instock","12":"shipping-taxable","13":"product-type-external"},"_links":{"self":[{"href":"https:\/\/epi-ups.com.tr\/tr\/wp-json\/wp\/v2\/product\/10238","targetHints":{"allow":["GET"]}}],"collection":[{"href":"https:\/\/epi-ups.com.tr\/tr\/wp-json\/wp\/v2\/product"}],"about":[{"href":"https:\/\/epi-ups.com.tr\/tr\/wp-json\/wp\/v2\/types\/product"}],"replies":[{"embeddable":true,"href":"https:\/\/epi-ups.com.tr\/tr\/wp-json\/wp\/v2\/comments?post=10238"}],"wp:featuredmedia":[{"embeddable":true,"href":"https:\/\/epi-ups.com.tr\/tr\/wp-json\/wp\/v2\/media\/10239"}],"wp:attachment":[{"href":"https:\/\/epi-ups.com.tr\/tr\/wp-json\/wp\/v2\/media?parent=10238"}],"wp:term":[{"taxonomy":"product_cat","embeddable":true,"href":"https:\/\/epi-ups.com.tr\/tr\/wp-json\/wp\/v2\/product_cat?post=10238"},{"taxonomy":"product_tag","embeddable":true,"href":"https:\/\/epi-ups.com.tr\/tr\/wp-json\/wp\/v2\/product_tag?post=10238"}],"curies":[{"name":"wp","href":"https:\/\/api.w.org\/{rel}","templated":true}]}}