{"id":10235,"date":"2025-01-14T18:26:53","date_gmt":"2025-01-14T18:26:53","guid":{"rendered":"https:\/\/epi-ups.com.tr\/product\/mtr-rm-25-600kva\/"},"modified":"2025-02-22T18:27:46","modified_gmt":"2025-02-22T18:27:46","slug":"mtr-rm-25-600kva","status":"publish","type":"product","link":"https:\/\/epi-ups.com.tr\/tr\/product\/mtr-rm-25-600kva\/","title":{"rendered":"MTR-RM 25-600kVA"},"content":{"rendered":"<p>MTR-RM<br \/>\nMod\u00fcler Online UPS<br \/>\n25-600 KVA (25 ve 30 KVA Mod\u00fcl)<br \/>\n(380V\/400V\/415V)<\/p>\n<p>\u00dcr\u00fcn<\/p>\n<p>RM serisi mod\u00fcler UPS, 900 kVA maksimum kapasite ile 2 m2&#8217;den daha az en kompakt ayak izini sa\u011flar. En iyi g\u00fcvenilirlik ve y\u00fcksek performansla, y\u0131llard\u0131r i\u00e7 pazara \u00f6nc\u00fcl\u00fck etmektedir. RM serisi, b\u00fcy\u00fck veri merkezleri ve hassas elektronik cihazlar i\u00e7in en iyi g\u00fc\u00e7 koruma \u00e7\u00f6z\u00fcm\u00fc olarak kabul edilir.<\/p>\n<p>Her G\u00fc\u00e7 Mod\u00fcl\u00fc i\u00e7in Ba\u011f\u0131ms\u0131z LCD<\/p>\n<p>Her G\u00fc\u00e7 Mod\u00fcl\u00fcnde ba\u011f\u0131ms\u0131z LCD bulunur ve kullan\u0131c\u0131lara ger\u00e7ek zamanl\u0131 olarak durum verileri ve alarmlar hakk\u0131nda do\u011frudan genel bak\u0131\u015f sa\u011flar.<\/p>\n<p>Kullan\u0131c\u0131 Dostu Aray\u00fcz<\/p>\n<p>10,4 in\u00e7 LCD Dokunmatik Ekran Kullan\u0131c\u0131lar\u0131n daha kullan\u0131c\u0131 dostu ve daha g\u00fcvenli bir \u015fekilde \u00e7al\u0131\u015fmas\u0131n\u0131 sa\u011flayan alarmlar, durum verileri ve talimatlar\u0131n grafiksel ve metin tabanl\u0131 bilgilerini sa\u011flar.<\/p>\n<p>&nbsp;<\/p>\n<p>\u0130zole Hava Ak\u0131\u015f\u0131<\/p>\n<p>S\u0131cak de\u011fi\u015ftirilebilir g\u00fc\u00e7 mod\u00fclleri benzersiz bir yap\u0131 tasar\u0131m\u0131na sahiptir. Tasar\u0131mda, PCB kartlar\u0131 ve \u0131s\u0131 emiciler iki tamamen farkl\u0131 katmandad\u0131r, alt katmanda hava ak\u0131mlar\u0131n\u0131 so\u011futurken, \u00fcst PCB&#8217;leri tozdan uzak tutar, bu da UPS&#8217;in tozlu ortamlarda \u00e7al\u0131\u015fmas\u0131na olanak tan\u0131r, kararl\u0131l\u0131\u011f\u0131n\u0131 ve \u00e7evresel uyumlulu\u011funu \u00f6nemli \u00f6l\u00e7\u00fcde art\u0131r\u0131r.<\/p>\n<p>Y\u00fcksek G\u00fcvenilirlik i\u00e7in Benzersiz Tasar\u0131m<\/p>\n<p>Mod\u00fcler IGBT ve SCR tasar\u0131m\u0131, bir mod\u00fcler IGBT veya SCR, bir\u00e7ok ayr\u0131 IGBT ve SCR bile\u015fenine e\u015fittir ve son derece y\u00fcksek g\u00fcvenilirlik sa\u011flar. T\u00fcm bile\u015fenler tek bir mod\u00fclde, daha az hata noktas\u0131, daha y\u00fcksek g\u00fcvenilirlik. T\u00fcm bile\u015fenler tek bir mod\u00fcler tasar\u0131m olarak entegre edilmi\u015ftir, daha k\u00fc\u00e7\u00fck farkl\u0131l\u0131k. Daha az alana ihtiya\u00e7 vard\u0131r, kompakt tasar\u0131ma ve daha y\u00fcksek g\u00fc\u00e7 tasar\u0131m\u0131na sahip UPS. Entegre dahili termal sens\u00f6r, i\u00e7 s\u0131cakl\u0131\u011f\u0131 do\u011frudan g\u00f6r\u00fcnt\u00fcleyebilir.<\/p>\n<p>Y\u00fcksek Yo\u011funluklu, Mod\u00fcler \u00d6l\u00e7eklenebilir<\/p>\n<p>300 kVA i\u00e7in y\u00fcksek g\u00fc\u00e7 yo\u011funlu\u011fu ayak izi 0,66 m\u00b2, g\u00fc\u00e7 yo\u011funlu\u011fu 400 KW\/m2&#8217;dir, de\u011ferli veri merkezi alan\u0131ndan tasarruf sa\u011flar. 30kVA&#8217;dan 900kVA&#8217;ya (27kW&#8217;dan 810kW&#8217;a) \u00f6l\u00e7eklenebilir, paralel olarak maksimum 30 g\u00fc\u00e7 mod\u00fcl\u00fc. Do\u011fal olarak N+X yedekli S\u0131cak de\u011fi\u015ftirilebilir g\u00fc\u00e7 mod\u00fcl\u00fc ve baypas ve izleme mod\u00fcl\u00fc. Ek \u015farj mod\u00fcl\u00fc, uzun s\u00fcreli yedekleme uygulamas\u0131 i\u00e7in ekstra \u015farj ak\u0131m\u0131 50A*N.<\/p>\n<p>Kritik Dalga Formu Kayd\u0131<\/p>\n<p>UPS, ar\u0131zalar meydana geldi\u011finde ana parametrelerin verilerini otomatik olarak kaydedebilir ve saklayabilir ve daha fazla analiz i\u00e7in kullan\u0131labilir. Veri bilgilerini kaydedebilir ve daha fazla analiz i\u00e7in dalga formu olarak sunabilir. Ar\u0131zalar\u0131n nedenlerini kolayca tespit edebilir, gelecekte benzer ar\u0131zalar\u0131 \u00f6nleyebilir.<\/p>\n<p>Ak\u0131ll\u0131 Uyku<\/p>\n<p>Ak\u0131ll\u0131 Uyku i\u015flevi, y\u00fck nispeten d\u00fc\u015f\u00fck oldu\u011funda baz\u0131 g\u00fc\u00e7 mod\u00fcllerinin uyku moduna ge\u00e7mesini ak\u0131ll\u0131ca sa\u011flayarak toplam sistem verimlili\u011fini iyile\u015ftirebilir ve m\u00fc\u015fterilerin g\u00fc\u00e7 ve so\u011futma maliyetlerinden tasarruf etmesini sa\u011flayabilir. Verimlili\u011fi iyile\u015ftirerek g\u00fc\u00e7 ve so\u011futma maliyetlerini azalt\u0131r. Sadece iki ad\u0131mda kolay ayar. M\u00fc\u015fteri uyku modu ve d\u00f6n\u00fc\u015f periyodu ayarlayabilir. D\u00f6n\u00fc\u015fte \u00e7al\u0131\u015fan g\u00fc\u00e7 mod\u00fclleri, kullan\u0131m \u00f6mr\u00fcn\u00fc uzat\u0131r.<\/p>\n<p>Kendili\u011finden ya\u015flanma<\/p>\n<p>Kendili\u011finden ya\u015flanma, t\u00fcm \u00fc\u00e7 fazl\u0131 UPS&#8217;lerde uygulanan geli\u015fmi\u015f bir i\u015flevdir. Kendili\u011finden ya\u015flanma i\u015flevi, ger\u00e7ek y\u00fck olmadan farkl\u0131 y\u00fck durumlar\u0131nda UPS&#8217;i test edebilir ve %90&#8217;dan fazla enerji tasarrufu sa\u011flar. Herhangi bir ger\u00e7ek y\u00fcke ba\u011flanmadan farkl\u0131 y\u00fck ko\u015fullar\u0131n\u0131 sim\u00fcle ederek %90&#8217;dan fazla enerji tasarrufu sa\u011flar. Hem tek hem de \u00e7ift giri\u015f ba\u011flant\u0131s\u0131nda mevcuttur. Sahada ayar desteklenir, fabrika testi i\u00e7in kolayd\u0131r.<\/p>\n<p>Programlanabilir Kuru Kontrol<\/p>\n<p>Programlanabilir kuru kontaklar t\u00fcm RM ve MST-Pro serisi UPS&#8217;lerde mevcuttur. M\u00fc\u015fteriler her bir pinin tan\u0131m\u0131n\u0131 kolayca geni\u015fletebilir veya de\u011fi\u015ftirebilir. \u00dc\u00e7 giri\u015f ve d\u00f6rt \u00e7\u0131k\u0131\u015fa sahip bol se\u00e7enek, hepsi programlanabilir. Kolay ayar, sadece -a\u015fa\u011f\u0131 men\u00fcy\u00fc \u00e7ekin ve ayarlay\u0131n. T\u00fcm RM ve MST-Pro ile uyumludur.<\/p>\n","protected":false},"excerpt":{"rendered":"<p>MTR-RM Mod\u00fcler Online UPS 25-600 KVA (25 ve 30 KVA Mod\u00fcl) (380V\/400V\/415V) \u00dcr\u00fcn RM serisi mod\u00fcler UPS, 900 kVA maksimum<\/p>\n","protected":false},"featured_media":10237,"comment_status":"open","ping_status":"closed","template":"","meta":[],"product_cat":[158,179,155],"product_tag":[],"class_list":{"0":"post-10235","1":"product","2":"type-product","3":"status-publish","4":"has-post-thumbnail","6":"product_cat-modular-ups-tr","7":"product_cat-uninteruptible-power-supply-tr","8":"product_cat-ups-tr","10":"first","11":"instock","12":"shipping-taxable","13":"product-type-external"},"_links":{"self":[{"href":"https:\/\/epi-ups.com.tr\/tr\/wp-json\/wp\/v2\/product\/10235","targetHints":{"allow":["GET"]}}],"collection":[{"href":"https:\/\/epi-ups.com.tr\/tr\/wp-json\/wp\/v2\/product"}],"about":[{"href":"https:\/\/epi-ups.com.tr\/tr\/wp-json\/wp\/v2\/types\/product"}],"replies":[{"embeddable":true,"href":"https:\/\/epi-ups.com.tr\/tr\/wp-json\/wp\/v2\/comments?post=10235"}],"wp:featuredmedia":[{"embeddable":true,"href":"https:\/\/epi-ups.com.tr\/tr\/wp-json\/wp\/v2\/media\/10237"}],"wp:attachment":[{"href":"https:\/\/epi-ups.com.tr\/tr\/wp-json\/wp\/v2\/media?parent=10235"}],"wp:term":[{"taxonomy":"product_cat","embeddable":true,"href":"https:\/\/epi-ups.com.tr\/tr\/wp-json\/wp\/v2\/product_cat?post=10235"},{"taxonomy":"product_tag","embeddable":true,"href":"https:\/\/epi-ups.com.tr\/tr\/wp-json\/wp\/v2\/product_tag?post=10235"}],"curies":[{"name":"wp","href":"https:\/\/api.w.org\/{rel}","templated":true}]}}