{"id":10233,"date":"2025-01-13T21:11:35","date_gmt":"2025-01-13T21:11:35","guid":{"rendered":"https:\/\/epi-ups.com.tr\/product\/e-lite-series-4503000va\/"},"modified":"2025-01-23T11:28:56","modified_gmt":"2025-01-23T11:28:56","slug":"e-lite-series-4503000va","status":"publish","type":"product","link":"https:\/\/epi-ups.com.tr\/tr\/product\/e-lite-series-4503000va\/","title":{"rendered":"e-Lite Series 450~3000VA"},"content":{"rendered":"<p>e-Lite Serisi<br \/>\n450VA~3000VA (1\/1)<br \/>\nLine Interactive<\/p>\n<p>\u00dcr\u00fcn:<\/p>\n<p>e-lite Serisi 450-650-850-1000-1200VA-1500-2200 modellerini i\u00e7erir. Dahili Otomatik Voltaj Reg\u00fclat\u00f6r\u00fc ile y\u00fck, stabilize kesinti, sarkma ve dalgalanmalardan korunur. Ve t\u00fcm g\u00fcn boyunca ani y\u00fckselmeler ve ge\u00e7ici ak\u0131mlar i\u00e7in alternatif ak\u0131m dalgalanma korumalar\u0131. E-lite serisi, y\u00fcksek verimlilik ve y\u00fcksek g\u00fcvenilirlik ile Hat etkile\u015fimli kullan\u0131r.<\/p>\n<p>\u015eebeke ar\u0131zaland\u0131\u011f\u0131nda, y\u00fck, ba\u011fl\u0131 y\u00fcklere yeterli \u00e7al\u0131\u015fma s\u00fcresi sa\u011flamak i\u00e7in sahte sin\u00fcs dalgas\u0131 ile invert\u00f6r taraf\u0131ndan beslenir.<\/p>\n<p>Atmosferik bozukluklar\u0131n bast\u0131r\u0131lmas\u0131 i\u00e7in AVR ve EMI filtreleri kullan\u0131larak \u015febeke g\u00fc\u00e7 kayna\u011f\u0131n\u0131n stabilizasyonu ve filtrelenmesi<br \/>\n\u015eebeke elektri\u011fi yokken UPS&#8217;i a\u00e7abilme (So\u011fuk Ba\u015flatma)<br \/>\nDahili pil testi ile y\u00fcksek g\u00fcvenilirlik<br \/>\nOtomatik yeniden ba\u015flatma (\u015febeke g\u00fcc\u00fc geri geldi\u011finde, piller bo\u015fald\u0131ktan sonra)<br \/>\nY\u00fcklere g\u00fc\u00e7 sa\u011flamak i\u00e7in iki IEC kablosu ile birlikte verilir<br \/>\n\u00d6zellikler<br \/>\nLine Interactive<br \/>\nY\u00fcksek verimlilik ve g\u00fcvenilirlik<br \/>\nY\u00fcksek giri\u015f gerilimi ve frekans pencereleri<br \/>\nDahili Otomatik Voltaj Reg\u00fclat\u00f6r\u00fc ve Stabilizat\u00f6r Voltaj \u00c7\u0131k\u0131\u015f\u0131 LED G\u00f6stergesi<br \/>\nT\u00fcm g\u00fcn Hat \u00fczerinde alternatif ak\u0131m a\u015f\u0131r\u0131 gerilim korumas\u0131<br \/>\nDalga Filtreleme ve G\u00fcr\u00fclt\u00fc \u0130zolasyonu<br \/>\nK\u0131sa Devre ve A\u015f\u0131r\u0131 Y\u00fck Korumas\u0131<br \/>\nUPS kapal\u0131 modunda otomatik \u015farj<br \/>\nBa\u015flang\u0131\u00e7ta otomatik kendi kendini alg\u0131lama<br \/>\nG\u00fc\u00e7 a\u00e7\u0131ld\u0131\u011f\u0131nda otomatik yeniden ba\u015flatma<br \/>\nSo\u011fuk \u00c7al\u0131\u015ft\u0131rma \u00d6zelli\u011fi<br \/>\nRS 232 Haberle\u015fme Aray\u00fcz\u00fc<br \/>\nOpsiyonel UPS \u0130zleme Yaz\u0131l\u0131m\u0131<\/p>\n","protected":false},"excerpt":{"rendered":"<p>e-Lite Serisi 450VA~3000VA (1\/1) Line Interactive \u00dcr\u00fcn: e-lite Serisi 450-650-850-1000-1200VA-1500-2200 modellerini i\u00e7erir. Dahili Otomatik Voltaj Reg\u00fclat\u00f6r\u00fc ile y\u00fck, stabilize kesinti,<\/p>\n","protected":false},"featured_media":10234,"comment_status":"open","ping_status":"closed","template":"","meta":[],"product_cat":[156,155],"product_tag":[],"class_list":{"0":"post-10233","1":"product","2":"type-product","3":"status-publish","4":"has-post-thumbnail","6":"product_cat-line-interactive-ups-tr","7":"product_cat-ups-tr","9":"first","10":"instock","11":"shipping-taxable","12":"product-type-external"},"_links":{"self":[{"href":"https:\/\/epi-ups.com.tr\/tr\/wp-json\/wp\/v2\/product\/10233","targetHints":{"allow":["GET"]}}],"collection":[{"href":"https:\/\/epi-ups.com.tr\/tr\/wp-json\/wp\/v2\/product"}],"about":[{"href":"https:\/\/epi-ups.com.tr\/tr\/wp-json\/wp\/v2\/types\/product"}],"replies":[{"embeddable":true,"href":"https:\/\/epi-ups.com.tr\/tr\/wp-json\/wp\/v2\/comments?post=10233"}],"wp:featuredmedia":[{"embeddable":true,"href":"https:\/\/epi-ups.com.tr\/tr\/wp-json\/wp\/v2\/media\/10234"}],"wp:attachment":[{"href":"https:\/\/epi-ups.com.tr\/tr\/wp-json\/wp\/v2\/media?parent=10233"}],"wp:term":[{"taxonomy":"product_cat","embeddable":true,"href":"https:\/\/epi-ups.com.tr\/tr\/wp-json\/wp\/v2\/product_cat?post=10233"},{"taxonomy":"product_tag","embeddable":true,"href":"https:\/\/epi-ups.com.tr\/tr\/wp-json\/wp\/v2\/product_tag?post=10233"}],"curies":[{"name":"wp","href":"https:\/\/api.w.org\/{rel}","templated":true}]}}