{"id":10231,"date":"2025-01-13T21:12:40","date_gmt":"2025-01-13T21:12:40","guid":{"rendered":"https:\/\/epi-ups.com.tr\/product\/lite-series-500-3000va\/"},"modified":"2025-02-22T18:20:38","modified_gmt":"2025-02-22T18:20:38","slug":"lite-series-500-3000va","status":"publish","type":"product","link":"https:\/\/epi-ups.com.tr\/tr\/product\/lite-series-500-3000va\/","title":{"rendered":"Lite Series 500 3000VA"},"content":{"rendered":"<p><strong>Lite Serisi<\/strong><br \/>\n<strong>500 &#8211; 3000 VA<\/strong><br \/>\n<strong>Line Interactive<\/strong><\/p>\n<p><strong>\u00dcr\u00fcn<\/strong><\/p>\n<p>Lite Serisi 500-600-800-1000-1200VA-1500 VA modellerini i\u00e7erir. Ki\u015fisel bilgisayarlar\u0131n\u0131z\u0131n g\u00fcc\u00fcn\u00fc korumak i\u00e7in tasarlanan bu \u00fcr\u00fcn, k\u00fc\u00e7\u00fck ve ekonomik bir pakette kapsaml\u0131 koruma sa\u011flar. Sadece dalgalanmalara ve ani y\u00fckselmelere kar\u015f\u0131 daha kapsaml\u0131 g\u00fc\u00e7 korumas\u0131 sunmakla kalmaz, ayn\u0131 zamanda dahili Otomatik Voltaj Reg\u00fclat\u00f6r\u00fc ile saf voltaj sa\u011flar. UPS, ba\u011fl\u0131 ekipmana temiz ve dengeli g\u00fc\u00e7 sa\u011flamaya devam ederken, g\u00f6m\u00fcl\u00fc mikroi\u015flemci kontrol\u00f6r\u00fc, herhangi bir ev veya k\u00fc\u00e7\u00fck ofis uygulamas\u0131 i\u00e7in m\u00fckemmel olan y\u00fcksek g\u00fcvenilirli\u011fi garanti eder.<\/p>\n<p>Lite serisi, y\u00fcksek verimlilik ve y\u00fcksek g\u00fcvenilirlik ile Line Interactive kullan\u0131r.<\/p>\n<p>Y\u00fck \u015febekeden beslendi\u011finde, otomatik voltaj reg\u00fclat\u00f6r\u00fc (AVR) ve EMI filtreleri g\u00fcc\u00fc dengeler ve atmosferik bozukluklar\u0131 bast\u0131r\u0131r. \u015eebeke ar\u0131zaland\u0131\u011f\u0131nda y\u00fck, bilgisayar sisteminin kapat\u0131lmas\u0131 i\u00e7in yeterli \u00e7al\u0131\u015fma s\u00fcresi sa\u011flamak \u00fczere s\u00f6zde sin\u00fcs dalgal\u0131 bir invert\u00f6rden beslenir.<\/p>\n<p><strong>\u00d6zellikler<\/strong><\/p>\n<p>&#8211; Voltaj stabilizasyonu i\u00e7in geli\u015fmi\u015f AVR<br \/>\n&#8211; CPU kontroll\u00fc<br \/>\n&#8211; Klima d\u00fczeldi\u011finde otomatik yeniden ba\u015flatma<br \/>\n&#8211; Sessizlik kurulumu<br \/>\n&#8211; Otomatik \u015farj (\u00e7evrimd\u0131\u015f\u0131 \u015farj)<br \/>\n&#8211; Ak\u00fc d\u00fc\u015f\u00fck voltaj korumas\u0131<br \/>\n&#8211; A\u015f\u0131r\u0131 y\u00fck ve k\u0131sa devre korumas\u0131<br \/>\n&#8211; Geni\u015f giri\u015f voltaj aral\u0131\u011f\u0131<br \/>\n&#8211; Se\u00e7im i\u00e7in LED ve LCD paneller sunar<br \/>\n&#8211; \u0130ste\u011fe ba\u011fl\u0131 USB\/RS232\/RJ45 ileti\u015fim portu<\/p>\n<p><strong>Uygulama<\/strong><\/p>\n<p>&#8211; Ki\u015fisel bilgisayar<br \/>\n&#8211; TV\/FAN\/Mikrodalga f\u0131r\u0131n\/\u00c7ama\u015f\u0131r makinesi<br \/>\n&#8211; Klima<br \/>\n&#8211; Buzdolab\u0131\/Dondurucu<br \/>\n&#8211; POS terminalleri<br \/>\n&#8211; G\u00fcvenlik sistemi<br \/>\n&#8211; Sunucular ve i\u015f istasyonlar\u0131<br \/>\n&#8211; Faks makinesi<\/p>\n","protected":false},"excerpt":{"rendered":"<p>Lite Serisi 500 &#8211; 3000 VA Line Interactive \u00dcr\u00fcn Lite Serisi 500-600-800-1000-1200VA-1500 VA modellerini i\u00e7erir. Ki\u015fisel bilgisayarlar\u0131n\u0131z\u0131n g\u00fcc\u00fcn\u00fc korumak i\u00e7in<\/p>\n","protected":false},"featured_media":10232,"comment_status":"open","ping_status":"closed","template":"","meta":[],"product_cat":[156,179,155],"product_tag":[],"class_list":{"0":"post-10231","1":"product","2":"type-product","3":"status-publish","4":"has-post-thumbnail","6":"product_cat-line-interactive-ups-tr","7":"product_cat-uninteruptible-power-supply-tr","8":"product_cat-ups-tr","10":"first","11":"instock","12":"shipping-taxable","13":"product-type-external"},"_links":{"self":[{"href":"https:\/\/epi-ups.com.tr\/tr\/wp-json\/wp\/v2\/product\/10231","targetHints":{"allow":["GET"]}}],"collection":[{"href":"https:\/\/epi-ups.com.tr\/tr\/wp-json\/wp\/v2\/product"}],"about":[{"href":"https:\/\/epi-ups.com.tr\/tr\/wp-json\/wp\/v2\/types\/product"}],"replies":[{"embeddable":true,"href":"https:\/\/epi-ups.com.tr\/tr\/wp-json\/wp\/v2\/comments?post=10231"}],"wp:featuredmedia":[{"embeddable":true,"href":"https:\/\/epi-ups.com.tr\/tr\/wp-json\/wp\/v2\/media\/10232"}],"wp:attachment":[{"href":"https:\/\/epi-ups.com.tr\/tr\/wp-json\/wp\/v2\/media?parent=10231"}],"wp:term":[{"taxonomy":"product_cat","embeddable":true,"href":"https:\/\/epi-ups.com.tr\/tr\/wp-json\/wp\/v2\/product_cat?post=10231"},{"taxonomy":"product_tag","embeddable":true,"href":"https:\/\/epi-ups.com.tr\/tr\/wp-json\/wp\/v2\/product_tag?post=10231"}],"curies":[{"name":"wp","href":"https:\/\/api.w.org\/{rel}","templated":true}]}}